{"id":17165,"date":"2020-03-19T23:02:00","date_gmt":"2020-03-19T22:02:00","guid":{"rendered":"http:\/\/ophtalmologue-nord.fr\/?page_id=17165"},"modified":"2020-10-27T23:02:44","modified_gmt":"2020-10-27T22:02:44","slug":"laser-femtoseconde-ldv-crystal-line-de-ziemer-made-in-swiss","status":"publish","type":"page","link":"https:\/\/ophtalmo-bw.be\/en\/laser-femtoseconde-ldv-crystal-line-de-ziemer-made-in-swiss\/","title":{"rendered":"Laser FEMTOSECONDE, LDV Crystal Line de ZIEMER (made in Swiss)"},"content":{"rendered":"<style type=\"text\/css\"><\/style>\n<section class=\"kc-elm kc-css-124824 kc_row\">\n<div class=\"kc-row-container  kc-container\">\n<div class=\"kc-wrap-columns\">\n<div class=\"kc-elm kc-css-52426 kc_column kc_col-sm-12\">\n<div class=\"kc-col-container\">\n<div class=\"kc-elm kc-css-676487 kc_text_block\">\n<p><img fetchpriority=\"high\" decoding=\"async\" class=\"alignnone size-medium wp-image-17197\" src=\"http:\/\/ophtalmologue-nord.fr\/wp-content\/uploads\/2020\/03\/Ziemer-62045_ebenen_RZ_RGB_small_25p-1-229x300.jpg\" alt=\"\" width=\"229\" height=\"300\" \/><\/p>\n<p>Le laser LDV Crystal Line de Ziemer (made in Swiss) est un laser femtoseconde qui permet, lors de traitements au laser, de cr\u00e9er un volet corn\u00e9en de 110 microns au moyen d&#039;\u00e9nergie d\u00e9livr\u00e9e \u00e0 un endroit ultra pr\u00e9cis, en quelques secondes.<\/p>\n<p>Ce laser permet d&#039;\u00e9viter des complications (rares heureusement et ne se voient quasiment plus) qui peuvent se produire lorsque le volet est cr\u00e9\u00e9 en utilisant un k\u00e9ratotome m\u00e9canique.<br \/>Cette technique est appel\u00e9e femto-LASIK.<\/p>\n<p><!--[if lt IE 9]><script>document.createElement('video');<\/script><![endif]--><\/p>\n<div class=\"wp-playlist wp-video-playlist wp-playlist-light\">\n\t\t<video controls=\"controls\" preload=\"none\" width=\"\n\t\t\t\t1118\t\"\n\t height=\"629\"\t><\/video><\/p>\n<div class=\"wp-playlist-next\"><\/div>\n<div class=\"wp-playlist-prev\"><\/div>\n<p>\t<noscript><\/p>\n<ol>\n<li><a href='https:\/\/ophtalmo-bw.be\/wp-content\/uploads\/2020\/03\/Z-lazik-patient-FR-3.wmv'><img loading=\"lazy\" decoding=\"async\" width=\"2000\" height=\"1000\" src=\"https:\/\/ophtalmo-bw.be\/wp-content\/plugins\/kingcomposer\/assets\/images\/get_start.jpg\" class=\"attachment-thumbnail size-thumbnail\" alt=\"\" loading=\"lazy\" \/><\/a><\/li>\n<\/ol>\n<p>\t<\/noscript><br \/>\n\t<script type=\"application\/json\" class=\"wp-playlist-script\">{\"type\":\"video\",\"tracklist\":true,\"tracknumbers\":true,\"images\":true,\"artists\":true,\"tracks\":[{\"src\":\"https:\\\/\\\/ophtalmo-bw.be\\\/wp-content\\\/uploads\\\/2020\\\/03\\\/Z-lazik-patient-FR-3.wmv\",\"type\":\"video\\\/x-ms-wmv\",\"title\":\"Z lazik patient FR\",\"caption\":\"\",\"description\":\"\",\"meta\":{\"length_formatted\":\"2:39\"},\"dimensions\":{\"original\":{\"width\":1024,\"height\":576},\"resized\":{\"width\":1118,\"height\":629}},\"image\":{\"src\":\"https:\\\/\\\/ophtalmo-bw.be\\\/wp-includes\\\/images\\\/media\\\/video.png\",\"width\":48,\"height\":64},\"thumb\":{\"src\":\"https:\\\/\\\/ophtalmo-bw.be\\\/wp-includes\\\/images\\\/media\\\/video.png\",\"width\":48,\"height\":64}}]}<\/script>\n<\/div>\n<\/p>\n<\/div>\n<\/div>\n<\/div>\n<\/div>\n<\/div>\n<\/section>\n","protected":false},"excerpt":{"rendered":"<p>Le laser LDV Crystal Line de Ziemer (made in Swiss) est un laser femtoseconde qui permet, lors de traitements au laser, de cr\u00e9er un volet corn\u00e9en de 110 microns au moyen d&#039;\u00e9nergie d\u00e9livr\u00e9e \u00e0 un endroit ultra pr\u00e9cis, en quelques<\/p>","protected":false},"author":4,"featured_media":0,"parent":0,"menu_order":0,"comment_status":"closed","ping_status":"closed","template":"","meta":{"footnotes":""},"class_list":["post-17165","page","type-page","status-publish","hentry"],"yoast_head":"<!-- This site is optimized with the Yoast SEO plugin v27.3 - https:\/\/yoast.com\/product\/yoast-seo-wordpress\/ -->\n<title>Laser FEMTOSECONDE, LDV Crystal Line de ZIEMER (made in Swiss) - Ophtalmo-BW.be<\/title>\n<meta name=\"robots\" content=\"index, follow, max-snippet:-1, max-image-preview:large, max-video-preview:-1\" \/>\n<link rel=\"canonical\" href=\"https:\/\/ophtalmo-bw.be\/en\/laser-femtoseconde-ldv-crystal-line-de-ziemer-made-in-swiss\/\" \/>\n<meta property=\"og:locale\" content=\"en_GB\" \/>\n<meta property=\"og:type\" content=\"article\" \/>\n<meta property=\"og:title\" content=\"Laser FEMTOSECONDE, LDV Crystal Line de ZIEMER (made in Swiss) - Ophtalmo-BW.be\" \/>\n<meta property=\"og:description\" content=\"Le laser LDV Crystal Line de Ziemer (made in Swiss) est un laser femtoseconde qui permet, lors de traitements au laser, de cr\u00e9er un volet corn\u00e9en de 110 microns au moyen d&#039;\u00e9nergie d\u00e9livr\u00e9e \u00e0 un endroit ultra pr\u00e9cis, en quelques\" \/>\n<meta property=\"og:url\" content=\"https:\/\/ophtalmo-bw.be\/en\/laser-femtoseconde-ldv-crystal-line-de-ziemer-made-in-swiss\/\" \/>\n<meta property=\"og:site_name\" content=\"Ophtalmo-BW.be\" \/>\n<meta property=\"article:modified_time\" content=\"2020-10-27T22:02:44+00:00\" \/>\n<meta property=\"og:image\" content=\"http:\/\/ophtalmologue-nord.fr\/wp-content\/uploads\/2020\/03\/Ziemer-62045_ebenen_RZ_RGB_small_25p-1-229x300.jpg\" \/>\n<meta name=\"twitter:card\" content=\"summary_large_image\" \/>\n<script type=\"application\/ld+json\" class=\"yoast-schema-graph\">{\"@context\":\"https:\\\/\\\/schema.org\",\"@graph\":[{\"@type\":\"WebPage\",\"@id\":\"https:\\\/\\\/ophtalmo-bw.be\\\/laser-femtoseconde-ldv-crystal-line-de-ziemer-made-in-swiss\\\/\",\"url\":\"https:\\\/\\\/ophtalmo-bw.be\\\/laser-femtoseconde-ldv-crystal-line-de-ziemer-made-in-swiss\\\/\",\"name\":\"Laser FEMTOSECONDE, LDV Crystal Line de ZIEMER (made in Swiss) - Ophtalmo-BW.be\",\"isPartOf\":{\"@id\":\"https:\\\/\\\/ophtalmo-bw.be\\\/#website\"},\"primaryImageOfPage\":{\"@id\":\"https:\\\/\\\/ophtalmo-bw.be\\\/laser-femtoseconde-ldv-crystal-line-de-ziemer-made-in-swiss\\\/#primaryimage\"},\"image\":{\"@id\":\"https:\\\/\\\/ophtalmo-bw.be\\\/laser-femtoseconde-ldv-crystal-line-de-ziemer-made-in-swiss\\\/#primaryimage\"},\"thumbnailUrl\":\"http:\\\/\\\/ophtalmologue-nord.fr\\\/wp-content\\\/uploads\\\/2020\\\/03\\\/Ziemer-62045_ebenen_RZ_RGB_small_25p-1-229x300.jpg\",\"datePublished\":\"2020-03-19T22:02:00+00:00\",\"dateModified\":\"2020-10-27T22:02:44+00:00\",\"breadcrumb\":{\"@id\":\"https:\\\/\\\/ophtalmo-bw.be\\\/laser-femtoseconde-ldv-crystal-line-de-ziemer-made-in-swiss\\\/#breadcrumb\"},\"inLanguage\":\"en-GB\",\"potentialAction\":[{\"@type\":\"ReadAction\",\"target\":[\"https:\\\/\\\/ophtalmo-bw.be\\\/laser-femtoseconde-ldv-crystal-line-de-ziemer-made-in-swiss\\\/\"]}]},{\"@type\":\"ImageObject\",\"inLanguage\":\"en-GB\",\"@id\":\"https:\\\/\\\/ophtalmo-bw.be\\\/laser-femtoseconde-ldv-crystal-line-de-ziemer-made-in-swiss\\\/#primaryimage\",\"url\":\"http:\\\/\\\/ophtalmologue-nord.fr\\\/wp-content\\\/uploads\\\/2020\\\/03\\\/Ziemer-62045_ebenen_RZ_RGB_small_25p-1-229x300.jpg\",\"contentUrl\":\"http:\\\/\\\/ophtalmologue-nord.fr\\\/wp-content\\\/uploads\\\/2020\\\/03\\\/Ziemer-62045_ebenen_RZ_RGB_small_25p-1-229x300.jpg\"},{\"@type\":\"BreadcrumbList\",\"@id\":\"https:\\\/\\\/ophtalmo-bw.be\\\/laser-femtoseconde-ldv-crystal-line-de-ziemer-made-in-swiss\\\/#breadcrumb\",\"itemListElement\":[{\"@type\":\"ListItem\",\"position\":1,\"name\":\"Accueil\",\"item\":\"https:\\\/\\\/ophtalmo-bw.be\\\/\"},{\"@type\":\"ListItem\",\"position\":2,\"name\":\"Laser FEMTOSECONDE, LDV Crystal Line de ZIEMER (made in Swiss)\"}]},{\"@type\":\"WebSite\",\"@id\":\"https:\\\/\\\/ophtalmo-bw.be\\\/#website\",\"url\":\"https:\\\/\\\/ophtalmo-bw.be\\\/\",\"name\":\"Ophtalmo-BW.be\",\"description\":\"Centre Ophtalmologique 100% laser Brabant Wallon\",\"publisher\":{\"@id\":\"https:\\\/\\\/ophtalmo-bw.be\\\/#organization\"},\"potentialAction\":[{\"@type\":\"SearchAction\",\"target\":{\"@type\":\"EntryPoint\",\"urlTemplate\":\"https:\\\/\\\/ophtalmo-bw.be\\\/?s={search_term_string}\"},\"query-input\":{\"@type\":\"PropertyValueSpecification\",\"valueRequired\":true,\"valueName\":\"search_term_string\"}}],\"inLanguage\":\"en-GB\"},{\"@type\":\"Organization\",\"@id\":\"https:\\\/\\\/ophtalmo-bw.be\\\/#organization\",\"name\":\"Ophtalmo-BW.be\",\"url\":\"https:\\\/\\\/ophtalmo-bw.be\\\/\",\"logo\":{\"@type\":\"ImageObject\",\"inLanguage\":\"en-GB\",\"@id\":\"https:\\\/\\\/ophtalmo-bw.be\\\/#\\\/schema\\\/logo\\\/image\\\/\",\"url\":\"https:\\\/\\\/ophtalmo-bw.be\\\/wp-content\\\/uploads\\\/2020\\\/09\\\/logo-min.png\",\"contentUrl\":\"https:\\\/\\\/ophtalmo-bw.be\\\/wp-content\\\/uploads\\\/2020\\\/09\\\/logo-min.png\",\"width\":106,\"height\":62,\"caption\":\"Ophtalmo-BW.be\"},\"image\":{\"@id\":\"https:\\\/\\\/ophtalmo-bw.be\\\/#\\\/schema\\\/logo\\\/image\\\/\"}}]}<\/script>\n<!-- \/ Yoast SEO plugin. -->","yoast_head_json":{"title":"Laser FEMTOSECONDE, LDV Crystal Line de ZIEMER (made in Swiss) - Ophtalmo-BW.be","robots":{"index":"index","follow":"follow","max-snippet":"max-snippet:-1","max-image-preview":"max-image-preview:large","max-video-preview":"max-video-preview:-1"},"canonical":"https:\/\/ophtalmo-bw.be\/en\/laser-femtoseconde-ldv-crystal-line-de-ziemer-made-in-swiss\/","og_locale":"en_GB","og_type":"article","og_title":"Laser FEMTOSECONDE, LDV Crystal Line de ZIEMER (made in Swiss) - Ophtalmo-BW.be","og_description":"Le laser LDV Crystal Line de Ziemer (made in Swiss) est un laser femtoseconde qui permet, lors de traitements au laser, de cr\u00e9er un volet corn\u00e9en de 110 microns au moyen d&#039;\u00e9nergie d\u00e9livr\u00e9e \u00e0 un endroit ultra pr\u00e9cis, en quelques","og_url":"https:\/\/ophtalmo-bw.be\/en\/laser-femtoseconde-ldv-crystal-line-de-ziemer-made-in-swiss\/","og_site_name":"Ophtalmo-BW.be","article_modified_time":"2020-10-27T22:02:44+00:00","og_image":[{"url":"http:\/\/ophtalmologue-nord.fr\/wp-content\/uploads\/2020\/03\/Ziemer-62045_ebenen_RZ_RGB_small_25p-1-229x300.jpg","type":"","width":"","height":""}],"twitter_card":"summary_large_image","schema":{"@context":"https:\/\/schema.org","@graph":[{"@type":"WebPage","@id":"https:\/\/ophtalmo-bw.be\/laser-femtoseconde-ldv-crystal-line-de-ziemer-made-in-swiss\/","url":"https:\/\/ophtalmo-bw.be\/laser-femtoseconde-ldv-crystal-line-de-ziemer-made-in-swiss\/","name":"Laser FEMTOSECONDE, LDV Crystal Line de ZIEMER (made in Swiss) - Ophtalmo-BW.be","isPartOf":{"@id":"https:\/\/ophtalmo-bw.be\/#website"},"primaryImageOfPage":{"@id":"https:\/\/ophtalmo-bw.be\/laser-femtoseconde-ldv-crystal-line-de-ziemer-made-in-swiss\/#primaryimage"},"image":{"@id":"https:\/\/ophtalmo-bw.be\/laser-femtoseconde-ldv-crystal-line-de-ziemer-made-in-swiss\/#primaryimage"},"thumbnailUrl":"http:\/\/ophtalmologue-nord.fr\/wp-content\/uploads\/2020\/03\/Ziemer-62045_ebenen_RZ_RGB_small_25p-1-229x300.jpg","datePublished":"2020-03-19T22:02:00+00:00","dateModified":"2020-10-27T22:02:44+00:00","breadcrumb":{"@id":"https:\/\/ophtalmo-bw.be\/laser-femtoseconde-ldv-crystal-line-de-ziemer-made-in-swiss\/#breadcrumb"},"inLanguage":"en-GB","potentialAction":[{"@type":"ReadAction","target":["https:\/\/ophtalmo-bw.be\/laser-femtoseconde-ldv-crystal-line-de-ziemer-made-in-swiss\/"]}]},{"@type":"ImageObject","inLanguage":"en-GB","@id":"https:\/\/ophtalmo-bw.be\/laser-femtoseconde-ldv-crystal-line-de-ziemer-made-in-swiss\/#primaryimage","url":"http:\/\/ophtalmologue-nord.fr\/wp-content\/uploads\/2020\/03\/Ziemer-62045_ebenen_RZ_RGB_small_25p-1-229x300.jpg","contentUrl":"http:\/\/ophtalmologue-nord.fr\/wp-content\/uploads\/2020\/03\/Ziemer-62045_ebenen_RZ_RGB_small_25p-1-229x300.jpg"},{"@type":"BreadcrumbList","@id":"https:\/\/ophtalmo-bw.be\/laser-femtoseconde-ldv-crystal-line-de-ziemer-made-in-swiss\/#breadcrumb","itemListElement":[{"@type":"ListItem","position":1,"name":"Accueil","item":"https:\/\/ophtalmo-bw.be\/"},{"@type":"ListItem","position":2,"name":"Laser FEMTOSECONDE, LDV Crystal Line de ZIEMER (made in Swiss)"}]},{"@type":"WebSite","@id":"https:\/\/ophtalmo-bw.be\/#website","url":"https:\/\/ophtalmo-bw.be\/","name":"Ophtalmo-BW.be","description":"Centre Ophtalmologique 100% laser Brabant Wallon","publisher":{"@id":"https:\/\/ophtalmo-bw.be\/#organization"},"potentialAction":[{"@type":"SearchAction","target":{"@type":"EntryPoint","urlTemplate":"https:\/\/ophtalmo-bw.be\/?s={search_term_string}"},"query-input":{"@type":"PropertyValueSpecification","valueRequired":true,"valueName":"search_term_string"}}],"inLanguage":"en-GB"},{"@type":"Organization","@id":"https:\/\/ophtalmo-bw.be\/#organization","name":"Ophtalmo-BW.be","url":"https:\/\/ophtalmo-bw.be\/","logo":{"@type":"ImageObject","inLanguage":"en-GB","@id":"https:\/\/ophtalmo-bw.be\/#\/schema\/logo\/image\/","url":"https:\/\/ophtalmo-bw.be\/wp-content\/uploads\/2020\/09\/logo-min.png","contentUrl":"https:\/\/ophtalmo-bw.be\/wp-content\/uploads\/2020\/09\/logo-min.png","width":106,"height":62,"caption":"Ophtalmo-BW.be"},"image":{"@id":"https:\/\/ophtalmo-bw.be\/#\/schema\/logo\/image\/"}}]}},"jetpack_sharing_enabled":true,"jetpack_likes_enabled":false,"_links":{"self":[{"href":"https:\/\/ophtalmo-bw.be\/en\/wp-json\/wp\/v2\/pages\/17165","targetHints":{"allow":["GET"]}}],"collection":[{"href":"https:\/\/ophtalmo-bw.be\/en\/wp-json\/wp\/v2\/pages"}],"about":[{"href":"https:\/\/ophtalmo-bw.be\/en\/wp-json\/wp\/v2\/types\/page"}],"author":[{"embeddable":true,"href":"https:\/\/ophtalmo-bw.be\/en\/wp-json\/wp\/v2\/users\/4"}],"replies":[{"embeddable":true,"href":"https:\/\/ophtalmo-bw.be\/en\/wp-json\/wp\/v2\/comments?post=17165"}],"version-history":[{"count":2,"href":"https:\/\/ophtalmo-bw.be\/en\/wp-json\/wp\/v2\/pages\/17165\/revisions"}],"predecessor-version":[{"id":17721,"href":"https:\/\/ophtalmo-bw.be\/en\/wp-json\/wp\/v2\/pages\/17165\/revisions\/17721"}],"wp:attachment":[{"href":"https:\/\/ophtalmo-bw.be\/en\/wp-json\/wp\/v2\/media?parent=17165"}],"curies":[{"name":"wp","href":"https:\/\/api.w.org\/{rel}","templated":true}]}}