{"id":18207,"date":"2021-02-26T09:57:03","date_gmt":"2021-02-26T08:57:03","guid":{"rendered":"https:\/\/ophtalmo-bw.be\/?page_id=18207"},"modified":"2025-11-19T15:47:24","modified_gmt":"2025-11-19T14:47:24","slug":"keratocone","status":"publish","type":"page","link":"https:\/\/ophtalmo-bw.be\/en\/keratocone\/","title":{"rendered":"Keratoconus"},"content":{"rendered":"<p style=\"font-size:18px\">Vision is blurred both at distance and up close. The cornea is thinned and distorted, causing irregular astigmatism and myopia. The image is formed on two different planes. <\/p>\n\n\n\n<figure class=\"wp-block-image size-large\"><img fetchpriority=\"high\" decoding=\"async\" width=\"210\" height=\"239\" src=\"https:\/\/ophtalmo-bw.be\/wp-content\/uploads\/2019\/12\/keratocone-2.jpg\" alt=\"\" class=\"wp-image-17111\"\/><\/figure>\n\n\n\n<p style=\"font-size:18px\" class=\"translation-block\"><strong>Keratoconus<\/strong> is classified into four stages, and its progression may ultimately lead to a corneal transplant.<\/p>\n\n\n\n<p style=\"font-size:18px\">The goal of keratoconus treatment is to regularize astigmatism and correct some of the myopia. When keratoconus is advanced, treatment can also delay the need for a corneal transplant or even eliminate the need for this surgery.<\/p>\n\n\n\n<p style=\"font-size:18px\" class=\"translation-block\">The two gold-standard techniques to date are <strong>intracorneal rings<\/strong> and <strong>Cross-Linking<\/strong> (<strong>CXL<\/strong>).<\/p>\n\n\n\n<p style=\"font-size:18px\" class=\"translation-block\">Indications: <br>At <strong>stage 1<\/strong>, when the cornea is clear with myopia and astigmatism well corrected by glasses or contact lenses (most often soft or rigid), keratoconus can be treated with the <strong>Cross-Linking<\/strong> technique. <br> <br>At <strong>stages 2<\/strong> and <strong>3<\/strong>, when the cornea is still clear but the astigmatism is too severe to be corrected with glasses (only rigid contact lenses allow for effective vision at these stages), keratoconus can be treated by placing <strong>intracorneal rings<\/strong>. <br> <br>At <strong>stage 4<\/strong>, when vision can no longer be corrected with rigid lenses and the cornea shows opacities obstructing vision quality, a corneal transplant is necessary.<\/p>\n\n\n\n<figure class=\"wp-block-embed aligncenter is-type-video is-provider-tiktok wp-block-embed-tiktok\"><div class=\"wp-block-embed__wrapper\">\n<blockquote class=\"tiktok-embed\" cite=\"https:\/\/www.tiktok.com\/@centre.vision.las\/video\/7484670489445616928\" data-video-id=\"7484670489445616928\" data-embed-from=\"oembed\" style=\"max-width:605px; min-width:325px;\"> <section> <a target=\"_blank\" title=\"@centre.vision.las\" href=\"https:\/\/www.tiktok.com\/@centre.vision.las?refer=embed\">@centre.vision.las<\/a> <p>\u26a0\ufe0f ARR\u00caTEZ DE VOUS FROTTER LES YEUX \u26a0\ufe0f <a title=\"ophtalmologie\" target=\"_blank\" href=\"https:\/\/www.tiktok.com\/tag\/ophtalmologie?refer=embed\">#ophtalmologie<\/a> <a title=\"keractone\" target=\"_blank\" href=\"https:\/\/www.tiktok.com\/tag\/keractone?refer=embed\">#keractone<\/a> <a title=\"astigmatisme\" target=\"_blank\" href=\"https:\/\/www.tiktok.com\/tag\/astigmatisme?refer=embed\">#astigmatisme<\/a> <a title=\"lunettesdevue\" target=\"_blank\" href=\"https:\/\/www.tiktok.com\/tag\/lunettesdevue?refer=embed\">#lunettesdevue<\/a> <a title=\"soindesyeux\" target=\"_blank\" href=\"https:\/\/www.tiktok.com\/tag\/soindesyeux?refer=embed\">#soindesyeux<\/a> <a title=\"sant\u00e9desyeux\" target=\"_blank\" href=\"https:\/\/www.tiktok.com\/tag\/sant%C3%A9desyeux?refer=embed\">#sant\u00e9desyeux<\/a> <a title=\"myopie\" target=\"_blank\" href=\"https:\/\/www.tiktok.com\/tag\/myopie?refer=embed\">#myopie<\/a><\/p> <a target=\"_blank\" title=\"\u266c son original - Centre Vision Laser\" href=\"https:\/\/www.tiktok.com\/music\/son-original-7484672394867526433?refer=embed\">\u266c son original &#8211; Centre Vision Laser<\/a> <\/section> <\/blockquote> <script async src=\"https:\/\/www.tiktok.com\/embed.js\"><\/script>\n<\/div><\/figure>\n\n\n\n<figure class=\"wp-block-embed aligncenter is-type-video is-provider-youtube wp-block-embed-youtube wp-embed-aspect-16-9 wp-has-aspect-ratio\"><div class=\"wp-block-embed__wrapper\">\n<iframe title=\"What is Keratoconus? (Keratoconus Eye Disease Explained)\" width=\"720\" height=\"405\" src=\"https:\/\/www.youtube.com\/embed\/kPanFRVV4uM?feature=oembed\" frameborder=\"0\" allow=\"accelerometer; autoplay; clipboard-write; encrypted-media; gyroscope; picture-in-picture; web-share\" referrerpolicy=\"strict-origin-when-cross-origin\" allowfullscreen><\/iframe>\n<\/div><\/figure>","protected":false},"excerpt":{"rendered":"<p>La vision est trouble de loin comme de pr\u00e8s. La corn\u00e9e est amincie et d\u00e9form\u00e9e causant un astigmatisme irr\u00e9gulier et une myopie. L&#8217;image se forme sur deux plans diff\u00e9rents. Le k\u00e9ratoc\u00f4ne est catalogu\u00e9 en quatre stades, son \u00e9volution peut conduire<\/p>","protected":false},"author":8,"featured_media":0,"parent":0,"menu_order":0,"comment_status":"closed","ping_status":"closed","template":"","meta":{"footnotes":""},"class_list":["post-18207","page","type-page","status-publish","hentry"],"yoast_head":"<!-- This site is optimized with the Yoast SEO plugin v27.4 - https:\/\/yoast.com\/product\/yoast-seo-wordpress\/ -->\n<title>K\u00e9ratoc\u00f4ne<\/title>\n<meta name=\"robots\" content=\"index, follow, max-snippet:-1, max-image-preview:large, max-video-preview:-1\" \/>\n<link rel=\"canonical\" href=\"https:\/\/ophtalmo-bw.be\/en\/keratocone\/\" \/>\n<meta property=\"og:locale\" content=\"en_GB\" \/>\n<meta property=\"og:type\" content=\"article\" \/>\n<meta property=\"og:title\" content=\"K\u00e9ratoc\u00f4ne\" \/>\n<meta property=\"og:description\" content=\"La vision est trouble de loin comme de pr\u00e8s. La corn\u00e9e est amincie et d\u00e9form\u00e9e causant un astigmatisme irr\u00e9gulier et une myopie. L&#8217;image se forme sur deux plans diff\u00e9rents. Le k\u00e9ratoc\u00f4ne est catalogu\u00e9 en quatre stades, son \u00e9volution peut conduire\" \/>\n<meta property=\"og:url\" content=\"https:\/\/ophtalmo-bw.be\/en\/keratocone\/\" \/>\n<meta property=\"og:site_name\" content=\"Ophtalmo-BW.be\" \/>\n<meta property=\"article:modified_time\" content=\"2025-11-19T14:47:24+00:00\" \/>\n<meta property=\"og:image\" content=\"https:\/\/ophtalmo-bw.be\/wp-content\/uploads\/2019\/12\/keratocone-2.jpg\" \/>\n\t<meta property=\"og:image:width\" content=\"210\" \/>\n\t<meta property=\"og:image:height\" content=\"239\" \/>\n\t<meta property=\"og:image:type\" content=\"image\/jpeg\" \/>\n<meta name=\"twitter:card\" content=\"summary_large_image\" \/>\n<meta name=\"twitter:label1\" content=\"Estimated reading time\" \/>\n\t<meta name=\"twitter:data1\" content=\"2 minutes\" \/>\n<script type=\"application\/ld+json\" class=\"yoast-schema-graph\">{\"@context\":\"https:\\\/\\\/schema.org\",\"@graph\":[{\"@type\":\"WebPage\",\"@id\":\"https:\\\/\\\/ophtalmo-bw.be\\\/keratocone\\\/\",\"url\":\"https:\\\/\\\/ophtalmo-bw.be\\\/keratocone\\\/\",\"name\":\"K\u00e9ratoc\u00f4ne\",\"isPartOf\":{\"@id\":\"https:\\\/\\\/ophtalmo-bw.be\\\/#website\"},\"primaryImageOfPage\":{\"@id\":\"https:\\\/\\\/ophtalmo-bw.be\\\/keratocone\\\/#primaryimage\"},\"image\":{\"@id\":\"https:\\\/\\\/ophtalmo-bw.be\\\/keratocone\\\/#primaryimage\"},\"thumbnailUrl\":\"https:\\\/\\\/ophtalmo-bw.be\\\/wp-content\\\/uploads\\\/2019\\\/12\\\/keratocone-2.jpg\",\"datePublished\":\"2021-02-26T08:57:03+00:00\",\"dateModified\":\"2025-11-19T14:47:24+00:00\",\"breadcrumb\":{\"@id\":\"https:\\\/\\\/ophtalmo-bw.be\\\/keratocone\\\/#breadcrumb\"},\"inLanguage\":\"en-GB\",\"potentialAction\":[{\"@type\":\"ReadAction\",\"target\":[\"https:\\\/\\\/ophtalmo-bw.be\\\/keratocone\\\/\"]}]},{\"@type\":\"ImageObject\",\"inLanguage\":\"en-GB\",\"@id\":\"https:\\\/\\\/ophtalmo-bw.be\\\/keratocone\\\/#primaryimage\",\"url\":\"https:\\\/\\\/ophtalmo-bw.be\\\/wp-content\\\/uploads\\\/2019\\\/12\\\/keratocone-2.jpg\",\"contentUrl\":\"https:\\\/\\\/ophtalmo-bw.be\\\/wp-content\\\/uploads\\\/2019\\\/12\\\/keratocone-2.jpg\"},{\"@type\":\"BreadcrumbList\",\"@id\":\"https:\\\/\\\/ophtalmo-bw.be\\\/keratocone\\\/#breadcrumb\",\"itemListElement\":[{\"@type\":\"ListItem\",\"position\":1,\"name\":\"Accueil\",\"item\":\"https:\\\/\\\/ophtalmo-bw.be\\\/\"},{\"@type\":\"ListItem\",\"position\":2,\"name\":\"K\u00e9ratoc\u00f4ne\"}]},{\"@type\":\"WebSite\",\"@id\":\"https:\\\/\\\/ophtalmo-bw.be\\\/#website\",\"url\":\"https:\\\/\\\/ophtalmo-bw.be\\\/\",\"name\":\"Ophtalmo-BW.be\",\"description\":\"Centre Ophtalmologique 100% laser Brabant Wallon\",\"publisher\":{\"@id\":\"https:\\\/\\\/ophtalmo-bw.be\\\/#organization\"},\"potentialAction\":[{\"@type\":\"SearchAction\",\"target\":{\"@type\":\"EntryPoint\",\"urlTemplate\":\"https:\\\/\\\/ophtalmo-bw.be\\\/?s={search_term_string}\"},\"query-input\":{\"@type\":\"PropertyValueSpecification\",\"valueRequired\":true,\"valueName\":\"search_term_string\"}}],\"inLanguage\":\"en-GB\"},{\"@type\":\"Organization\",\"@id\":\"https:\\\/\\\/ophtalmo-bw.be\\\/#organization\",\"name\":\"Ophtalmo-BW.be\",\"url\":\"https:\\\/\\\/ophtalmo-bw.be\\\/\",\"logo\":{\"@type\":\"ImageObject\",\"inLanguage\":\"en-GB\",\"@id\":\"https:\\\/\\\/ophtalmo-bw.be\\\/#\\\/schema\\\/logo\\\/image\\\/\",\"url\":\"https:\\\/\\\/ophtalmo-bw.be\\\/wp-content\\\/uploads\\\/2020\\\/09\\\/logo-min.png\",\"contentUrl\":\"https:\\\/\\\/ophtalmo-bw.be\\\/wp-content\\\/uploads\\\/2020\\\/09\\\/logo-min.png\",\"width\":106,\"height\":62,\"caption\":\"Ophtalmo-BW.be\"},\"image\":{\"@id\":\"https:\\\/\\\/ophtalmo-bw.be\\\/#\\\/schema\\\/logo\\\/image\\\/\"}}]}<\/script>\n<!-- \/ Yoast SEO plugin. -->","yoast_head_json":{"title":"Keratoconus","robots":{"index":"index","follow":"follow","max-snippet":"max-snippet:-1","max-image-preview":"max-image-preview:large","max-video-preview":"max-video-preview:-1"},"canonical":"https:\/\/ophtalmo-bw.be\/en\/keratocone\/","og_locale":"en_GB","og_type":"article","og_title":"K\u00e9ratoc\u00f4ne","og_description":"La vision est trouble de loin comme de pr\u00e8s. La corn\u00e9e est amincie et d\u00e9form\u00e9e causant un astigmatisme irr\u00e9gulier et une myopie. L&#8217;image se forme sur deux plans diff\u00e9rents. Le k\u00e9ratoc\u00f4ne est catalogu\u00e9 en quatre stades, son \u00e9volution peut conduire","og_url":"https:\/\/ophtalmo-bw.be\/en\/keratocone\/","og_site_name":"Ophtalmo-BW.be","article_modified_time":"2025-11-19T14:47:24+00:00","og_image":[{"width":210,"height":239,"url":"https:\/\/ophtalmo-bw.be\/wp-content\/uploads\/2019\/12\/keratocone-2.jpg","type":"image\/jpeg"}],"twitter_card":"summary_large_image","twitter_misc":{"Estimated reading time":"2 minutes"},"schema":{"@context":"https:\/\/schema.org","@graph":[{"@type":"WebPage","@id":"https:\/\/ophtalmo-bw.be\/keratocone\/","url":"https:\/\/ophtalmo-bw.be\/keratocone\/","name":"Keratoconus","isPartOf":{"@id":"https:\/\/ophtalmo-bw.be\/#website"},"primaryImageOfPage":{"@id":"https:\/\/ophtalmo-bw.be\/keratocone\/#primaryimage"},"image":{"@id":"https:\/\/ophtalmo-bw.be\/keratocone\/#primaryimage"},"thumbnailUrl":"https:\/\/ophtalmo-bw.be\/wp-content\/uploads\/2019\/12\/keratocone-2.jpg","datePublished":"2021-02-26T08:57:03+00:00","dateModified":"2025-11-19T14:47:24+00:00","breadcrumb":{"@id":"https:\/\/ophtalmo-bw.be\/keratocone\/#breadcrumb"},"inLanguage":"en-GB","potentialAction":[{"@type":"ReadAction","target":["https:\/\/ophtalmo-bw.be\/keratocone\/"]}]},{"@type":"ImageObject","inLanguage":"en-GB","@id":"https:\/\/ophtalmo-bw.be\/keratocone\/#primaryimage","url":"https:\/\/ophtalmo-bw.be\/wp-content\/uploads\/2019\/12\/keratocone-2.jpg","contentUrl":"https:\/\/ophtalmo-bw.be\/wp-content\/uploads\/2019\/12\/keratocone-2.jpg"},{"@type":"BreadcrumbList","@id":"https:\/\/ophtalmo-bw.be\/keratocone\/#breadcrumb","itemListElement":[{"@type":"ListItem","position":1,"name":"Accueil","item":"https:\/\/ophtalmo-bw.be\/"},{"@type":"ListItem","position":2,"name":"K\u00e9ratoc\u00f4ne"}]},{"@type":"WebSite","@id":"https:\/\/ophtalmo-bw.be\/#website","url":"https:\/\/ophtalmo-bw.be\/","name":"Ophtalmo-BW.be","description":"Centre Ophtalmologique 100% laser Brabant Wallon","publisher":{"@id":"https:\/\/ophtalmo-bw.be\/#organization"},"potentialAction":[{"@type":"SearchAction","target":{"@type":"EntryPoint","urlTemplate":"https:\/\/ophtalmo-bw.be\/?s={search_term_string}"},"query-input":{"@type":"PropertyValueSpecification","valueRequired":true,"valueName":"search_term_string"}}],"inLanguage":"en-GB"},{"@type":"Organization","@id":"https:\/\/ophtalmo-bw.be\/#organization","name":"Ophtalmo-BW.be","url":"https:\/\/ophtalmo-bw.be\/","logo":{"@type":"ImageObject","inLanguage":"en-GB","@id":"https:\/\/ophtalmo-bw.be\/#\/schema\/logo\/image\/","url":"https:\/\/ophtalmo-bw.be\/wp-content\/uploads\/2020\/09\/logo-min.png","contentUrl":"https:\/\/ophtalmo-bw.be\/wp-content\/uploads\/2020\/09\/logo-min.png","width":106,"height":62,"caption":"Ophtalmo-BW.be"},"image":{"@id":"https:\/\/ophtalmo-bw.be\/#\/schema\/logo\/image\/"}}]}},"jetpack_sharing_enabled":true,"jetpack_likes_enabled":false,"_links":{"self":[{"href":"https:\/\/ophtalmo-bw.be\/en\/wp-json\/wp\/v2\/pages\/18207","targetHints":{"allow":["GET"]}}],"collection":[{"href":"https:\/\/ophtalmo-bw.be\/en\/wp-json\/wp\/v2\/pages"}],"about":[{"href":"https:\/\/ophtalmo-bw.be\/en\/wp-json\/wp\/v2\/types\/page"}],"author":[{"embeddable":true,"href":"https:\/\/ophtalmo-bw.be\/en\/wp-json\/wp\/v2\/users\/8"}],"replies":[{"embeddable":true,"href":"https:\/\/ophtalmo-bw.be\/en\/wp-json\/wp\/v2\/comments?post=18207"}],"version-history":[{"count":5,"href":"https:\/\/ophtalmo-bw.be\/en\/wp-json\/wp\/v2\/pages\/18207\/revisions"}],"predecessor-version":[{"id":30340,"href":"https:\/\/ophtalmo-bw.be\/en\/wp-json\/wp\/v2\/pages\/18207\/revisions\/30340"}],"wp:attachment":[{"href":"https:\/\/ophtalmo-bw.be\/en\/wp-json\/wp\/v2\/media?parent=18207"}],"curies":[{"name":"wp","href":"https:\/\/api.w.org\/{rel}","templated":true}]}}