{"id":18213,"date":"2021-02-26T09:59:05","date_gmt":"2021-02-26T08:59:05","guid":{"rendered":"https:\/\/ophtalmo-bw.be\/?page_id=18213"},"modified":"2021-02-26T11:59:07","modified_gmt":"2021-02-26T10:59:07","slug":"tumeurs-oculaires","status":"publish","type":"page","link":"https:\/\/ophtalmo-bw.be\/en\/tumeurs-oculaires\/","title":{"rendered":"Ocular tumours"},"content":{"rendered":"<p style=\"font-size:18px\" class=\"translation-block\">The <strong>ocular tumors<\/strong> that are more serious include <strong>lymphomas<\/strong>, <strong>melanomas<\/strong>, and <strong>retinoblastomas<\/strong>.<\/p>\n\n\n\n<p style=\"font-size:18px\">Most often, patients show no symptoms, and the tumor is discovered incidentally during a routine eye examination. When symptoms do occur, the most common symptom of eye cancer is painless vision loss.<\/p>\n\n\n\n<p style=\"font-size:18px\">Treatment options include:<\/p>\n\n\n\n<p style=\"font-size:18px\">Treatment options include: chemotherapy, cryotherapy (freezing therapy), enucleation (removal of the eye), laser therapy, observation of slow-growing cancers, radiotherapy, surgery, and thermotherapy (heat therapy).<\/p>\n\n\n\n<p style=\"font-size:18px\">Possible complications include: recurrence of cancer or its spread, emotional and social difficulties, side effects of treatment, and permanent vision loss.<\/p>","protected":false},"excerpt":{"rendered":"<p>Les tumeurs oculaires plus graves sont les lymphomes, m\u00e9lanomes et les r\u00e9tinoblastomes. Le plus souvent les patients ne pr\u00e9sentent aucun sympt\u00f4mes et la tumeur est d\u00e9couverte fortuitement lors d\u2019un examen ophtalmologique de routine.&nbsp; Lorsque les sympt\u00f4mes surviennent, le sympt\u00f4me le<\/p>","protected":false},"author":8,"featured_media":0,"parent":0,"menu_order":0,"comment_status":"closed","ping_status":"closed","template":"template-page-right.php","meta":{"footnotes":""},"class_list":["post-18213","page","type-page","status-publish","hentry"],"yoast_head":"<!-- This site is optimized with the Yoast SEO plugin v27.4 - https:\/\/yoast.com\/product\/yoast-seo-wordpress\/ -->\n<title>%title%<\/title>\n<meta name=\"robots\" content=\"index, follow, max-snippet:-1, max-image-preview:large, max-video-preview:-1\" \/>\n<link rel=\"canonical\" href=\"https:\/\/ophtalmo-bw.be\/en\/tumeurs-oculaires\/\" \/>\n<meta property=\"og:locale\" content=\"en_GB\" \/>\n<meta property=\"og:type\" content=\"article\" \/>\n<meta property=\"og:title\" content=\"%title%\" \/>\n<meta property=\"og:description\" content=\"Les tumeurs oculaires plus graves sont les lymphomes, m\u00e9lanomes et les r\u00e9tinoblastomes. Le plus souvent les patients ne pr\u00e9sentent aucun sympt\u00f4mes et la tumeur est d\u00e9couverte fortuitement lors d\u2019un examen ophtalmologique de routine.&nbsp; Lorsque les sympt\u00f4mes surviennent, le sympt\u00f4me le\" \/>\n<meta property=\"og:url\" content=\"https:\/\/ophtalmo-bw.be\/en\/tumeurs-oculaires\/\" \/>\n<meta property=\"og:site_name\" content=\"Ophtalmo-BW.be\" \/>\n<meta property=\"article:modified_time\" content=\"2021-02-26T10:59:07+00:00\" \/>\n<meta name=\"twitter:card\" content=\"summary_large_image\" \/>\n<meta name=\"twitter:label1\" content=\"Estimated reading time\" \/>\n\t<meta name=\"twitter:data1\" content=\"1 minute\" \/>\n<script type=\"application\/ld+json\" class=\"yoast-schema-graph\">{\"@context\":\"https:\\\/\\\/schema.org\",\"@graph\":[{\"@type\":\"WebPage\",\"@id\":\"https:\\\/\\\/ophtalmo-bw.be\\\/tumeurs-oculaires\\\/\",\"url\":\"https:\\\/\\\/ophtalmo-bw.be\\\/tumeurs-oculaires\\\/\",\"name\":\"%title%\",\"isPartOf\":{\"@id\":\"https:\\\/\\\/ophtalmo-bw.be\\\/#website\"},\"datePublished\":\"2021-02-26T08:59:05+00:00\",\"dateModified\":\"2021-02-26T10:59:07+00:00\",\"breadcrumb\":{\"@id\":\"https:\\\/\\\/ophtalmo-bw.be\\\/tumeurs-oculaires\\\/#breadcrumb\"},\"inLanguage\":\"en-GB\",\"potentialAction\":[{\"@type\":\"ReadAction\",\"target\":[\"https:\\\/\\\/ophtalmo-bw.be\\\/tumeurs-oculaires\\\/\"]}]},{\"@type\":\"BreadcrumbList\",\"@id\":\"https:\\\/\\\/ophtalmo-bw.be\\\/tumeurs-oculaires\\\/#breadcrumb\",\"itemListElement\":[{\"@type\":\"ListItem\",\"position\":1,\"name\":\"Accueil\",\"item\":\"https:\\\/\\\/ophtalmo-bw.be\\\/\"},{\"@type\":\"ListItem\",\"position\":2,\"name\":\"Tumeurs oculaires\"}]},{\"@type\":\"WebSite\",\"@id\":\"https:\\\/\\\/ophtalmo-bw.be\\\/#website\",\"url\":\"https:\\\/\\\/ophtalmo-bw.be\\\/\",\"name\":\"Ophtalmo-BW.be\",\"description\":\"Centre Ophtalmologique 100% laser Brabant Wallon\",\"publisher\":{\"@id\":\"https:\\\/\\\/ophtalmo-bw.be\\\/#organization\"},\"potentialAction\":[{\"@type\":\"SearchAction\",\"target\":{\"@type\":\"EntryPoint\",\"urlTemplate\":\"https:\\\/\\\/ophtalmo-bw.be\\\/?s={search_term_string}\"},\"query-input\":{\"@type\":\"PropertyValueSpecification\",\"valueRequired\":true,\"valueName\":\"search_term_string\"}}],\"inLanguage\":\"en-GB\"},{\"@type\":\"Organization\",\"@id\":\"https:\\\/\\\/ophtalmo-bw.be\\\/#organization\",\"name\":\"Ophtalmo-BW.be\",\"url\":\"https:\\\/\\\/ophtalmo-bw.be\\\/\",\"logo\":{\"@type\":\"ImageObject\",\"inLanguage\":\"en-GB\",\"@id\":\"https:\\\/\\\/ophtalmo-bw.be\\\/#\\\/schema\\\/logo\\\/image\\\/\",\"url\":\"https:\\\/\\\/ophtalmo-bw.be\\\/wp-content\\\/uploads\\\/2020\\\/09\\\/logo-min.png\",\"contentUrl\":\"https:\\\/\\\/ophtalmo-bw.be\\\/wp-content\\\/uploads\\\/2020\\\/09\\\/logo-min.png\",\"width\":106,\"height\":62,\"caption\":\"Ophtalmo-BW.be\"},\"image\":{\"@id\":\"https:\\\/\\\/ophtalmo-bw.be\\\/#\\\/schema\\\/logo\\\/image\\\/\"}}]}<\/script>\n<!-- \/ Yoast SEO plugin. -->","yoast_head_json":{"title":"%title%","robots":{"index":"index","follow":"follow","max-snippet":"max-snippet:-1","max-image-preview":"max-image-preview:large","max-video-preview":"max-video-preview:-1"},"canonical":"https:\/\/ophtalmo-bw.be\/en\/tumeurs-oculaires\/","og_locale":"en_GB","og_type":"article","og_title":"%title%","og_description":"Les tumeurs oculaires plus graves sont les lymphomes, m\u00e9lanomes et les r\u00e9tinoblastomes. Le plus souvent les patients ne pr\u00e9sentent aucun sympt\u00f4mes et la tumeur est d\u00e9couverte fortuitement lors d\u2019un examen ophtalmologique de routine.&nbsp; Lorsque les sympt\u00f4mes surviennent, le sympt\u00f4me le","og_url":"https:\/\/ophtalmo-bw.be\/en\/tumeurs-oculaires\/","og_site_name":"Ophtalmo-BW.be","article_modified_time":"2021-02-26T10:59:07+00:00","twitter_card":"summary_large_image","twitter_misc":{"Estimated reading time":"1 minute"},"schema":{"@context":"https:\/\/schema.org","@graph":[{"@type":"WebPage","@id":"https:\/\/ophtalmo-bw.be\/tumeurs-oculaires\/","url":"https:\/\/ophtalmo-bw.be\/tumeurs-oculaires\/","name":"%title%","isPartOf":{"@id":"https:\/\/ophtalmo-bw.be\/#website"},"datePublished":"2021-02-26T08:59:05+00:00","dateModified":"2021-02-26T10:59:07+00:00","breadcrumb":{"@id":"https:\/\/ophtalmo-bw.be\/tumeurs-oculaires\/#breadcrumb"},"inLanguage":"en-GB","potentialAction":[{"@type":"ReadAction","target":["https:\/\/ophtalmo-bw.be\/tumeurs-oculaires\/"]}]},{"@type":"BreadcrumbList","@id":"https:\/\/ophtalmo-bw.be\/tumeurs-oculaires\/#breadcrumb","itemListElement":[{"@type":"ListItem","position":1,"name":"Accueil","item":"https:\/\/ophtalmo-bw.be\/"},{"@type":"ListItem","position":2,"name":"Tumeurs oculaires"}]},{"@type":"WebSite","@id":"https:\/\/ophtalmo-bw.be\/#website","url":"https:\/\/ophtalmo-bw.be\/","name":"Ophtalmo-BW.be","description":"Centre Ophtalmologique 100% laser Brabant Wallon","publisher":{"@id":"https:\/\/ophtalmo-bw.be\/#organization"},"potentialAction":[{"@type":"SearchAction","target":{"@type":"EntryPoint","urlTemplate":"https:\/\/ophtalmo-bw.be\/?s={search_term_string}"},"query-input":{"@type":"PropertyValueSpecification","valueRequired":true,"valueName":"search_term_string"}}],"inLanguage":"en-GB"},{"@type":"Organization","@id":"https:\/\/ophtalmo-bw.be\/#organization","name":"Ophtalmo-BW.be","url":"https:\/\/ophtalmo-bw.be\/","logo":{"@type":"ImageObject","inLanguage":"en-GB","@id":"https:\/\/ophtalmo-bw.be\/#\/schema\/logo\/image\/","url":"https:\/\/ophtalmo-bw.be\/wp-content\/uploads\/2020\/09\/logo-min.png","contentUrl":"https:\/\/ophtalmo-bw.be\/wp-content\/uploads\/2020\/09\/logo-min.png","width":106,"height":62,"caption":"Ophtalmo-BW.be"},"image":{"@id":"https:\/\/ophtalmo-bw.be\/#\/schema\/logo\/image\/"}}]}},"jetpack_sharing_enabled":true,"jetpack_likes_enabled":false,"_links":{"self":[{"href":"https:\/\/ophtalmo-bw.be\/en\/wp-json\/wp\/v2\/pages\/18213","targetHints":{"allow":["GET"]}}],"collection":[{"href":"https:\/\/ophtalmo-bw.be\/en\/wp-json\/wp\/v2\/pages"}],"about":[{"href":"https:\/\/ophtalmo-bw.be\/en\/wp-json\/wp\/v2\/types\/page"}],"author":[{"embeddable":true,"href":"https:\/\/ophtalmo-bw.be\/en\/wp-json\/wp\/v2\/users\/8"}],"replies":[{"embeddable":true,"href":"https:\/\/ophtalmo-bw.be\/en\/wp-json\/wp\/v2\/comments?post=18213"}],"version-history":[{"count":2,"href":"https:\/\/ophtalmo-bw.be\/en\/wp-json\/wp\/v2\/pages\/18213\/revisions"}],"predecessor-version":[{"id":18477,"href":"https:\/\/ophtalmo-bw.be\/en\/wp-json\/wp\/v2\/pages\/18213\/revisions\/18477"}],"wp:attachment":[{"href":"https:\/\/ophtalmo-bw.be\/en\/wp-json\/wp\/v2\/media?parent=18213"}],"curies":[{"name":"wp","href":"https:\/\/api.w.org\/{rel}","templated":true}]}}