{"id":18219,"date":"2021-02-26T09:23:48","date_gmt":"2021-02-26T08:23:48","guid":{"rendered":"https:\/\/ophtalmo-bw.be\/?page_id=18219"},"modified":"2024-11-07T16:53:33","modified_gmt":"2024-11-07T15:53:33","slug":"entropion","status":"publish","type":"page","link":"https:\/\/ophtalmo-bw.be\/en\/entropion\/","title":{"rendered":"Entropion"},"content":{"rendered":"<figure class=\"wp-block-embed is-type-video is-provider-youtube wp-block-embed-youtube wp-embed-aspect-16-9 wp-has-aspect-ratio\"><div class=\"wp-block-embed__wrapper\">\n<iframe title=\"What are entropion and ectropion?\" width=\"720\" height=\"405\" src=\"https:\/\/www.youtube.com\/embed\/6FS0fXDa6uw?feature=oembed\" frameborder=\"0\" allow=\"accelerometer; autoplay; clipboard-write; encrypted-media; gyroscope; picture-in-picture; web-share\" referrerpolicy=\"strict-origin-when-cross-origin\" allowfullscreen><\/iframe>\n<\/div><\/figure>\n\n\n\n<p style=\"font-size:18px\" class=\"translation-block\"><strong>Entropion<\/strong> refers to the inward turning of the eyelid's free edge, causing contact between the eye and the eyelashes.<\/p>\n\n\n\n<figure class=\"wp-block-image size-large\"><img fetchpriority=\"high\" decoding=\"async\" width=\"669\" height=\"429\" src=\"https:\/\/ophtalmo-bw.be\/wp-content\/uploads\/2019\/12\/Entropion-2.jpg\" alt=\"\" class=\"wp-image-17107\" srcset=\"https:\/\/ophtalmo-bw.be\/wp-content\/uploads\/2019\/12\/Entropion-2.jpg 669w, https:\/\/ophtalmo-bw.be\/wp-content\/uploads\/2019\/12\/Entropion-2-300x192.jpg 300w\" sizes=\"(max-width: 669px) 100vw, 669px\" \/><\/figure>\n\n\n\n<p style=\"font-size:18px\">The causes can be diverse:<\/p>\n\n\n\n<ul class=\"wp-block-list\">\n<li class=\"translation-block\"><strong>Spasmodic entropion<\/strong> (for example, following a surgical intervention)<\/li>\n\n\n\n<li class=\"translation-block\"><strong>Involutive entropion<\/strong>: occurring due to tissue changes (progressive laxity) related to aging.<\/li>\n\n\n\n<li class=\"translation-block\"><strong>Cicatricial entropion<\/strong>: following burns or certain diseases (such as trachoma, etc.).<\/li>\n\n\n\n<li class=\"translation-block\"><strong>Congenital entropion<\/strong>: present at birth.<\/li>\n<\/ul>\n\n\n\n<p style=\"font-size:18px\" class=\"translation-block\">The <strong>treatment<\/strong> for entropion is surgical and involves the correct repositioning of the eyelid tissues.<\/p>","protected":false},"excerpt":{"rendered":"<p>L&#8217;entropion correspond \u00e0 un retournement du bord libre de la paupi\u00e8re vers l&#8217;int\u00e9rieur, entra\u00eenant un contact entre l&#8217;\u0153il et les cils. Les causes peuvent \u00eatre diverses : Le traitement de l&#8217;entropion est chirurgical et consiste en un repositionnement correct des<\/p>","protected":false},"author":8,"featured_media":0,"parent":0,"menu_order":0,"comment_status":"closed","ping_status":"closed","template":"template-page-right.php","meta":{"footnotes":""},"class_list":["post-18219","page","type-page","status-publish","hentry"],"yoast_head":"<!-- This site is optimized with the Yoast SEO plugin v27.4 - https:\/\/yoast.com\/product\/yoast-seo-wordpress\/ -->\n<title>Entropion - Ophtalmo-BW.be<\/title>\n<meta name=\"robots\" content=\"index, follow, max-snippet:-1, max-image-preview:large, max-video-preview:-1\" \/>\n<link rel=\"canonical\" href=\"https:\/\/ophtalmo-bw.be\/en\/entropion\/\" \/>\n<meta property=\"og:locale\" content=\"en_GB\" \/>\n<meta property=\"og:type\" content=\"article\" \/>\n<meta property=\"og:title\" content=\"Entropion - Ophtalmo-BW.be\" \/>\n<meta property=\"og:description\" content=\"L&#8217;entropion correspond \u00e0 un retournement du bord libre de la paupi\u00e8re vers l&#8217;int\u00e9rieur, entra\u00eenant un contact entre l&#8217;\u0153il et les cils. Les causes peuvent \u00eatre diverses : Le traitement de l&#8217;entropion est chirurgical et consiste en un repositionnement correct des\" \/>\n<meta property=\"og:url\" content=\"https:\/\/ophtalmo-bw.be\/en\/entropion\/\" \/>\n<meta property=\"og:site_name\" content=\"Ophtalmo-BW.be\" \/>\n<meta property=\"article:modified_time\" content=\"2024-11-07T15:53:33+00:00\" \/>\n<meta property=\"og:image\" content=\"https:\/\/ophtalmo-bw.be\/wp-content\/uploads\/2019\/12\/Entropion-2.jpg\" \/>\n\t<meta property=\"og:image:width\" content=\"669\" \/>\n\t<meta property=\"og:image:height\" content=\"429\" \/>\n\t<meta property=\"og:image:type\" content=\"image\/jpeg\" \/>\n<meta name=\"twitter:card\" content=\"summary_large_image\" \/>\n<meta name=\"twitter:label1\" content=\"Estimated reading time\" \/>\n\t<meta name=\"twitter:data1\" content=\"1 minute\" \/>\n<script type=\"application\/ld+json\" class=\"yoast-schema-graph\">{\"@context\":\"https:\\\/\\\/schema.org\",\"@graph\":[{\"@type\":\"WebPage\",\"@id\":\"https:\\\/\\\/ophtalmo-bw.be\\\/entropion\\\/\",\"url\":\"https:\\\/\\\/ophtalmo-bw.be\\\/entropion\\\/\",\"name\":\"Entropion - Ophtalmo-BW.be\",\"isPartOf\":{\"@id\":\"https:\\\/\\\/ophtalmo-bw.be\\\/#website\"},\"primaryImageOfPage\":{\"@id\":\"https:\\\/\\\/ophtalmo-bw.be\\\/entropion\\\/#primaryimage\"},\"image\":{\"@id\":\"https:\\\/\\\/ophtalmo-bw.be\\\/entropion\\\/#primaryimage\"},\"thumbnailUrl\":\"https:\\\/\\\/ophtalmo-bw.be\\\/wp-content\\\/uploads\\\/2019\\\/12\\\/Entropion-2.jpg\",\"datePublished\":\"2021-02-26T08:23:48+00:00\",\"dateModified\":\"2024-11-07T15:53:33+00:00\",\"breadcrumb\":{\"@id\":\"https:\\\/\\\/ophtalmo-bw.be\\\/entropion\\\/#breadcrumb\"},\"inLanguage\":\"en-GB\",\"potentialAction\":[{\"@type\":\"ReadAction\",\"target\":[\"https:\\\/\\\/ophtalmo-bw.be\\\/entropion\\\/\"]}]},{\"@type\":\"ImageObject\",\"inLanguage\":\"en-GB\",\"@id\":\"https:\\\/\\\/ophtalmo-bw.be\\\/entropion\\\/#primaryimage\",\"url\":\"https:\\\/\\\/ophtalmo-bw.be\\\/wp-content\\\/uploads\\\/2019\\\/12\\\/Entropion-2.jpg\",\"contentUrl\":\"https:\\\/\\\/ophtalmo-bw.be\\\/wp-content\\\/uploads\\\/2019\\\/12\\\/Entropion-2.jpg\"},{\"@type\":\"BreadcrumbList\",\"@id\":\"https:\\\/\\\/ophtalmo-bw.be\\\/entropion\\\/#breadcrumb\",\"itemListElement\":[{\"@type\":\"ListItem\",\"position\":1,\"name\":\"Accueil\",\"item\":\"https:\\\/\\\/ophtalmo-bw.be\\\/\"},{\"@type\":\"ListItem\",\"position\":2,\"name\":\"Entropion\"}]},{\"@type\":\"WebSite\",\"@id\":\"https:\\\/\\\/ophtalmo-bw.be\\\/#website\",\"url\":\"https:\\\/\\\/ophtalmo-bw.be\\\/\",\"name\":\"Ophtalmo-BW.be\",\"description\":\"Centre Ophtalmologique 100% laser Brabant Wallon\",\"publisher\":{\"@id\":\"https:\\\/\\\/ophtalmo-bw.be\\\/#organization\"},\"potentialAction\":[{\"@type\":\"SearchAction\",\"target\":{\"@type\":\"EntryPoint\",\"urlTemplate\":\"https:\\\/\\\/ophtalmo-bw.be\\\/?s={search_term_string}\"},\"query-input\":{\"@type\":\"PropertyValueSpecification\",\"valueRequired\":true,\"valueName\":\"search_term_string\"}}],\"inLanguage\":\"en-GB\"},{\"@type\":\"Organization\",\"@id\":\"https:\\\/\\\/ophtalmo-bw.be\\\/#organization\",\"name\":\"Ophtalmo-BW.be\",\"url\":\"https:\\\/\\\/ophtalmo-bw.be\\\/\",\"logo\":{\"@type\":\"ImageObject\",\"inLanguage\":\"en-GB\",\"@id\":\"https:\\\/\\\/ophtalmo-bw.be\\\/#\\\/schema\\\/logo\\\/image\\\/\",\"url\":\"https:\\\/\\\/ophtalmo-bw.be\\\/wp-content\\\/uploads\\\/2020\\\/09\\\/logo-min.png\",\"contentUrl\":\"https:\\\/\\\/ophtalmo-bw.be\\\/wp-content\\\/uploads\\\/2020\\\/09\\\/logo-min.png\",\"width\":106,\"height\":62,\"caption\":\"Ophtalmo-BW.be\"},\"image\":{\"@id\":\"https:\\\/\\\/ophtalmo-bw.be\\\/#\\\/schema\\\/logo\\\/image\\\/\"}}]}<\/script>\n<!-- \/ Yoast SEO plugin. -->","yoast_head_json":{"title":"Entropion - Ophtalmo-BW.be","robots":{"index":"index","follow":"follow","max-snippet":"max-snippet:-1","max-image-preview":"max-image-preview:large","max-video-preview":"max-video-preview:-1"},"canonical":"https:\/\/ophtalmo-bw.be\/en\/entropion\/","og_locale":"en_GB","og_type":"article","og_title":"Entropion - Ophtalmo-BW.be","og_description":"L&#8217;entropion correspond \u00e0 un retournement du bord libre de la paupi\u00e8re vers l&#8217;int\u00e9rieur, entra\u00eenant un contact entre l&#8217;\u0153il et les cils. Les causes peuvent \u00eatre diverses : Le traitement de l&#8217;entropion est chirurgical et consiste en un repositionnement correct des","og_url":"https:\/\/ophtalmo-bw.be\/en\/entropion\/","og_site_name":"Ophtalmo-BW.be","article_modified_time":"2024-11-07T15:53:33+00:00","og_image":[{"width":669,"height":429,"url":"https:\/\/ophtalmo-bw.be\/wp-content\/uploads\/2019\/12\/Entropion-2.jpg","type":"image\/jpeg"}],"twitter_card":"summary_large_image","twitter_misc":{"Estimated reading time":"1 minute"},"schema":{"@context":"https:\/\/schema.org","@graph":[{"@type":"WebPage","@id":"https:\/\/ophtalmo-bw.be\/entropion\/","url":"https:\/\/ophtalmo-bw.be\/entropion\/","name":"Entropion - Ophtalmo-BW.be","isPartOf":{"@id":"https:\/\/ophtalmo-bw.be\/#website"},"primaryImageOfPage":{"@id":"https:\/\/ophtalmo-bw.be\/entropion\/#primaryimage"},"image":{"@id":"https:\/\/ophtalmo-bw.be\/entropion\/#primaryimage"},"thumbnailUrl":"https:\/\/ophtalmo-bw.be\/wp-content\/uploads\/2019\/12\/Entropion-2.jpg","datePublished":"2021-02-26T08:23:48+00:00","dateModified":"2024-11-07T15:53:33+00:00","breadcrumb":{"@id":"https:\/\/ophtalmo-bw.be\/entropion\/#breadcrumb"},"inLanguage":"en-GB","potentialAction":[{"@type":"ReadAction","target":["https:\/\/ophtalmo-bw.be\/entropion\/"]}]},{"@type":"ImageObject","inLanguage":"en-GB","@id":"https:\/\/ophtalmo-bw.be\/entropion\/#primaryimage","url":"https:\/\/ophtalmo-bw.be\/wp-content\/uploads\/2019\/12\/Entropion-2.jpg","contentUrl":"https:\/\/ophtalmo-bw.be\/wp-content\/uploads\/2019\/12\/Entropion-2.jpg"},{"@type":"BreadcrumbList","@id":"https:\/\/ophtalmo-bw.be\/entropion\/#breadcrumb","itemListElement":[{"@type":"ListItem","position":1,"name":"Accueil","item":"https:\/\/ophtalmo-bw.be\/"},{"@type":"ListItem","position":2,"name":"Entropion"}]},{"@type":"WebSite","@id":"https:\/\/ophtalmo-bw.be\/#website","url":"https:\/\/ophtalmo-bw.be\/","name":"Ophtalmo-BW.be","description":"Centre Ophtalmologique 100% laser Brabant Wallon","publisher":{"@id":"https:\/\/ophtalmo-bw.be\/#organization"},"potentialAction":[{"@type":"SearchAction","target":{"@type":"EntryPoint","urlTemplate":"https:\/\/ophtalmo-bw.be\/?s={search_term_string}"},"query-input":{"@type":"PropertyValueSpecification","valueRequired":true,"valueName":"search_term_string"}}],"inLanguage":"en-GB"},{"@type":"Organization","@id":"https:\/\/ophtalmo-bw.be\/#organization","name":"Ophtalmo-BW.be","url":"https:\/\/ophtalmo-bw.be\/","logo":{"@type":"ImageObject","inLanguage":"en-GB","@id":"https:\/\/ophtalmo-bw.be\/#\/schema\/logo\/image\/","url":"https:\/\/ophtalmo-bw.be\/wp-content\/uploads\/2020\/09\/logo-min.png","contentUrl":"https:\/\/ophtalmo-bw.be\/wp-content\/uploads\/2020\/09\/logo-min.png","width":106,"height":62,"caption":"Ophtalmo-BW.be"},"image":{"@id":"https:\/\/ophtalmo-bw.be\/#\/schema\/logo\/image\/"}}]}},"jetpack_sharing_enabled":true,"jetpack_likes_enabled":false,"_links":{"self":[{"href":"https:\/\/ophtalmo-bw.be\/en\/wp-json\/wp\/v2\/pages\/18219","targetHints":{"allow":["GET"]}}],"collection":[{"href":"https:\/\/ophtalmo-bw.be\/en\/wp-json\/wp\/v2\/pages"}],"about":[{"href":"https:\/\/ophtalmo-bw.be\/en\/wp-json\/wp\/v2\/types\/page"}],"author":[{"embeddable":true,"href":"https:\/\/ophtalmo-bw.be\/en\/wp-json\/wp\/v2\/users\/8"}],"replies":[{"embeddable":true,"href":"https:\/\/ophtalmo-bw.be\/en\/wp-json\/wp\/v2\/comments?post=18219"}],"version-history":[{"count":4,"href":"https:\/\/ophtalmo-bw.be\/en\/wp-json\/wp\/v2\/pages\/18219\/revisions"}],"predecessor-version":[{"id":19561,"href":"https:\/\/ophtalmo-bw.be\/en\/wp-json\/wp\/v2\/pages\/18219\/revisions\/19561"}],"wp:attachment":[{"href":"https:\/\/ophtalmo-bw.be\/en\/wp-json\/wp\/v2\/media?parent=18219"}],"curies":[{"name":"wp","href":"https:\/\/api.w.org\/{rel}","templated":true}]}}