{"id":18221,"date":"2021-02-26T09:25:24","date_gmt":"2021-02-26T08:25:24","guid":{"rendered":"https:\/\/ophtalmo-bw.be\/?page_id=18221"},"modified":"2024-11-07T17:01:58","modified_gmt":"2024-11-07T16:01:58","slug":"ectropion","status":"publish","type":"page","link":"https:\/\/ophtalmo-bw.be\/en\/ectropion\/","title":{"rendered":"Ectropion"},"content":{"rendered":"<figure class=\"wp-block-embed is-type-video is-provider-youtube wp-block-embed-youtube wp-embed-aspect-16-9 wp-has-aspect-ratio\"><div class=\"wp-block-embed__wrapper\">\n<iframe title=\"What are entropion and ectropion?\" width=\"720\" height=\"405\" src=\"https:\/\/www.youtube.com\/embed\/6FS0fXDa6uw?feature=oembed\" frameborder=\"0\" allow=\"accelerometer; autoplay; clipboard-write; encrypted-media; gyroscope; picture-in-picture; web-share\" referrerpolicy=\"strict-origin-when-cross-origin\" allowfullscreen><\/iframe>\n<\/div><\/figure>\n\n\n\n\n\n<p>\n<a href=\"http:\/\/www.google.be\/url?sa=i&amp;rct=j&amp;q=entropion%2Bavant%2Bapr%C3%A8s&amp;source=images&amp;cd=&amp;cad=rja&amp;docid=WmwCdsCv9RdsoM&amp;tbnid=1f0Yjh_6mDBLuM:&amp;ved=0CAUQjRw&amp;url=http%3A%2F%2Fwww.chu-tours.fr%2Fchirurgie-de-lorbite-et-des-paupieres.html&amp;ei=rIK_UZPJPKap0AXk1IDgBw&amp;psig=AFQjCNH0KmZARD4LMkjTr7wKkR7VqcVPFg&amp;ust=1371591691438651\">\n  \n    \n  \n<\/a>\n<\/p>\n\n\n\n<p style=\"font-size:18px\" class=\"translation-block\"><strong>Ectropion<\/strong> refers to the outward turning of the eyelid's free edge (\"eversion\" of the eyelid), causing a loss of contact between the eye and the eyelid.<\/p>\n\n\n\n<figure class=\"wp-block-image\"><img decoding=\"async\" src=\"http:\/\/ophtalmologue-nord.fr\/wp-content\/uploads\/2019\/12\/Ectropion.jpg\" alt=\"\" class=\"wp-image-17106\"\/><\/figure>\n\n\n\n<p style=\"font-size:18px\">The causes can be diverse:<\/p>\n\n\n\n<ul class=\"wp-block-list\">\n<li class=\"translation-block\"><strong>Ectropion involutif<\/strong>: occurring due to tissue changes (progressive laxity) related to aging.<\/li>\n\n\n\n<li class=\"translation-block\"><strong>Ectropion paralytique<\/strong>: secondary to facial paralysis, related to certain myopathies, etc.<\/li>\n\n\n\n<li class=\"translation-block\"><strong>Cicatricial entropion<\/strong>: following burns or certain diseases (such as trachoma, etc.).<\/li>\n\n\n\n<li class=\"translation-block\">The <strong>treatment<\/strong> for ectropion is surgical and involves the correct repositioning of the eyelid tissues.<\/li>\n<\/ul>\n\n\n\n<figure class=\"wp-block-embed is-type-video is-provider-youtube wp-block-embed-youtube wp-embed-aspect-16-9 wp-has-aspect-ratio\"><div class=\"wp-block-embed__wrapper\">\n<iframe title=\"Entropion and Ectropion Repair Surgeries\" width=\"720\" height=\"405\" src=\"https:\/\/www.youtube.com\/embed\/1aSc7Kd4RAw?feature=oembed\" frameborder=\"0\" allow=\"accelerometer; autoplay; clipboard-write; encrypted-media; gyroscope; picture-in-picture; web-share\" referrerpolicy=\"strict-origin-when-cross-origin\" allowfullscreen><\/iframe>\n<\/div><\/figure>","protected":false},"excerpt":{"rendered":"<p>L&#8217;ectropion correspond \u00e0 un retournement du bord libre de la paupi\u00e8re vers l&#8217;ext\u00e9rieur (&#8220;\u00e9version&#8221; de la paupi\u00e8re), entra\u00eenant une perte de contact entre \u0153il et la paupi\u00e8re. Les causes peuvent \u00eatre diverses :<\/p>","protected":false},"author":8,"featured_media":0,"parent":0,"menu_order":0,"comment_status":"closed","ping_status":"closed","template":"template-page-right.php","meta":{"footnotes":""},"class_list":["post-18221","page","type-page","status-publish","hentry"],"yoast_head":"<!-- This site is optimized with the Yoast SEO plugin v27.2 - https:\/\/yoast.com\/product\/yoast-seo-wordpress\/ -->\n<title>Ectropion - Ophtalmo-BW.be<\/title>\n<meta name=\"robots\" content=\"index, follow, max-snippet:-1, max-image-preview:large, max-video-preview:-1\" \/>\n<link rel=\"canonical\" href=\"https:\/\/ophtalmo-bw.be\/en\/ectropion\/\" \/>\n<meta property=\"og:locale\" content=\"en_GB\" \/>\n<meta property=\"og:type\" content=\"article\" \/>\n<meta property=\"og:title\" content=\"Ectropion - Ophtalmo-BW.be\" \/>\n<meta property=\"og:description\" content=\"L&#8217;ectropion correspond \u00e0 un retournement du bord libre de la paupi\u00e8re vers l&#8217;ext\u00e9rieur (&#8220;\u00e9version&#8221; de la paupi\u00e8re), entra\u00eenant une perte de contact entre \u0153il et la paupi\u00e8re. Les causes peuvent \u00eatre diverses :\" \/>\n<meta property=\"og:url\" content=\"https:\/\/ophtalmo-bw.be\/en\/ectropion\/\" \/>\n<meta property=\"og:site_name\" content=\"Ophtalmo-BW.be\" \/>\n<meta property=\"article:modified_time\" content=\"2024-11-07T16:01:58+00:00\" \/>\n<meta property=\"og:image\" content=\"http:\/\/ophtalmologue-nord.fr\/wp-content\/uploads\/2019\/12\/Ectropion.jpg\" \/>\n<meta name=\"twitter:card\" content=\"summary_large_image\" \/>\n<meta name=\"twitter:label1\" content=\"Estimated reading time\" \/>\n\t<meta name=\"twitter:data1\" content=\"1 minute\" \/>\n<script type=\"application\/ld+json\" class=\"yoast-schema-graph\">{\"@context\":\"https:\/\/schema.org\",\"@graph\":[{\"@type\":\"WebPage\",\"@id\":\"https:\/\/ophtalmo-bw.be\/ectropion\/\",\"url\":\"https:\/\/ophtalmo-bw.be\/ectropion\/\",\"name\":\"Ectropion - Ophtalmo-BW.be\",\"isPartOf\":{\"@id\":\"https:\/\/ophtalmo-bw.be\/#website\"},\"primaryImageOfPage\":{\"@id\":\"https:\/\/ophtalmo-bw.be\/ectropion\/#primaryimage\"},\"image\":{\"@id\":\"https:\/\/ophtalmo-bw.be\/ectropion\/#primaryimage\"},\"thumbnailUrl\":\"http:\/\/ophtalmologue-nord.fr\/wp-content\/uploads\/2019\/12\/Ectropion.jpg\",\"datePublished\":\"2021-02-26T08:25:24+00:00\",\"dateModified\":\"2024-11-07T16:01:58+00:00\",\"breadcrumb\":{\"@id\":\"https:\/\/ophtalmo-bw.be\/ectropion\/#breadcrumb\"},\"inLanguage\":\"en-GB\",\"potentialAction\":[{\"@type\":\"ReadAction\",\"target\":[\"https:\/\/ophtalmo-bw.be\/ectropion\/\"]}]},{\"@type\":\"ImageObject\",\"inLanguage\":\"en-GB\",\"@id\":\"https:\/\/ophtalmo-bw.be\/ectropion\/#primaryimage\",\"url\":\"http:\/\/ophtalmologue-nord.fr\/wp-content\/uploads\/2019\/12\/Ectropion.jpg\",\"contentUrl\":\"http:\/\/ophtalmologue-nord.fr\/wp-content\/uploads\/2019\/12\/Ectropion.jpg\"},{\"@type\":\"BreadcrumbList\",\"@id\":\"https:\/\/ophtalmo-bw.be\/ectropion\/#breadcrumb\",\"itemListElement\":[{\"@type\":\"ListItem\",\"position\":1,\"name\":\"Accueil\",\"item\":\"https:\/\/ophtalmo-bw.be\/\"},{\"@type\":\"ListItem\",\"position\":2,\"name\":\"Ectropion\"}]},{\"@type\":\"WebSite\",\"@id\":\"https:\/\/ophtalmo-bw.be\/#website\",\"url\":\"https:\/\/ophtalmo-bw.be\/\",\"name\":\"Ophtalmo-BW.be\",\"description\":\"Centre Ophtalmologique 100% laser Brabant Wallon\",\"publisher\":{\"@id\":\"https:\/\/ophtalmo-bw.be\/#organization\"},\"potentialAction\":[{\"@type\":\"SearchAction\",\"target\":{\"@type\":\"EntryPoint\",\"urlTemplate\":\"https:\/\/ophtalmo-bw.be\/?s={search_term_string}\"},\"query-input\":{\"@type\":\"PropertyValueSpecification\",\"valueRequired\":true,\"valueName\":\"search_term_string\"}}],\"inLanguage\":\"en-GB\"},{\"@type\":\"Organization\",\"@id\":\"https:\/\/ophtalmo-bw.be\/#organization\",\"name\":\"Ophtalmo-BW.be\",\"url\":\"https:\/\/ophtalmo-bw.be\/\",\"logo\":{\"@type\":\"ImageObject\",\"inLanguage\":\"en-GB\",\"@id\":\"https:\/\/ophtalmo-bw.be\/#\/schema\/logo\/image\/\",\"url\":\"https:\/\/ophtalmo-bw.be\/wp-content\/uploads\/2020\/09\/logo-min.png\",\"contentUrl\":\"https:\/\/ophtalmo-bw.be\/wp-content\/uploads\/2020\/09\/logo-min.png\",\"width\":106,\"height\":62,\"caption\":\"Ophtalmo-BW.be\"},\"image\":{\"@id\":\"https:\/\/ophtalmo-bw.be\/#\/schema\/logo\/image\/\"}}]}<\/script>\n<!-- \/ Yoast SEO plugin. -->","yoast_head_json":{"title":"Ectropion - Ophtalmo-BW.be","robots":{"index":"index","follow":"follow","max-snippet":"max-snippet:-1","max-image-preview":"max-image-preview:large","max-video-preview":"max-video-preview:-1"},"canonical":"https:\/\/ophtalmo-bw.be\/en\/ectropion\/","og_locale":"en_GB","og_type":"article","og_title":"Ectropion - Ophtalmo-BW.be","og_description":"L&#8217;ectropion correspond \u00e0 un retournement du bord libre de la paupi\u00e8re vers l&#8217;ext\u00e9rieur (&#8220;\u00e9version&#8221; de la paupi\u00e8re), entra\u00eenant une perte de contact entre \u0153il et la paupi\u00e8re. Les causes peuvent \u00eatre diverses :","og_url":"https:\/\/ophtalmo-bw.be\/en\/ectropion\/","og_site_name":"Ophtalmo-BW.be","article_modified_time":"2024-11-07T16:01:58+00:00","og_image":[{"url":"http:\/\/ophtalmologue-nord.fr\/wp-content\/uploads\/2019\/12\/Ectropion.jpg","type":"","width":"","height":""}],"twitter_card":"summary_large_image","twitter_misc":{"Estimated reading time":"1 minute"},"schema":{"@context":"https:\/\/schema.org","@graph":[{"@type":"WebPage","@id":"https:\/\/ophtalmo-bw.be\/ectropion\/","url":"https:\/\/ophtalmo-bw.be\/ectropion\/","name":"Ectropion - Ophtalmo-BW.be","isPartOf":{"@id":"https:\/\/ophtalmo-bw.be\/#website"},"primaryImageOfPage":{"@id":"https:\/\/ophtalmo-bw.be\/ectropion\/#primaryimage"},"image":{"@id":"https:\/\/ophtalmo-bw.be\/ectropion\/#primaryimage"},"thumbnailUrl":"http:\/\/ophtalmologue-nord.fr\/wp-content\/uploads\/2019\/12\/Ectropion.jpg","datePublished":"2021-02-26T08:25:24+00:00","dateModified":"2024-11-07T16:01:58+00:00","breadcrumb":{"@id":"https:\/\/ophtalmo-bw.be\/ectropion\/#breadcrumb"},"inLanguage":"en-GB","potentialAction":[{"@type":"ReadAction","target":["https:\/\/ophtalmo-bw.be\/ectropion\/"]}]},{"@type":"ImageObject","inLanguage":"en-GB","@id":"https:\/\/ophtalmo-bw.be\/ectropion\/#primaryimage","url":"http:\/\/ophtalmologue-nord.fr\/wp-content\/uploads\/2019\/12\/Ectropion.jpg","contentUrl":"http:\/\/ophtalmologue-nord.fr\/wp-content\/uploads\/2019\/12\/Ectropion.jpg"},{"@type":"BreadcrumbList","@id":"https:\/\/ophtalmo-bw.be\/ectropion\/#breadcrumb","itemListElement":[{"@type":"ListItem","position":1,"name":"Accueil","item":"https:\/\/ophtalmo-bw.be\/"},{"@type":"ListItem","position":2,"name":"Ectropion"}]},{"@type":"WebSite","@id":"https:\/\/ophtalmo-bw.be\/#website","url":"https:\/\/ophtalmo-bw.be\/","name":"Ophtalmo-BW.be","description":"Centre Ophtalmologique 100% laser Brabant Wallon","publisher":{"@id":"https:\/\/ophtalmo-bw.be\/#organization"},"potentialAction":[{"@type":"SearchAction","target":{"@type":"EntryPoint","urlTemplate":"https:\/\/ophtalmo-bw.be\/?s={search_term_string}"},"query-input":{"@type":"PropertyValueSpecification","valueRequired":true,"valueName":"search_term_string"}}],"inLanguage":"en-GB"},{"@type":"Organization","@id":"https:\/\/ophtalmo-bw.be\/#organization","name":"Ophtalmo-BW.be","url":"https:\/\/ophtalmo-bw.be\/","logo":{"@type":"ImageObject","inLanguage":"en-GB","@id":"https:\/\/ophtalmo-bw.be\/#\/schema\/logo\/image\/","url":"https:\/\/ophtalmo-bw.be\/wp-content\/uploads\/2020\/09\/logo-min.png","contentUrl":"https:\/\/ophtalmo-bw.be\/wp-content\/uploads\/2020\/09\/logo-min.png","width":106,"height":62,"caption":"Ophtalmo-BW.be"},"image":{"@id":"https:\/\/ophtalmo-bw.be\/#\/schema\/logo\/image\/"}}]}},"jetpack_sharing_enabled":true,"jetpack_likes_enabled":false,"_links":{"self":[{"href":"https:\/\/ophtalmo-bw.be\/en\/wp-json\/wp\/v2\/pages\/18221","targetHints":{"allow":["GET"]}}],"collection":[{"href":"https:\/\/ophtalmo-bw.be\/en\/wp-json\/wp\/v2\/pages"}],"about":[{"href":"https:\/\/ophtalmo-bw.be\/en\/wp-json\/wp\/v2\/types\/page"}],"author":[{"embeddable":true,"href":"https:\/\/ophtalmo-bw.be\/en\/wp-json\/wp\/v2\/users\/8"}],"replies":[{"embeddable":true,"href":"https:\/\/ophtalmo-bw.be\/en\/wp-json\/wp\/v2\/comments?post=18221"}],"version-history":[{"count":3,"href":"https:\/\/ophtalmo-bw.be\/en\/wp-json\/wp\/v2\/pages\/18221\/revisions"}],"predecessor-version":[{"id":19485,"href":"https:\/\/ophtalmo-bw.be\/en\/wp-json\/wp\/v2\/pages\/18221\/revisions\/19485"}],"wp:attachment":[{"href":"https:\/\/ophtalmo-bw.be\/en\/wp-json\/wp\/v2\/media?parent=18221"}],"curies":[{"name":"wp","href":"https:\/\/api.w.org\/{rel}","templated":true}]}}