{"id":18225,"date":"2021-02-26T09:27:41","date_gmt":"2021-02-26T08:27:41","guid":{"rendered":"https:\/\/ophtalmo-bw.be\/?page_id=18225"},"modified":"2026-02-16T17:50:54","modified_gmt":"2026-02-16T16:50:54","slug":"pterygion","status":"publish","type":"page","link":"https:\/\/ophtalmo-bw.be\/en\/pterygion\/","title":{"rendered":"Pterygium"},"content":{"rendered":"<p style=\"font-size:18px\" class=\"translation-block\"><strong>Pterygium<\/strong> is a benign tumor of conjunctival origin invading the cornea.<br>It is most often located in the \"white\" of the eye in the inner angle of the eyelids (the canthus), on the nasal side.<br>This conjunctivo-elastic tumor most often takes the shape of a triangle compared to a \"wing\" (Greek etymology of the term pterys).<\/p>\n\n\n\n<figure class=\"wp-block-image size-large\"><img fetchpriority=\"high\" decoding=\"async\" width=\"703\" height=\"470\" src=\"https:\/\/ophtalmo-bw.be\/wp-content\/uploads\/2019\/12\/Pterygion-2.jpg\" alt=\"\" class=\"wp-image-17108\" srcset=\"https:\/\/ophtalmo-bw.be\/wp-content\/uploads\/2019\/12\/Pterygion-2.jpg 703w, https:\/\/ophtalmo-bw.be\/wp-content\/uploads\/2019\/12\/Pterygion-2-300x201.jpg 300w\" sizes=\"(max-width: 703px) 100vw, 703px\" \/><\/figure>\n\n\n\n<p style=\"font-size:18px\">Promoted by UV exposure and dry eyes.<\/p>\n\n\n\n<p style=\"font-size:18px\">Surgical treatment of pterygium has several objectives:<\/p>\n\n\n\n<p style=\"font-size:18px\">Maintain visual function threatened by progressive invasion of the corneal surface, restore the aesthetics of the eye, prevent recurrences, restore visual function in the event of invasion of the pupillary area.<\/p>\n\n\n\n<p style=\"font-size:18px\">Spontaneously, after a simple excision, recurrence occurs in a significant proportion of cases, varying according to the development of the lesion and the primary or secondary nature of the intervention.&nbsp;<\/p>\n\n\n\n<p style=\"font-size:18px\">It is important to carefully determine the time of the surgical indication because the more operations are performed, the greater the risk of recurrence.<\/p>\n\n\n\n<p style=\"font-size:18px\" class=\"translation-block\">This poses therapeutic problems, due to the exhaustion of the conjunctival capital available for autografting.<br>It is therefore essential to implement the best possible preventive strategy from the first pterygium operation.<\/p>\n\n\n\n<p style=\"font-size:18px\">To avoid frequent recurrences, some methods are based on the destruction of conjunctival fibroblastic cells, application of mitomycin C or other antimetabolite agent (thiothepa), radiotherapy by beta irradiation with Strontium 90.<\/p>\n\n\n\n<p style=\"font-size:18px\">The majority of methods currently used include reconstruction of the excision area:  <\/p>\n\n\n\n<ul class=\"wp-block-list\">\n<li class=\"translation-block\">by a <strong>conjunctival autograft<\/strong>, an excellent and simple method,<\/li>\n\n\n\n<li class=\"translation-block\">by a <strong>corneal autograft<\/strong>,<\/li>\n\n\n\n<li class=\"translation-block\">by a <strong>lamellar corneal allograft<\/strong>.<\/li>\n<\/ul>\n\n\n\n<figure class=\"wp-block-embed is-type-video is-provider-tiktok wp-block-embed-tiktok\"><div class=\"wp-block-embed__wrapper\">\n<blockquote class=\"tiktok-embed\" cite=\"https:\/\/www.tiktok.com\/@centre.vision.las\/video\/7587107217434889504\" data-video-id=\"7587107217434889504\" data-embed-from=\"oembed\" style=\"max-width:605px; min-width:325px;\"> <section> <a target=\"_blank\" title=\"@centre.vision.las\" href=\"https:\/\/www.tiktok.com\/@centre.vision.las?refer=embed\">@centre.vision.las<\/a> <p>Pt\u00e9rygion : cette excroissance \u00e0 surveiller Ce qui se passe : \u2014 excroissance triangulaire, souvent dans le coin interne de l\u2019\u0153il \u2014 irritation, rougeur, sensation de sable \u2014 progression possible vers la corn\u00e9e Risques : En avan\u00e7ant, le pt\u00e9rygion peut : \u2014 perturber le film lacrymal \u2014 provoquer s\u00e9cheresse et vision floue \u2014 modifier la forme de l\u2019\u0153il \u2014 alt\u00e9rer nettement la vue Facteurs aggravants : \u2014 soleil \u2014 vent \u2014 poussi\u00e8re \u2014 s\u00e9cheresse oculaire \u2014 absence de protection Quand consulter : Si vous remarquez : \u2014 une excroissance visible \u2014 irritation persistante \u2014 baisse de vision \ud83d\udc49 consultez un ophtalmologue. Si le pt\u00e9rygion devient g\u00eanant, une chirurgie ambulatoire peut le retirer. Prenez soin de vos yeux : ne laissez pas une l\u00e9sion \u00e9voluer en silence. <a title=\"sant\u00e9desyeux\" target=\"_blank\" href=\"https:\/\/www.tiktok.com\/tag\/sant%C3%A9desyeux?refer=embed\">#sant\u00e9desyeux<\/a> <a title=\"centrevisionlaser\" target=\"_blank\" href=\"https:\/\/www.tiktok.com\/tag\/centrevisionlaser?refer=embed\">#centrevisionlaser<\/a> <a title=\"chirurgieoculaire\" target=\"_blank\" href=\"https:\/\/www.tiktok.com\/tag\/chirurgieoculaire?refer=embed\">#chirurgieoculaire<\/a> <a title=\"ophtalmologie\" target=\"_blank\" href=\"https:\/\/www.tiktok.com\/tag\/ophtalmologie?refer=embed\">#ophtalmologie<\/a> <a title=\"lasik\" target=\"_blank\" href=\"https:\/\/www.tiktok.com\/tag\/lasik?refer=embed\">#lasik<\/a><\/p> <a target=\"_blank\" title=\"\u266c son original - Centre Vision Laser\" href=\"https:\/\/www.tiktok.com\/music\/son-original-7587107265589578529?refer=embed\">\u266c son original &#8211; Centre Vision Laser<\/a> <\/section> <\/blockquote> <script async src=\"https:\/\/www.tiktok.com\/embed.js\"><\/script>\n<\/div><\/figure>","protected":false},"excerpt":{"rendered":"<p>Le pt\u00e9rygion est une tumeur b\u00e9nigne d&#8217;origine conjonctivale envahissant la corn\u00e9e.Il est le plus souvent situ\u00e9 au niveau du \u00ab blanc \u00bb de l&#8217;\u0153il dans l&#8217;angle interne des paupi\u00e8res (le canthus), du c\u00f4t\u00e9 du nez.Cette tumeur conjonctivo-\u00e9lastique adopte le plus<\/p>","protected":false},"author":8,"featured_media":0,"parent":0,"menu_order":0,"comment_status":"closed","ping_status":"closed","template":"","meta":{"footnotes":""},"class_list":["post-18225","page","type-page","status-publish","hentry"],"yoast_head":"<!-- This site is optimized with the Yoast SEO plugin v27.2 - https:\/\/yoast.com\/product\/yoast-seo-wordpress\/ -->\n<title>Pt\u00e9rygion - Ophtalmo-BW.be<\/title>\n<meta name=\"robots\" content=\"index, follow, max-snippet:-1, max-image-preview:large, max-video-preview:-1\" \/>\n<link rel=\"canonical\" href=\"https:\/\/ophtalmo-bw.be\/en\/pterygion\/\" \/>\n<meta property=\"og:locale\" content=\"en_GB\" \/>\n<meta property=\"og:type\" content=\"article\" \/>\n<meta property=\"og:title\" content=\"Pt\u00e9rygion - Ophtalmo-BW.be\" \/>\n<meta property=\"og:description\" content=\"Le pt\u00e9rygion est une tumeur b\u00e9nigne d&#8217;origine conjonctivale envahissant la corn\u00e9e.Il est le plus souvent situ\u00e9 au niveau du \u00ab blanc \u00bb de l&#8217;\u0153il dans l&#8217;angle interne des paupi\u00e8res (le canthus), du c\u00f4t\u00e9 du nez.Cette tumeur conjonctivo-\u00e9lastique adopte le plus\" \/>\n<meta property=\"og:url\" content=\"https:\/\/ophtalmo-bw.be\/en\/pterygion\/\" \/>\n<meta property=\"og:site_name\" content=\"Ophtalmo-BW.be\" \/>\n<meta property=\"article:modified_time\" content=\"2026-02-16T16:50:54+00:00\" \/>\n<meta property=\"og:image\" content=\"https:\/\/ophtalmo-bw.be\/wp-content\/uploads\/2019\/12\/Pterygion-2.jpg\" \/>\n\t<meta property=\"og:image:width\" content=\"703\" \/>\n\t<meta property=\"og:image:height\" content=\"470\" \/>\n\t<meta property=\"og:image:type\" content=\"image\/jpeg\" \/>\n<meta name=\"twitter:card\" content=\"summary_large_image\" \/>\n<meta name=\"twitter:label1\" content=\"Estimated reading time\" \/>\n\t<meta name=\"twitter:data1\" content=\"2 minutes\" \/>\n<script type=\"application\/ld+json\" class=\"yoast-schema-graph\">{\"@context\":\"https:\/\/schema.org\",\"@graph\":[{\"@type\":\"WebPage\",\"@id\":\"https:\/\/ophtalmo-bw.be\/pterygion\/\",\"url\":\"https:\/\/ophtalmo-bw.be\/pterygion\/\",\"name\":\"Pt\u00e9rygion - Ophtalmo-BW.be\",\"isPartOf\":{\"@id\":\"https:\/\/ophtalmo-bw.be\/#website\"},\"primaryImageOfPage\":{\"@id\":\"https:\/\/ophtalmo-bw.be\/pterygion\/#primaryimage\"},\"image\":{\"@id\":\"https:\/\/ophtalmo-bw.be\/pterygion\/#primaryimage\"},\"thumbnailUrl\":\"https:\/\/ophtalmo-bw.be\/wp-content\/uploads\/2019\/12\/Pterygion-2.jpg\",\"datePublished\":\"2021-02-26T08:27:41+00:00\",\"dateModified\":\"2026-02-16T16:50:54+00:00\",\"breadcrumb\":{\"@id\":\"https:\/\/ophtalmo-bw.be\/pterygion\/#breadcrumb\"},\"inLanguage\":\"en-GB\",\"potentialAction\":[{\"@type\":\"ReadAction\",\"target\":[\"https:\/\/ophtalmo-bw.be\/pterygion\/\"]}]},{\"@type\":\"ImageObject\",\"inLanguage\":\"en-GB\",\"@id\":\"https:\/\/ophtalmo-bw.be\/pterygion\/#primaryimage\",\"url\":\"https:\/\/ophtalmo-bw.be\/wp-content\/uploads\/2019\/12\/Pterygion-2.jpg\",\"contentUrl\":\"https:\/\/ophtalmo-bw.be\/wp-content\/uploads\/2019\/12\/Pterygion-2.jpg\"},{\"@type\":\"BreadcrumbList\",\"@id\":\"https:\/\/ophtalmo-bw.be\/pterygion\/#breadcrumb\",\"itemListElement\":[{\"@type\":\"ListItem\",\"position\":1,\"name\":\"Accueil\",\"item\":\"https:\/\/ophtalmo-bw.be\/\"},{\"@type\":\"ListItem\",\"position\":2,\"name\":\"Pt\u00e9rygion\"}]},{\"@type\":\"WebSite\",\"@id\":\"https:\/\/ophtalmo-bw.be\/#website\",\"url\":\"https:\/\/ophtalmo-bw.be\/\",\"name\":\"Ophtalmo-BW.be\",\"description\":\"Centre Ophtalmologique 100% laser Brabant Wallon\",\"publisher\":{\"@id\":\"https:\/\/ophtalmo-bw.be\/#organization\"},\"potentialAction\":[{\"@type\":\"SearchAction\",\"target\":{\"@type\":\"EntryPoint\",\"urlTemplate\":\"https:\/\/ophtalmo-bw.be\/?s={search_term_string}\"},\"query-input\":{\"@type\":\"PropertyValueSpecification\",\"valueRequired\":true,\"valueName\":\"search_term_string\"}}],\"inLanguage\":\"en-GB\"},{\"@type\":\"Organization\",\"@id\":\"https:\/\/ophtalmo-bw.be\/#organization\",\"name\":\"Ophtalmo-BW.be\",\"url\":\"https:\/\/ophtalmo-bw.be\/\",\"logo\":{\"@type\":\"ImageObject\",\"inLanguage\":\"en-GB\",\"@id\":\"https:\/\/ophtalmo-bw.be\/#\/schema\/logo\/image\/\",\"url\":\"https:\/\/ophtalmo-bw.be\/wp-content\/uploads\/2020\/09\/logo-min.png\",\"contentUrl\":\"https:\/\/ophtalmo-bw.be\/wp-content\/uploads\/2020\/09\/logo-min.png\",\"width\":106,\"height\":62,\"caption\":\"Ophtalmo-BW.be\"},\"image\":{\"@id\":\"https:\/\/ophtalmo-bw.be\/#\/schema\/logo\/image\/\"}}]}<\/script>\n<!-- \/ Yoast SEO plugin. -->","yoast_head_json":{"title":"Pt\u00e9rygion - Ophtalmo-BW.be","robots":{"index":"index","follow":"follow","max-snippet":"max-snippet:-1","max-image-preview":"max-image-preview:large","max-video-preview":"max-video-preview:-1"},"canonical":"https:\/\/ophtalmo-bw.be\/en\/pterygion\/","og_locale":"en_GB","og_type":"article","og_title":"Pt\u00e9rygion - Ophtalmo-BW.be","og_description":"Le pt\u00e9rygion est une tumeur b\u00e9nigne d&#8217;origine conjonctivale envahissant la corn\u00e9e.Il est le plus souvent situ\u00e9 au niveau du \u00ab blanc \u00bb de l&#8217;\u0153il dans l&#8217;angle interne des paupi\u00e8res (le canthus), du c\u00f4t\u00e9 du nez.Cette tumeur conjonctivo-\u00e9lastique adopte le plus","og_url":"https:\/\/ophtalmo-bw.be\/en\/pterygion\/","og_site_name":"Ophtalmo-BW.be","article_modified_time":"2026-02-16T16:50:54+00:00","og_image":[{"width":703,"height":470,"url":"https:\/\/ophtalmo-bw.be\/wp-content\/uploads\/2019\/12\/Pterygion-2.jpg","type":"image\/jpeg"}],"twitter_card":"summary_large_image","twitter_misc":{"Estimated reading time":"2 minutes"},"schema":{"@context":"https:\/\/schema.org","@graph":[{"@type":"WebPage","@id":"https:\/\/ophtalmo-bw.be\/pterygion\/","url":"https:\/\/ophtalmo-bw.be\/pterygion\/","name":"Pt\u00e9rygion - Ophtalmo-BW.be","isPartOf":{"@id":"https:\/\/ophtalmo-bw.be\/#website"},"primaryImageOfPage":{"@id":"https:\/\/ophtalmo-bw.be\/pterygion\/#primaryimage"},"image":{"@id":"https:\/\/ophtalmo-bw.be\/pterygion\/#primaryimage"},"thumbnailUrl":"https:\/\/ophtalmo-bw.be\/wp-content\/uploads\/2019\/12\/Pterygion-2.jpg","datePublished":"2021-02-26T08:27:41+00:00","dateModified":"2026-02-16T16:50:54+00:00","breadcrumb":{"@id":"https:\/\/ophtalmo-bw.be\/pterygion\/#breadcrumb"},"inLanguage":"en-GB","potentialAction":[{"@type":"ReadAction","target":["https:\/\/ophtalmo-bw.be\/pterygion\/"]}]},{"@type":"ImageObject","inLanguage":"en-GB","@id":"https:\/\/ophtalmo-bw.be\/pterygion\/#primaryimage","url":"https:\/\/ophtalmo-bw.be\/wp-content\/uploads\/2019\/12\/Pterygion-2.jpg","contentUrl":"https:\/\/ophtalmo-bw.be\/wp-content\/uploads\/2019\/12\/Pterygion-2.jpg"},{"@type":"BreadcrumbList","@id":"https:\/\/ophtalmo-bw.be\/pterygion\/#breadcrumb","itemListElement":[{"@type":"ListItem","position":1,"name":"Accueil","item":"https:\/\/ophtalmo-bw.be\/"},{"@type":"ListItem","position":2,"name":"Pt\u00e9rygion"}]},{"@type":"WebSite","@id":"https:\/\/ophtalmo-bw.be\/#website","url":"https:\/\/ophtalmo-bw.be\/","name":"Ophtalmo-BW.be","description":"Centre Ophtalmologique 100% laser Brabant Wallon","publisher":{"@id":"https:\/\/ophtalmo-bw.be\/#organization"},"potentialAction":[{"@type":"SearchAction","target":{"@type":"EntryPoint","urlTemplate":"https:\/\/ophtalmo-bw.be\/?s={search_term_string}"},"query-input":{"@type":"PropertyValueSpecification","valueRequired":true,"valueName":"search_term_string"}}],"inLanguage":"en-GB"},{"@type":"Organization","@id":"https:\/\/ophtalmo-bw.be\/#organization","name":"Ophtalmo-BW.be","url":"https:\/\/ophtalmo-bw.be\/","logo":{"@type":"ImageObject","inLanguage":"en-GB","@id":"https:\/\/ophtalmo-bw.be\/#\/schema\/logo\/image\/","url":"https:\/\/ophtalmo-bw.be\/wp-content\/uploads\/2020\/09\/logo-min.png","contentUrl":"https:\/\/ophtalmo-bw.be\/wp-content\/uploads\/2020\/09\/logo-min.png","width":106,"height":62,"caption":"Ophtalmo-BW.be"},"image":{"@id":"https:\/\/ophtalmo-bw.be\/#\/schema\/logo\/image\/"}}]}},"jetpack_sharing_enabled":true,"jetpack_likes_enabled":false,"_links":{"self":[{"href":"https:\/\/ophtalmo-bw.be\/en\/wp-json\/wp\/v2\/pages\/18225","targetHints":{"allow":["GET"]}}],"collection":[{"href":"https:\/\/ophtalmo-bw.be\/en\/wp-json\/wp\/v2\/pages"}],"about":[{"href":"https:\/\/ophtalmo-bw.be\/en\/wp-json\/wp\/v2\/types\/page"}],"author":[{"embeddable":true,"href":"https:\/\/ophtalmo-bw.be\/en\/wp-json\/wp\/v2\/users\/8"}],"replies":[{"embeddable":true,"href":"https:\/\/ophtalmo-bw.be\/en\/wp-json\/wp\/v2\/comments?post=18225"}],"version-history":[{"count":5,"href":"https:\/\/ophtalmo-bw.be\/en\/wp-json\/wp\/v2\/pages\/18225\/revisions"}],"predecessor-version":[{"id":70055,"href":"https:\/\/ophtalmo-bw.be\/en\/wp-json\/wp\/v2\/pages\/18225\/revisions\/70055"}],"wp:attachment":[{"href":"https:\/\/ophtalmo-bw.be\/en\/wp-json\/wp\/v2\/media?parent=18225"}],"curies":[{"name":"wp","href":"https:\/\/api.w.org\/{rel}","templated":true}]}}