{"id":18229,"date":"2021-02-26T09:18:39","date_gmt":"2021-02-26T08:18:39","guid":{"rendered":"https:\/\/ophtalmo-bw.be\/?page_id=18229"},"modified":"2024-09-03T16:56:46","modified_gmt":"2024-09-03T14:56:46","slug":"xanthelasma","status":"publish","type":"page","link":"https:\/\/ophtalmo-bw.be\/en\/xanthelasma\/","title":{"rendered":"Xanthelasma"},"content":{"rendered":"<p style=\"font-size:18px\" class=\"translation-block\"><strong>Xanth\u00e9lasma<\/strong> is a common condition that causes aesthetic discomfort and does not decrease with age. It is a <strong>xanthome plan palp\u00e9bral<\/strong> (an infiltrate of histiocytic or macrophage cells filled with lipids \u2013 esterified cholesterol) that forms a yellowish plaque which gradually extends and darkens over the years on the upper or lower eyelid.<\/p>\n\n\n\n<figure class=\"wp-block-gallery has-nested-images columns-default is-cropped wp-block-gallery-1 is-layout-flex wp-block-gallery-is-layout-flex\">\n<figure class=\"wp-block-image size-large\"><img decoding=\"async\" width=\"237\" height=\"135\" data-id=\"17104\" src=\"https:\/\/ophtalmo-bw.be\/wp-content\/uploads\/2019\/12\/Xanthelasma-avant-2.jpg\" alt=\"\" class=\"wp-image-17104\"\/><\/figure>\n\n\n\n<figure class=\"wp-block-image size-large\"><img decoding=\"async\" width=\"237\" height=\"135\" data-id=\"17103\" src=\"https:\/\/ophtalmo-bw.be\/wp-content\/uploads\/2019\/12\/Xanthelasma-apres-1.jpg\" alt=\"\" class=\"wp-image-17103\"\/><\/figure>\n<\/figure>\n\n\n\n<figure class=\"wp-block-image\"><img decoding=\"async\" src=\"http:\/\/ophtalmologue-nord.fr\/wp-content\/uploads\/2019\/12\/Xanthelasma.jpg\" alt=\"\" class=\"wp-image-17105\"\/><\/figure>\n\n\n\n<p style=\"font-size:18px\">The best treatment is surgical, performed by an ophthalmologist, or if the lesions are small, they can be removed with a laser by a dermatologist.<\/p>\n\n\n\n<p style=\"font-size:18px\">However, recurrences are common, around 50%, which necessitates further treatments.<\/p>\n\n\n\n<p style=\"font-size:18px\">The major issue is the risk of ectropion due to skin retraction after multiple treatments.<\/p>","protected":false},"excerpt":{"rendered":"<p>Le xanth\u00e9lasma est une pathologie fr\u00e9quente entra\u00eenant une g\u00e8ne esth\u00e9tique qui ne diminue pas avec les ann\u00e9es. Il s\u2019agit d\u2019un xanthome plan palp\u00e9bral (infiltrat de cellules histiocytaires ou macrophagiques charg\u00e9es de lipides &#8211; cholest\u00e9rol est\u00e9rifi\u00e9) donnant une nappe jaun\u00e2tre qui<\/p>","protected":false},"author":8,"featured_media":0,"parent":0,"menu_order":0,"comment_status":"closed","ping_status":"closed","template":"template-page-right.php","meta":{"footnotes":""},"class_list":["post-18229","page","type-page","status-publish","hentry"],"yoast_head":"<!-- This site is optimized with the Yoast SEO plugin v27.2 - https:\/\/yoast.com\/product\/yoast-seo-wordpress\/ -->\n<title>Xanthelasma<\/title>\n<meta name=\"robots\" content=\"index, follow, max-snippet:-1, max-image-preview:large, max-video-preview:-1\" \/>\n<link rel=\"canonical\" href=\"https:\/\/ophtalmo-bw.be\/en\/xanthelasma\/\" \/>\n<meta property=\"og:locale\" content=\"en_GB\" \/>\n<meta property=\"og:type\" content=\"article\" \/>\n<meta property=\"og:title\" content=\"Xanthelasma\" \/>\n<meta property=\"og:description\" content=\"Le xanth\u00e9lasma est une pathologie fr\u00e9quente entra\u00eenant une g\u00e8ne esth\u00e9tique qui ne diminue pas avec les ann\u00e9es. Il s\u2019agit d\u2019un xanthome plan palp\u00e9bral (infiltrat de cellules histiocytaires ou macrophagiques charg\u00e9es de lipides &#8211; cholest\u00e9rol est\u00e9rifi\u00e9) donnant une nappe jaun\u00e2tre qui\" \/>\n<meta property=\"og:url\" content=\"https:\/\/ophtalmo-bw.be\/en\/xanthelasma\/\" \/>\n<meta property=\"og:site_name\" content=\"Ophtalmo-BW.be\" \/>\n<meta property=\"article:modified_time\" content=\"2024-09-03T14:56:46+00:00\" \/>\n<meta property=\"og:image\" content=\"https:\/\/ophtalmo-bw.be\/wp-content\/uploads\/2019\/12\/Xanthelasma-avant-2.jpg\" \/>\n<meta name=\"twitter:card\" content=\"summary_large_image\" \/>\n<meta name=\"twitter:label1\" content=\"Estimated reading time\" \/>\n\t<meta name=\"twitter:data1\" content=\"2 minutes\" \/>\n<script type=\"application\/ld+json\" class=\"yoast-schema-graph\">{\"@context\":\"https:\/\/schema.org\",\"@graph\":[{\"@type\":\"WebPage\",\"@id\":\"https:\/\/ophtalmo-bw.be\/xanthelasma\/\",\"url\":\"https:\/\/ophtalmo-bw.be\/xanthelasma\/\",\"name\":\"Xanthelasma\",\"isPartOf\":{\"@id\":\"https:\/\/ophtalmo-bw.be\/#website\"},\"primaryImageOfPage\":{\"@id\":\"https:\/\/ophtalmo-bw.be\/xanthelasma\/#primaryimage\"},\"image\":{\"@id\":\"https:\/\/ophtalmo-bw.be\/xanthelasma\/#primaryimage\"},\"thumbnailUrl\":\"https:\/\/ophtalmo-bw.be\/wp-content\/uploads\/2019\/12\/Xanthelasma-avant-2.jpg\",\"datePublished\":\"2021-02-26T08:18:39+00:00\",\"dateModified\":\"2024-09-03T14:56:46+00:00\",\"breadcrumb\":{\"@id\":\"https:\/\/ophtalmo-bw.be\/xanthelasma\/#breadcrumb\"},\"inLanguage\":\"en-GB\",\"potentialAction\":[{\"@type\":\"ReadAction\",\"target\":[\"https:\/\/ophtalmo-bw.be\/xanthelasma\/\"]}]},{\"@type\":\"ImageObject\",\"inLanguage\":\"en-GB\",\"@id\":\"https:\/\/ophtalmo-bw.be\/xanthelasma\/#primaryimage\",\"url\":\"https:\/\/ophtalmo-bw.be\/wp-content\/uploads\/2019\/12\/Xanthelasma-avant-2.jpg\",\"contentUrl\":\"https:\/\/ophtalmo-bw.be\/wp-content\/uploads\/2019\/12\/Xanthelasma-avant-2.jpg\"},{\"@type\":\"BreadcrumbList\",\"@id\":\"https:\/\/ophtalmo-bw.be\/xanthelasma\/#breadcrumb\",\"itemListElement\":[{\"@type\":\"ListItem\",\"position\":1,\"name\":\"Accueil\",\"item\":\"https:\/\/ophtalmo-bw.be\/\"},{\"@type\":\"ListItem\",\"position\":2,\"name\":\"Xanthelasma\"}]},{\"@type\":\"WebSite\",\"@id\":\"https:\/\/ophtalmo-bw.be\/#website\",\"url\":\"https:\/\/ophtalmo-bw.be\/\",\"name\":\"Ophtalmo-BW.be\",\"description\":\"Centre Ophtalmologique 100% laser Brabant Wallon\",\"publisher\":{\"@id\":\"https:\/\/ophtalmo-bw.be\/#organization\"},\"potentialAction\":[{\"@type\":\"SearchAction\",\"target\":{\"@type\":\"EntryPoint\",\"urlTemplate\":\"https:\/\/ophtalmo-bw.be\/?s={search_term_string}\"},\"query-input\":{\"@type\":\"PropertyValueSpecification\",\"valueRequired\":true,\"valueName\":\"search_term_string\"}}],\"inLanguage\":\"en-GB\"},{\"@type\":\"Organization\",\"@id\":\"https:\/\/ophtalmo-bw.be\/#organization\",\"name\":\"Ophtalmo-BW.be\",\"url\":\"https:\/\/ophtalmo-bw.be\/\",\"logo\":{\"@type\":\"ImageObject\",\"inLanguage\":\"en-GB\",\"@id\":\"https:\/\/ophtalmo-bw.be\/#\/schema\/logo\/image\/\",\"url\":\"https:\/\/ophtalmo-bw.be\/wp-content\/uploads\/2020\/09\/logo-min.png\",\"contentUrl\":\"https:\/\/ophtalmo-bw.be\/wp-content\/uploads\/2020\/09\/logo-min.png\",\"width\":106,\"height\":62,\"caption\":\"Ophtalmo-BW.be\"},\"image\":{\"@id\":\"https:\/\/ophtalmo-bw.be\/#\/schema\/logo\/image\/\"}}]}<\/script>\n<!-- \/ Yoast SEO plugin. -->","yoast_head_json":{"title":"Xanthelasma","robots":{"index":"index","follow":"follow","max-snippet":"max-snippet:-1","max-image-preview":"max-image-preview:large","max-video-preview":"max-video-preview:-1"},"canonical":"https:\/\/ophtalmo-bw.be\/en\/xanthelasma\/","og_locale":"en_GB","og_type":"article","og_title":"Xanthelasma","og_description":"Le xanth\u00e9lasma est une pathologie fr\u00e9quente entra\u00eenant une g\u00e8ne esth\u00e9tique qui ne diminue pas avec les ann\u00e9es. Il s\u2019agit d\u2019un xanthome plan palp\u00e9bral (infiltrat de cellules histiocytaires ou macrophagiques charg\u00e9es de lipides &#8211; cholest\u00e9rol est\u00e9rifi\u00e9) donnant une nappe jaun\u00e2tre qui","og_url":"https:\/\/ophtalmo-bw.be\/en\/xanthelasma\/","og_site_name":"Ophtalmo-BW.be","article_modified_time":"2024-09-03T14:56:46+00:00","og_image":[{"url":"https:\/\/ophtalmo-bw.be\/wp-content\/uploads\/2019\/12\/Xanthelasma-avant-2.jpg","type":"","width":"","height":""}],"twitter_card":"summary_large_image","twitter_misc":{"Estimated reading time":"2 minutes"},"schema":{"@context":"https:\/\/schema.org","@graph":[{"@type":"WebPage","@id":"https:\/\/ophtalmo-bw.be\/xanthelasma\/","url":"https:\/\/ophtalmo-bw.be\/xanthelasma\/","name":"Xanthelasma","isPartOf":{"@id":"https:\/\/ophtalmo-bw.be\/#website"},"primaryImageOfPage":{"@id":"https:\/\/ophtalmo-bw.be\/xanthelasma\/#primaryimage"},"image":{"@id":"https:\/\/ophtalmo-bw.be\/xanthelasma\/#primaryimage"},"thumbnailUrl":"https:\/\/ophtalmo-bw.be\/wp-content\/uploads\/2019\/12\/Xanthelasma-avant-2.jpg","datePublished":"2021-02-26T08:18:39+00:00","dateModified":"2024-09-03T14:56:46+00:00","breadcrumb":{"@id":"https:\/\/ophtalmo-bw.be\/xanthelasma\/#breadcrumb"},"inLanguage":"en-GB","potentialAction":[{"@type":"ReadAction","target":["https:\/\/ophtalmo-bw.be\/xanthelasma\/"]}]},{"@type":"ImageObject","inLanguage":"en-GB","@id":"https:\/\/ophtalmo-bw.be\/xanthelasma\/#primaryimage","url":"https:\/\/ophtalmo-bw.be\/wp-content\/uploads\/2019\/12\/Xanthelasma-avant-2.jpg","contentUrl":"https:\/\/ophtalmo-bw.be\/wp-content\/uploads\/2019\/12\/Xanthelasma-avant-2.jpg"},{"@type":"BreadcrumbList","@id":"https:\/\/ophtalmo-bw.be\/xanthelasma\/#breadcrumb","itemListElement":[{"@type":"ListItem","position":1,"name":"Accueil","item":"https:\/\/ophtalmo-bw.be\/"},{"@type":"ListItem","position":2,"name":"Xanthelasma"}]},{"@type":"WebSite","@id":"https:\/\/ophtalmo-bw.be\/#website","url":"https:\/\/ophtalmo-bw.be\/","name":"Ophtalmo-BW.be","description":"Centre Ophtalmologique 100% laser Brabant Wallon","publisher":{"@id":"https:\/\/ophtalmo-bw.be\/#organization"},"potentialAction":[{"@type":"SearchAction","target":{"@type":"EntryPoint","urlTemplate":"https:\/\/ophtalmo-bw.be\/?s={search_term_string}"},"query-input":{"@type":"PropertyValueSpecification","valueRequired":true,"valueName":"search_term_string"}}],"inLanguage":"en-GB"},{"@type":"Organization","@id":"https:\/\/ophtalmo-bw.be\/#organization","name":"Ophtalmo-BW.be","url":"https:\/\/ophtalmo-bw.be\/","logo":{"@type":"ImageObject","inLanguage":"en-GB","@id":"https:\/\/ophtalmo-bw.be\/#\/schema\/logo\/image\/","url":"https:\/\/ophtalmo-bw.be\/wp-content\/uploads\/2020\/09\/logo-min.png","contentUrl":"https:\/\/ophtalmo-bw.be\/wp-content\/uploads\/2020\/09\/logo-min.png","width":106,"height":62,"caption":"Ophtalmo-BW.be"},"image":{"@id":"https:\/\/ophtalmo-bw.be\/#\/schema\/logo\/image\/"}}]}},"jetpack_sharing_enabled":true,"jetpack_likes_enabled":false,"_links":{"self":[{"href":"https:\/\/ophtalmo-bw.be\/en\/wp-json\/wp\/v2\/pages\/18229","targetHints":{"allow":["GET"]}}],"collection":[{"href":"https:\/\/ophtalmo-bw.be\/en\/wp-json\/wp\/v2\/pages"}],"about":[{"href":"https:\/\/ophtalmo-bw.be\/en\/wp-json\/wp\/v2\/types\/page"}],"author":[{"embeddable":true,"href":"https:\/\/ophtalmo-bw.be\/en\/wp-json\/wp\/v2\/users\/8"}],"replies":[{"embeddable":true,"href":"https:\/\/ophtalmo-bw.be\/en\/wp-json\/wp\/v2\/comments?post=18229"}],"version-history":[{"count":3,"href":"https:\/\/ophtalmo-bw.be\/en\/wp-json\/wp\/v2\/pages\/18229\/revisions"}],"predecessor-version":[{"id":19081,"href":"https:\/\/ophtalmo-bw.be\/en\/wp-json\/wp\/v2\/pages\/18229\/revisions\/19081"}],"wp:attachment":[{"href":"https:\/\/ophtalmo-bw.be\/en\/wp-json\/wp\/v2\/media?parent=18229"}],"curies":[{"name":"wp","href":"https:\/\/api.w.org\/{rel}","templated":true}]}}