{"id":18255,"date":"2021-01-31T04:24:45","date_gmt":"2021-01-31T03:24:45","guid":{"rendered":"https:\/\/ophtalmo-bw.be\/?page_id=18255"},"modified":"2025-11-12T13:25:59","modified_gmt":"2025-11-12T12:25:59","slug":"le-lasik-laser-assisted-in-situ-keratomileusis","status":"publish","type":"page","link":"https:\/\/ophtalmo-bw.be\/en\/le-lasik-laser-assisted-in-situ-keratomileusis\/","title":{"rendered":"About LASIK (Laser-Assisted In Situ Keratomileusis)"},"content":{"rendered":"<p><strong>100% laser LASIK is a technique that combines a femtosecond laser and a latest generation excimer laser.<\/strong><\/p>\n\n\n\n<p><strong>The 100% laser Lasik eye surgery comprises 3 successive stages:<\/strong><\/p>\n\n\n\n<ul class=\"wp-block-list\">\n<li>The corneal flap is created using micro-bubbles which are then lifted (the cut is made without any blades)<\/li>\n\n\n\n<li>The action of the Excimer laser which performs a true refractive sculpting of the deep layers of the cornea (photoablation) according to the visual defect to be corrected (myopia, hyperopia, astigmatism or presbyopia).&nbsp;<\/li>\n\n\n\n<li>The 100% laser LASIK eye surgery ends with the repositioning of the corneal flap.<\/li>\n<\/ul>\n\n\n\n<p>Thanks to laser sculpting, the cornea adopts a new curvature: this change modifies its optical capacity and corrects the eye defect.<\/p>\n\n\n\n<p class=\"translation-block\"><strong>LASIK is the gold standard in refractive surgery<\/strong>. This laser eye surgery technique has quickly become established and holds a world record with over 30 million patients operated on worldwide to date.<\/p>\n\n\n\n<p class=\"translation-block\">Initially, the corneal flap was cut mechanically using a microkeratome. In 2001, the femtosecond laser emerged and revolutionized this technique, allowing for the creation of the corneal flap under unparalleled safety conditions. This marked the beginning of the 100% laser LASIK procedure: flap creation with the femtosecond laser followed by refractive photoablation with an excimer laser to correct the refractive error.<\/p>\n\n\n\n<p class=\"translation-block\">LASIK eye surgery, 100% laser, offers numerous advantages. It is a safe, precise, and very comfortable reference technique because it is virtually painless and allows for rapid visual recovery.<\/p>\n\n\n\n<p>For several years now, refractive surgery has brought about a revolutionary change in the lives of people with myopia, hyperopia, and astigmatism. Refractive surgery means a new freedom for patients whose main motivations are generally: to no longer have to wear glasses or contact lenses daily, to be able to resume sports and leisure activities without glasses, or to obtain the necessary qualifications to qualify for certain career paths.<\/p>\n\n\n\n<p class=\"translation-block\">The PRK or LASIK procedure is performed under local anesthesia, meaning that simple drops are instilled before the procedure to numb the eye. Therefore, it is painless for the patient during the procedure. It lasts only a few minutes.<\/p>\n\n\n\n<p class=\"translation-block\">Before any procedure, you must have an eligibility assessment with your ophthalmologist. They will be able to advise you on the best technique for you. If you have any questions, they will also be able to answer them. To make an appointment, you can visit our website <a href=\"https:\/\/ophtalmo-bw.be\/en\/\" target=\"_self\">https:\/\/ophtalmo-bw.be<\/a> or call us at <a href=\"tel:003210560002\" target=\"_self\">010 56 00 02<\/a>.<\/p>\n\n\n<div class=\"wp-block-image\">\n<figure class=\"aligncenter size-full\"><img fetchpriority=\"high\" decoding=\"async\" width=\"690\" height=\"412\" src=\"https:\/\/ophtalmo-bw.be\/wp-content\/uploads\/2025\/11\/specificite-du-lasik.png\" alt=\"\" class=\"wp-image-19725\" srcset=\"https:\/\/ophtalmo-bw.be\/wp-content\/uploads\/2025\/11\/specificite-du-lasik.png 690w, https:\/\/ophtalmo-bw.be\/wp-content\/uploads\/2025\/11\/specificite-du-lasik-300x179.png 300w, https:\/\/ophtalmo-bw.be\/wp-content\/uploads\/2025\/11\/specificite-du-lasik-18x12.png 18w\" sizes=\"(max-width: 690px) 100vw, 690px\" \/><\/figure>\n<\/div>","protected":false},"excerpt":{"rendered":"<p>Le LASIK 100% laser est une technique qui associe un laser femtoseconde et un laser excimer de derni\u00e8re g\u00e9n\u00e9ration. L\u2019op\u00e9ration des yeux au Lasik 100% laser comprend 3 temps successifs : Gr\u00e2ce \u00e0 la sculpture du laser, la corn\u00e9e adopte<\/p>","protected":false},"author":4,"featured_media":0,"parent":0,"menu_order":0,"comment_status":"closed","ping_status":"closed","template":"","meta":{"footnotes":""},"class_list":["post-18255","page","type-page","status-publish","hentry"],"yoast_head":"<!-- This site is optimized with the Yoast SEO plugin v27.2 - https:\/\/yoast.com\/product\/yoast-seo-wordpress\/ -->\n<title>Le LASIK (Laser Assisted In Situ Keratomileusis) - Ophtalmo-BW.be<\/title>\n<meta name=\"robots\" content=\"index, follow, max-snippet:-1, max-image-preview:large, max-video-preview:-1\" \/>\n<link rel=\"canonical\" href=\"https:\/\/ophtalmo-bw.be\/en\/le-lasik-laser-assisted-in-situ-keratomileusis\/\" \/>\n<meta property=\"og:locale\" content=\"en_GB\" \/>\n<meta property=\"og:type\" content=\"article\" \/>\n<meta property=\"og:title\" content=\"Le LASIK (Laser Assisted In Situ Keratomileusis) - Ophtalmo-BW.be\" \/>\n<meta property=\"og:description\" content=\"Le LASIK 100% laser est une technique qui associe un laser femtoseconde et un laser excimer de derni\u00e8re g\u00e9n\u00e9ration. L\u2019op\u00e9ration des yeux au Lasik 100% laser comprend 3 temps successifs : Gr\u00e2ce \u00e0 la sculpture du laser, la corn\u00e9e adopte\" \/>\n<meta property=\"og:url\" content=\"https:\/\/ophtalmo-bw.be\/en\/le-lasik-laser-assisted-in-situ-keratomileusis\/\" \/>\n<meta property=\"og:site_name\" content=\"Ophtalmo-BW.be\" \/>\n<meta property=\"article:modified_time\" content=\"2025-11-12T12:25:59+00:00\" \/>\n<meta property=\"og:image\" content=\"https:\/\/ophtalmo-bw.be\/wp-content\/uploads\/2025\/11\/specificite-du-lasik.png\" \/>\n\t<meta property=\"og:image:width\" content=\"690\" \/>\n\t<meta property=\"og:image:height\" content=\"412\" \/>\n\t<meta property=\"og:image:type\" content=\"image\/png\" \/>\n<meta name=\"twitter:card\" content=\"summary_large_image\" \/>\n<meta name=\"twitter:label1\" content=\"Estimated reading time\" \/>\n\t<meta name=\"twitter:data1\" content=\"3 minutes\" \/>\n<script type=\"application\/ld+json\" class=\"yoast-schema-graph\">{\"@context\":\"https:\/\/schema.org\",\"@graph\":[{\"@type\":\"WebPage\",\"@id\":\"https:\/\/ophtalmo-bw.be\/le-lasik-laser-assisted-in-situ-keratomileusis\/\",\"url\":\"https:\/\/ophtalmo-bw.be\/le-lasik-laser-assisted-in-situ-keratomileusis\/\",\"name\":\"Le LASIK (Laser Assisted In Situ Keratomileusis) - Ophtalmo-BW.be\",\"isPartOf\":{\"@id\":\"https:\/\/ophtalmo-bw.be\/#website\"},\"primaryImageOfPage\":{\"@id\":\"https:\/\/ophtalmo-bw.be\/le-lasik-laser-assisted-in-situ-keratomileusis\/#primaryimage\"},\"image\":{\"@id\":\"https:\/\/ophtalmo-bw.be\/le-lasik-laser-assisted-in-situ-keratomileusis\/#primaryimage\"},\"thumbnailUrl\":\"https:\/\/ophtalmo-bw.be\/wp-content\/uploads\/2025\/11\/specificite-du-lasik.png\",\"datePublished\":\"2021-01-31T03:24:45+00:00\",\"dateModified\":\"2025-11-12T12:25:59+00:00\",\"breadcrumb\":{\"@id\":\"https:\/\/ophtalmo-bw.be\/le-lasik-laser-assisted-in-situ-keratomileusis\/#breadcrumb\"},\"inLanguage\":\"en-GB\",\"potentialAction\":[{\"@type\":\"ReadAction\",\"target\":[\"https:\/\/ophtalmo-bw.be\/le-lasik-laser-assisted-in-situ-keratomileusis\/\"]}]},{\"@type\":\"ImageObject\",\"inLanguage\":\"en-GB\",\"@id\":\"https:\/\/ophtalmo-bw.be\/le-lasik-laser-assisted-in-situ-keratomileusis\/#primaryimage\",\"url\":\"https:\/\/ophtalmo-bw.be\/wp-content\/uploads\/2025\/11\/specificite-du-lasik.png\",\"contentUrl\":\"https:\/\/ophtalmo-bw.be\/wp-content\/uploads\/2025\/11\/specificite-du-lasik.png\"},{\"@type\":\"BreadcrumbList\",\"@id\":\"https:\/\/ophtalmo-bw.be\/le-lasik-laser-assisted-in-situ-keratomileusis\/#breadcrumb\",\"itemListElement\":[{\"@type\":\"ListItem\",\"position\":1,\"name\":\"Accueil\",\"item\":\"https:\/\/ophtalmo-bw.be\/\"},{\"@type\":\"ListItem\",\"position\":2,\"name\":\"Le LASIK (Laser Assisted In Situ Keratomileusis)\"}]},{\"@type\":\"WebSite\",\"@id\":\"https:\/\/ophtalmo-bw.be\/#website\",\"url\":\"https:\/\/ophtalmo-bw.be\/\",\"name\":\"Ophtalmo-BW.be\",\"description\":\"Centre Ophtalmologique 100% laser Brabant Wallon\",\"publisher\":{\"@id\":\"https:\/\/ophtalmo-bw.be\/#organization\"},\"potentialAction\":[{\"@type\":\"SearchAction\",\"target\":{\"@type\":\"EntryPoint\",\"urlTemplate\":\"https:\/\/ophtalmo-bw.be\/?s={search_term_string}\"},\"query-input\":{\"@type\":\"PropertyValueSpecification\",\"valueRequired\":true,\"valueName\":\"search_term_string\"}}],\"inLanguage\":\"en-GB\"},{\"@type\":\"Organization\",\"@id\":\"https:\/\/ophtalmo-bw.be\/#organization\",\"name\":\"Ophtalmo-BW.be\",\"url\":\"https:\/\/ophtalmo-bw.be\/\",\"logo\":{\"@type\":\"ImageObject\",\"inLanguage\":\"en-GB\",\"@id\":\"https:\/\/ophtalmo-bw.be\/#\/schema\/logo\/image\/\",\"url\":\"https:\/\/ophtalmo-bw.be\/wp-content\/uploads\/2020\/09\/logo-min.png\",\"contentUrl\":\"https:\/\/ophtalmo-bw.be\/wp-content\/uploads\/2020\/09\/logo-min.png\",\"width\":106,\"height\":62,\"caption\":\"Ophtalmo-BW.be\"},\"image\":{\"@id\":\"https:\/\/ophtalmo-bw.be\/#\/schema\/logo\/image\/\"}}]}<\/script>\n<!-- \/ Yoast SEO plugin. -->","yoast_head_json":{"title":"Le LASIK (Laser Assisted In Situ Keratomileusis) - Ophtalmo-BW.be","robots":{"index":"index","follow":"follow","max-snippet":"max-snippet:-1","max-image-preview":"max-image-preview:large","max-video-preview":"max-video-preview:-1"},"canonical":"https:\/\/ophtalmo-bw.be\/en\/le-lasik-laser-assisted-in-situ-keratomileusis\/","og_locale":"en_GB","og_type":"article","og_title":"Le LASIK (Laser Assisted In Situ Keratomileusis) - Ophtalmo-BW.be","og_description":"Le LASIK 100% laser est une technique qui associe un laser femtoseconde et un laser excimer de derni\u00e8re g\u00e9n\u00e9ration. L\u2019op\u00e9ration des yeux au Lasik 100% laser comprend 3 temps successifs : Gr\u00e2ce \u00e0 la sculpture du laser, la corn\u00e9e adopte","og_url":"https:\/\/ophtalmo-bw.be\/en\/le-lasik-laser-assisted-in-situ-keratomileusis\/","og_site_name":"Ophtalmo-BW.be","article_modified_time":"2025-11-12T12:25:59+00:00","og_image":[{"width":690,"height":412,"url":"https:\/\/ophtalmo-bw.be\/wp-content\/uploads\/2025\/11\/specificite-du-lasik.png","type":"image\/png"}],"twitter_card":"summary_large_image","twitter_misc":{"Estimated reading time":"3 minutes"},"schema":{"@context":"https:\/\/schema.org","@graph":[{"@type":"WebPage","@id":"https:\/\/ophtalmo-bw.be\/le-lasik-laser-assisted-in-situ-keratomileusis\/","url":"https:\/\/ophtalmo-bw.be\/le-lasik-laser-assisted-in-situ-keratomileusis\/","name":"Le LASIK (Laser Assisted In Situ Keratomileusis) - Ophtalmo-BW.be","isPartOf":{"@id":"https:\/\/ophtalmo-bw.be\/#website"},"primaryImageOfPage":{"@id":"https:\/\/ophtalmo-bw.be\/le-lasik-laser-assisted-in-situ-keratomileusis\/#primaryimage"},"image":{"@id":"https:\/\/ophtalmo-bw.be\/le-lasik-laser-assisted-in-situ-keratomileusis\/#primaryimage"},"thumbnailUrl":"https:\/\/ophtalmo-bw.be\/wp-content\/uploads\/2025\/11\/specificite-du-lasik.png","datePublished":"2021-01-31T03:24:45+00:00","dateModified":"2025-11-12T12:25:59+00:00","breadcrumb":{"@id":"https:\/\/ophtalmo-bw.be\/le-lasik-laser-assisted-in-situ-keratomileusis\/#breadcrumb"},"inLanguage":"en-GB","potentialAction":[{"@type":"ReadAction","target":["https:\/\/ophtalmo-bw.be\/le-lasik-laser-assisted-in-situ-keratomileusis\/"]}]},{"@type":"ImageObject","inLanguage":"en-GB","@id":"https:\/\/ophtalmo-bw.be\/le-lasik-laser-assisted-in-situ-keratomileusis\/#primaryimage","url":"https:\/\/ophtalmo-bw.be\/wp-content\/uploads\/2025\/11\/specificite-du-lasik.png","contentUrl":"https:\/\/ophtalmo-bw.be\/wp-content\/uploads\/2025\/11\/specificite-du-lasik.png"},{"@type":"BreadcrumbList","@id":"https:\/\/ophtalmo-bw.be\/le-lasik-laser-assisted-in-situ-keratomileusis\/#breadcrumb","itemListElement":[{"@type":"ListItem","position":1,"name":"Accueil","item":"https:\/\/ophtalmo-bw.be\/"},{"@type":"ListItem","position":2,"name":"Le LASIK (Laser Assisted In Situ Keratomileusis)"}]},{"@type":"WebSite","@id":"https:\/\/ophtalmo-bw.be\/#website","url":"https:\/\/ophtalmo-bw.be\/","name":"Ophtalmo-BW.be","description":"Centre Ophtalmologique 100% laser Brabant Wallon","publisher":{"@id":"https:\/\/ophtalmo-bw.be\/#organization"},"potentialAction":[{"@type":"SearchAction","target":{"@type":"EntryPoint","urlTemplate":"https:\/\/ophtalmo-bw.be\/?s={search_term_string}"},"query-input":{"@type":"PropertyValueSpecification","valueRequired":true,"valueName":"search_term_string"}}],"inLanguage":"en-GB"},{"@type":"Organization","@id":"https:\/\/ophtalmo-bw.be\/#organization","name":"Ophtalmo-BW.be","url":"https:\/\/ophtalmo-bw.be\/","logo":{"@type":"ImageObject","inLanguage":"en-GB","@id":"https:\/\/ophtalmo-bw.be\/#\/schema\/logo\/image\/","url":"https:\/\/ophtalmo-bw.be\/wp-content\/uploads\/2020\/09\/logo-min.png","contentUrl":"https:\/\/ophtalmo-bw.be\/wp-content\/uploads\/2020\/09\/logo-min.png","width":106,"height":62,"caption":"Ophtalmo-BW.be"},"image":{"@id":"https:\/\/ophtalmo-bw.be\/#\/schema\/logo\/image\/"}}]}},"jetpack_sharing_enabled":true,"jetpack_likes_enabled":false,"_links":{"self":[{"href":"https:\/\/ophtalmo-bw.be\/en\/wp-json\/wp\/v2\/pages\/18255","targetHints":{"allow":["GET"]}}],"collection":[{"href":"https:\/\/ophtalmo-bw.be\/en\/wp-json\/wp\/v2\/pages"}],"about":[{"href":"https:\/\/ophtalmo-bw.be\/en\/wp-json\/wp\/v2\/types\/page"}],"author":[{"embeddable":true,"href":"https:\/\/ophtalmo-bw.be\/en\/wp-json\/wp\/v2\/users\/4"}],"replies":[{"embeddable":true,"href":"https:\/\/ophtalmo-bw.be\/en\/wp-json\/wp\/v2\/comments?post=18255"}],"version-history":[{"count":3,"href":"https:\/\/ophtalmo-bw.be\/en\/wp-json\/wp\/v2\/pages\/18255\/revisions"}],"predecessor-version":[{"id":19728,"href":"https:\/\/ophtalmo-bw.be\/en\/wp-json\/wp\/v2\/pages\/18255\/revisions\/19728"}],"wp:attachment":[{"href":"https:\/\/ophtalmo-bw.be\/en\/wp-json\/wp\/v2\/media?parent=18255"}],"curies":[{"name":"wp","href":"https:\/\/api.w.org\/{rel}","templated":true}]}}