{"id":18961,"date":"2020-08-18T17:23:00","date_gmt":"2020-08-18T15:23:00","guid":{"rendered":"https:\/\/ophtalmo-bw.be\/?p=18961"},"modified":"2025-07-22T12:36:40","modified_gmt":"2025-07-22T10:36:40","slug":"medecins","status":"publish","type":"page","link":"https:\/\/ophtalmo-bw.be\/en\/medecins\/","title":{"rendered":"Doctors"},"content":{"rendered":"<div class=\"wp-block-image\">\n<figure class=\"aligncenter size-full is-resized\"><img fetchpriority=\"high\" decoding=\"async\" width=\"768\" height=\"960\" src=\"https:\/\/ophtalmo-bw.be\/wp-content\/uploads\/2024\/07\/image-1.png\" alt=\"\" class=\"wp-image-18963\" style=\"width:304px;height:auto\" srcset=\"https:\/\/ophtalmo-bw.be\/wp-content\/uploads\/2024\/07\/image-1.png 768w, https:\/\/ophtalmo-bw.be\/wp-content\/uploads\/2024\/07\/image-1-240x300.png 240w\" sizes=\"(max-width: 768px) 100vw, 768px\" \/><\/figure>\n<\/div>\n\n\n<div style=\"height:31px\" aria-hidden=\"true\" class=\"wp-block-spacer\"><\/div>\n\n\n\n<p>Dr SION Anthony, non conventionn\u00e9 (honoraires libres), accr\u00e9dit\u00e9<\/p>\n\n\n\n<p style=\"font-size:0px\">Dr. SION Anthony, non-contracted (free fees), accredited (better reimbursement for patients)<br><\/p>\n\n\n\n<ul style=\"letter-spacing:-1px\" class=\"wp-block-list\">\n<li>FEBO, Fellow of European Bord of Ophthalmology<br><\/li>\n\n\n\n<li>Dipl\u00f4me Inter Universitaire de Chirurgie r\u00e9fractive et cataracte, Paris VI<br><\/li>\n\n\n\n<li>Dipl\u00f4me Inter Universitaire de Corn\u00e9e, Paris VI<br><\/li>\n\n\n\n<li>Dipl\u00f4me Inter Universitaire de Chirurgie Orbito Palp\u00e9bro Lacrymales, Reims<br><\/li>\n\n\n\n<li>Dipl\u00f4me Universitaire d\u2019Imageries r\u00e9tiniennes et traitements maculaires, Paris XII<br><\/li>\n\n\n\n<li>Dipl\u00f4me Universitaire de Neuro Ophtalmologie, Paris VI<\/li>\n<\/ul>\n\n\n\n<div style=\"height:100px\" aria-hidden=\"true\" class=\"wp-block-spacer\"><\/div>\n\n\n<div class=\"wp-block-image\">\n<figure class=\"aligncenter size-full is-resized\"><img decoding=\"async\" width=\"816\" height=\"1017\" src=\"https:\/\/ophtalmo-bw.be\/wp-content\/uploads\/2022\/09\/dr-mahjoub-2.jpg\" alt=\"\" class=\"wp-image-18773\" style=\"width:344px;height:auto\" srcset=\"https:\/\/ophtalmo-bw.be\/wp-content\/uploads\/2022\/09\/dr-mahjoub-2.jpg 816w, https:\/\/ophtalmo-bw.be\/wp-content\/uploads\/2022\/09\/dr-mahjoub-2-241x300.jpg 241w, https:\/\/ophtalmo-bw.be\/wp-content\/uploads\/2022\/09\/dr-mahjoub-2-768x957.jpg 768w\" sizes=\"(max-width: 816px) 100vw, 816px\" \/><\/figure>\n<\/div>\n\n\n<div style=\"height:31px\" aria-hidden=\"true\" class=\"wp-block-spacer\"><\/div>\n\n\n\n<p>DR. MAHJOUB Aymen non conventionn\u00e9 (honoraires libres), accr\u00e9dit\u00e9<\/p>","protected":false},"excerpt":{"rendered":"<p>Dr SION Anthony, non conventionn\u00e9 (honoraires libres), accr\u00e9dit\u00e9 Dr SION Anthony, non conventionn\u00e9 (honoraires libres), accr\u00e9dit\u00e9 (meilleur remboursement pour les patients) DR. MAHJOUB Aymen non conventionn\u00e9 (honoraires libres), accr\u00e9dit\u00e9<\/p>","protected":false},"author":4,"featured_media":0,"parent":0,"menu_order":0,"comment_status":"closed","ping_status":"closed","template":"","meta":{"footnotes":""},"class_list":["post-18961","page","type-page","status-publish","hentry"],"yoast_head":"<!-- This site is optimized with the Yoast SEO plugin v27.4 - https:\/\/yoast.com\/product\/yoast-seo-wordpress\/ -->\n<title>M\u00e9decins - Ophtalmo-BW.be<\/title>\n<meta name=\"robots\" content=\"index, follow, max-snippet:-1, max-image-preview:large, max-video-preview:-1\" \/>\n<link rel=\"canonical\" href=\"https:\/\/ophtalmo-bw.be\/en\/medecins\/\" \/>\n<meta property=\"og:locale\" content=\"en_GB\" \/>\n<meta property=\"og:type\" content=\"article\" \/>\n<meta property=\"og:title\" content=\"M\u00e9decins - Ophtalmo-BW.be\" \/>\n<meta property=\"og:description\" content=\"Dr SION Anthony, non conventionn\u00e9 (honoraires libres), accr\u00e9dit\u00e9 Dr SION Anthony, non conventionn\u00e9 (honoraires libres), accr\u00e9dit\u00e9 (meilleur remboursement pour les patients) DR. MAHJOUB Aymen non conventionn\u00e9 (honoraires libres), accr\u00e9dit\u00e9\" \/>\n<meta property=\"og:url\" content=\"https:\/\/ophtalmo-bw.be\/en\/medecins\/\" \/>\n<meta property=\"og:site_name\" content=\"Ophtalmo-BW.be\" \/>\n<meta property=\"article:modified_time\" content=\"2025-07-22T10:36:40+00:00\" \/>\n<meta property=\"og:image\" content=\"https:\/\/ophtalmo-bw.be\/wp-content\/uploads\/2024\/07\/image-1.png\" \/>\n\t<meta property=\"og:image:width\" content=\"768\" \/>\n\t<meta property=\"og:image:height\" content=\"960\" \/>\n\t<meta property=\"og:image:type\" content=\"image\/png\" \/>\n<meta name=\"twitter:card\" content=\"summary_large_image\" \/>\n<meta name=\"twitter:label1\" content=\"Estimated reading time\" \/>\n\t<meta name=\"twitter:data1\" content=\"1 minute\" \/>\n<script type=\"application\/ld+json\" class=\"yoast-schema-graph\">{\"@context\":\"https:\\\/\\\/schema.org\",\"@graph\":[{\"@type\":\"WebPage\",\"@id\":\"https:\\\/\\\/ophtalmo-bw.be\\\/medecins\\\/\",\"url\":\"https:\\\/\\\/ophtalmo-bw.be\\\/medecins\\\/\",\"name\":\"M\u00e9decins - Ophtalmo-BW.be\",\"isPartOf\":{\"@id\":\"https:\\\/\\\/ophtalmo-bw.be\\\/#website\"},\"primaryImageOfPage\":{\"@id\":\"https:\\\/\\\/ophtalmo-bw.be\\\/medecins\\\/#primaryimage\"},\"image\":{\"@id\":\"https:\\\/\\\/ophtalmo-bw.be\\\/medecins\\\/#primaryimage\"},\"thumbnailUrl\":\"https:\\\/\\\/ophtalmo-bw.be\\\/wp-content\\\/uploads\\\/2024\\\/07\\\/image-1.png\",\"datePublished\":\"2020-08-18T15:23:00+00:00\",\"dateModified\":\"2025-07-22T10:36:40+00:00\",\"breadcrumb\":{\"@id\":\"https:\\\/\\\/ophtalmo-bw.be\\\/medecins\\\/#breadcrumb\"},\"inLanguage\":\"en-GB\",\"potentialAction\":[{\"@type\":\"ReadAction\",\"target\":[\"https:\\\/\\\/ophtalmo-bw.be\\\/medecins\\\/\"]}]},{\"@type\":\"ImageObject\",\"inLanguage\":\"en-GB\",\"@id\":\"https:\\\/\\\/ophtalmo-bw.be\\\/medecins\\\/#primaryimage\",\"url\":\"https:\\\/\\\/ophtalmo-bw.be\\\/wp-content\\\/uploads\\\/2024\\\/07\\\/image-1.png\",\"contentUrl\":\"https:\\\/\\\/ophtalmo-bw.be\\\/wp-content\\\/uploads\\\/2024\\\/07\\\/image-1.png\"},{\"@type\":\"BreadcrumbList\",\"@id\":\"https:\\\/\\\/ophtalmo-bw.be\\\/medecins\\\/#breadcrumb\",\"itemListElement\":[{\"@type\":\"ListItem\",\"position\":1,\"name\":\"Accueil\",\"item\":\"https:\\\/\\\/ophtalmo-bw.be\\\/\"},{\"@type\":\"ListItem\",\"position\":2,\"name\":\"M\u00e9decins\"}]},{\"@type\":\"WebSite\",\"@id\":\"https:\\\/\\\/ophtalmo-bw.be\\\/#website\",\"url\":\"https:\\\/\\\/ophtalmo-bw.be\\\/\",\"name\":\"Ophtalmo-BW.be\",\"description\":\"Centre Ophtalmologique 100% laser Brabant Wallon\",\"publisher\":{\"@id\":\"https:\\\/\\\/ophtalmo-bw.be\\\/#organization\"},\"potentialAction\":[{\"@type\":\"SearchAction\",\"target\":{\"@type\":\"EntryPoint\",\"urlTemplate\":\"https:\\\/\\\/ophtalmo-bw.be\\\/?s={search_term_string}\"},\"query-input\":{\"@type\":\"PropertyValueSpecification\",\"valueRequired\":true,\"valueName\":\"search_term_string\"}}],\"inLanguage\":\"en-GB\"},{\"@type\":\"Organization\",\"@id\":\"https:\\\/\\\/ophtalmo-bw.be\\\/#organization\",\"name\":\"Ophtalmo-BW.be\",\"url\":\"https:\\\/\\\/ophtalmo-bw.be\\\/\",\"logo\":{\"@type\":\"ImageObject\",\"inLanguage\":\"en-GB\",\"@id\":\"https:\\\/\\\/ophtalmo-bw.be\\\/#\\\/schema\\\/logo\\\/image\\\/\",\"url\":\"https:\\\/\\\/ophtalmo-bw.be\\\/wp-content\\\/uploads\\\/2020\\\/09\\\/logo-min.png\",\"contentUrl\":\"https:\\\/\\\/ophtalmo-bw.be\\\/wp-content\\\/uploads\\\/2020\\\/09\\\/logo-min.png\",\"width\":106,\"height\":62,\"caption\":\"Ophtalmo-BW.be\"},\"image\":{\"@id\":\"https:\\\/\\\/ophtalmo-bw.be\\\/#\\\/schema\\\/logo\\\/image\\\/\"}}]}<\/script>\n<!-- \/ Yoast SEO plugin. -->","yoast_head_json":{"title":"M\u00e9decins - Ophtalmo-BW.be","robots":{"index":"index","follow":"follow","max-snippet":"max-snippet:-1","max-image-preview":"max-image-preview:large","max-video-preview":"max-video-preview:-1"},"canonical":"https:\/\/ophtalmo-bw.be\/en\/medecins\/","og_locale":"en_GB","og_type":"article","og_title":"M\u00e9decins - Ophtalmo-BW.be","og_description":"Dr SION Anthony, non conventionn\u00e9 (honoraires libres), accr\u00e9dit\u00e9 Dr SION Anthony, non conventionn\u00e9 (honoraires libres), accr\u00e9dit\u00e9 (meilleur remboursement pour les patients) DR. MAHJOUB Aymen non conventionn\u00e9 (honoraires libres), accr\u00e9dit\u00e9","og_url":"https:\/\/ophtalmo-bw.be\/en\/medecins\/","og_site_name":"Ophtalmo-BW.be","article_modified_time":"2025-07-22T10:36:40+00:00","og_image":[{"width":768,"height":960,"url":"https:\/\/ophtalmo-bw.be\/wp-content\/uploads\/2024\/07\/image-1.png","type":"image\/png"}],"twitter_card":"summary_large_image","twitter_misc":{"Estimated reading time":"1 minute"},"schema":{"@context":"https:\/\/schema.org","@graph":[{"@type":"WebPage","@id":"https:\/\/ophtalmo-bw.be\/medecins\/","url":"https:\/\/ophtalmo-bw.be\/medecins\/","name":"M\u00e9decins - Ophtalmo-BW.be","isPartOf":{"@id":"https:\/\/ophtalmo-bw.be\/#website"},"primaryImageOfPage":{"@id":"https:\/\/ophtalmo-bw.be\/medecins\/#primaryimage"},"image":{"@id":"https:\/\/ophtalmo-bw.be\/medecins\/#primaryimage"},"thumbnailUrl":"https:\/\/ophtalmo-bw.be\/wp-content\/uploads\/2024\/07\/image-1.png","datePublished":"2020-08-18T15:23:00+00:00","dateModified":"2025-07-22T10:36:40+00:00","breadcrumb":{"@id":"https:\/\/ophtalmo-bw.be\/medecins\/#breadcrumb"},"inLanguage":"en-GB","potentialAction":[{"@type":"ReadAction","target":["https:\/\/ophtalmo-bw.be\/medecins\/"]}]},{"@type":"ImageObject","inLanguage":"en-GB","@id":"https:\/\/ophtalmo-bw.be\/medecins\/#primaryimage","url":"https:\/\/ophtalmo-bw.be\/wp-content\/uploads\/2024\/07\/image-1.png","contentUrl":"https:\/\/ophtalmo-bw.be\/wp-content\/uploads\/2024\/07\/image-1.png"},{"@type":"BreadcrumbList","@id":"https:\/\/ophtalmo-bw.be\/medecins\/#breadcrumb","itemListElement":[{"@type":"ListItem","position":1,"name":"Accueil","item":"https:\/\/ophtalmo-bw.be\/"},{"@type":"ListItem","position":2,"name":"M\u00e9decins"}]},{"@type":"WebSite","@id":"https:\/\/ophtalmo-bw.be\/#website","url":"https:\/\/ophtalmo-bw.be\/","name":"Ophtalmo-BW.be","description":"Centre Ophtalmologique 100% laser Brabant Wallon","publisher":{"@id":"https:\/\/ophtalmo-bw.be\/#organization"},"potentialAction":[{"@type":"SearchAction","target":{"@type":"EntryPoint","urlTemplate":"https:\/\/ophtalmo-bw.be\/?s={search_term_string}"},"query-input":{"@type":"PropertyValueSpecification","valueRequired":true,"valueName":"search_term_string"}}],"inLanguage":"en-GB"},{"@type":"Organization","@id":"https:\/\/ophtalmo-bw.be\/#organization","name":"Ophtalmo-BW.be","url":"https:\/\/ophtalmo-bw.be\/","logo":{"@type":"ImageObject","inLanguage":"en-GB","@id":"https:\/\/ophtalmo-bw.be\/#\/schema\/logo\/image\/","url":"https:\/\/ophtalmo-bw.be\/wp-content\/uploads\/2020\/09\/logo-min.png","contentUrl":"https:\/\/ophtalmo-bw.be\/wp-content\/uploads\/2020\/09\/logo-min.png","width":106,"height":62,"caption":"Ophtalmo-BW.be"},"image":{"@id":"https:\/\/ophtalmo-bw.be\/#\/schema\/logo\/image\/"}}]}},"jetpack_sharing_enabled":true,"jetpack_likes_enabled":false,"_links":{"self":[{"href":"https:\/\/ophtalmo-bw.be\/en\/wp-json\/wp\/v2\/pages\/18961","targetHints":{"allow":["GET"]}}],"collection":[{"href":"https:\/\/ophtalmo-bw.be\/en\/wp-json\/wp\/v2\/pages"}],"about":[{"href":"https:\/\/ophtalmo-bw.be\/en\/wp-json\/wp\/v2\/types\/page"}],"author":[{"embeddable":true,"href":"https:\/\/ophtalmo-bw.be\/en\/wp-json\/wp\/v2\/users\/4"}],"replies":[{"embeddable":true,"href":"https:\/\/ophtalmo-bw.be\/en\/wp-json\/wp\/v2\/comments?post=18961"}],"version-history":[{"count":4,"href":"https:\/\/ophtalmo-bw.be\/en\/wp-json\/wp\/v2\/pages\/18961\/revisions"}],"predecessor-version":[{"id":19651,"href":"https:\/\/ophtalmo-bw.be\/en\/wp-json\/wp\/v2\/pages\/18961\/revisions\/19651"}],"wp:attachment":[{"href":"https:\/\/ophtalmo-bw.be\/en\/wp-json\/wp\/v2\/media?parent=18961"}],"curies":[{"name":"wp","href":"https:\/\/api.w.org\/{rel}","templated":true}]}}