{"id":19469,"date":"2024-09-12T10:35:14","date_gmt":"2024-09-12T08:35:14","guid":{"rendered":"https:\/\/ophtalmo-bw.be\/?page_id=19469"},"modified":"2024-09-12T10:35:24","modified_gmt":"2024-09-12T08:35:24","slug":"faqs","status":"publish","type":"page","link":"https:\/\/ophtalmo-bw.be\/en\/faqs\/","title":{"rendered":"FAQ"},"content":{"rendered":"<div class=\"qae-faqs-container qae-faqs-toggle-container\">\n\t\t\t\t\t\t<div id=\"qaef-19329\" class=\"qe-faq-toggle\">\n\t\t\t<div class=\"qe-toggle-title\">\n\t\t\t\t<h4>\n\t\t\t\t\t<i class=\"fa fa-minus-circle\"><\/i> Quels sont les risques d&#8217;une intervention laser?\t\t\t\t<\/h4>\n\t\t\t<\/div>\n\t\t\t<div class=\"qe-toggle-content\">\n\t\t\t\t\n<p>There is no such thing as 0 risk in medicine.<\/p>\n\n\n\n<p class=\"translation-block\">However, with today's lasers and preoperative measuring devices, postoperative results can be predicted in over 99.5% of cases.&lt;br The possibility of complications is present, but exceptional.<\/p>\n\n\n\n<p>The risk of going blind is virtually zero.<\/p>\n\n\n\n<p id=\"block-1471b2dc-596d-4146-81c9-3b88a8226847\">Minor complications are estimated at less than 0.8% according to the SNOF (Syndicat National des ophtalmologues de France).<\/p>\n\n\n\n<p>Laser surgery is some thirty years old, and has been around since the 1990s. Lasers have improved considerably, with micron-level precision, since the 2000s.<\/p>\n\n\n\n<p>It should also be noted that, thanks to major technological advances in corneal topography, we are able to carry out ultra-precise pre-operative examinations, enabling us to pre-select eligible patients and obtain results that are close to 100% satisfactory.<\/p>\n\n\n\n<p>Any operation inevitably involves risks of undesirable effects and potential complications.<\/p>\n\n\n\n<ul class=\"wp-block-list\">\n<li>A sensation of dryness is common after laser treatment for the first few months. This is often well tolerated with the instillation of artificial tears.<\/li>\n\n\n\n<li>The risk of infection is exceptional, around 1 in 3,000 cases. Antibiotic eye drops are prescribed to prevent this.<\/li>\n\n\n\n<li>Light halos have been described by some patients, often already photophobic before the operation, with clear irises and large physiological pupils. In the vast majority of cases, this undesirable effect corrects itself spontaneously after 1 month.<\/li>\n\n\n\n<li>One absolute contraindication to laser treatment is a pathological cone-shaped cornea (keratoconus) due to its anatomical constitution and fragility.<\/li>\n<\/ul>\n\n\n\n<p>For around 15 years now, preoperative measurement devices have been used to effectively detect these cases of exclusion.<\/p>\n\n\n\n<p>Since their launch in 1987, these lasers have used Excimer gas.<\/p>\n\n\n\n<p>Lasers are more powerful and faster, but the principle of sculpting the cornea remains the same.<\/p>\n\n\n\n<p>Worldwide, around 1 million people a year undergo laser eye surgery to eliminate their dependence on glasses.<\/p>\n\n\n\n<p>The risk of total loss of sight is so rare, if not non-existent, that there is currently no statistical data in the literature.<\/p>\n\t\t\t<\/div>\n\t\t<\/div>\n\t\t\t\t<div id=\"qaef-19328\" class=\"qe-faq-toggle\">\n\t\t\t<div class=\"qe-toggle-title\">\n\t\t\t\t<h4>\n\t\t\t\t\t<i class=\"fa fa-minus-circle\"><\/i> Que se passe t-il si je bouge mon \u0153il pendant l&#8217;intervention au laser?\t\t\t\t<\/h4>\n\t\t\t<\/div>\n\t\t\t<div class=\"qe-toggle-content\">\n\t\t\t\t\n<p>Most of the latest generation lasers, like the one at the Clinique du Parc, are equipped with an eye tracker.<\/p>\n\n\n\n<p>A camera constantly follows the movements of the treated eye, even micro-movements. The laser adapts in real time to the position of the eye.<\/p>\n\n\n\n<p>If the movement is too large, the laser will automatically stop until the fixation is resumed.<\/p>\n\n\n\n<p>It is virtually impossible to unintentionally treat an area outside the treatment field.<\/p>\n\t\t\t<\/div>\n\t\t<\/div>\n\t\t\t\t<div id=\"qaef-19327\" class=\"qe-faq-toggle\">\n\t\t\t<div class=\"qe-toggle-title\">\n\t\t\t\t<h4>\n\t\t\t\t\t<i class=\"fa fa-minus-circle\"><\/i> Y a t-il des risques \u00e0 se faire op\u00e9rer au laser de la myopie?\t\t\t\t<\/h4>\n\t\t\t<\/div>\n\t\t\t<div class=\"qe-toggle-content\">\n\t\t\t\t\n<p>Complications are possible, but exceptional.<\/p>\n\n\n\n<p>The risk of going blind is virtually zero.<\/p>\n\n\n\n<p>Minor complications are estimated at less than 0.8% according to the SNOF (Syndicat National des ophtalmologues de France).<\/p>\n\n\n\n<p>Laser surgery is some thirty years old, and has been around since the 1990s. Lasers have improved considerably, with micron-level precision, since the 2000s.<\/p>\n\n\n\n<p>It should also be noted that, thanks to major technological advances in corneal topography, we are able to carry out ultra-precise pre-operative examinations, enabling us to pre-select eligible patients and obtain results that are close to 100% satisfactory.<\/p>\n\t\t\t<\/div>\n\t\t<\/div>\n\t\t\t\t<div id=\"qaef-19326\" class=\"qe-faq-toggle\">\n\t\t\t<div class=\"qe-toggle-title\">\n\t\t\t\t<h4>\n\t\t\t\t\t<i class=\"fa fa-minus-circle\"><\/i> L&#8217;intervention, \u00e7a fait mal?\t\t\t\t<\/h4>\n\t\t\t<\/div>\n\t\t\t<div class=\"qe-toggle-content\">\n\t\t\t\t\n<p>The laser procedure is carried out under topical anaesthetic (by instilling drops only) to numb the surface of the eye.<\/p>\n\n\n\n<p>There is no stinging around or in the eye.<\/p>\n\n\n\n<p>Laser treatment is TOTALLY painless.<\/p>\n\n\n\n<p>The femtosecond laser is used to make a fine cut in the cap, and the flattening cone is brought into contact with the eye for a few seconds to ensure that it follows the shape of the cornea.<\/p>\n\n\n\n<p>Patients may feel a sensation of suction, and for some of them this causes a slightly unpleasant transient sensation.<\/p>\n\t\t\t<\/div>\n\t\t<\/div>\n\t\t\t\t<div id=\"qaef-19325\" class=\"qe-faq-toggle\">\n\t\t\t<div class=\"qe-toggle-title\">\n\t\t\t\t<h4>\n\t\t\t\t\t<i class=\"fa fa-minus-circle\"><\/i> L&#8217;intervention laser se fait sous anesth\u00e9sie g\u00e9n\u00e9rale?\t\t\t\t<\/h4>\n\t\t\t<\/div>\n\t\t\t<div class=\"qe-toggle-content\">\n\t\t\t\t\n<p>NO, never.<\/p>\n\n\n\n<p>Refractive surgery is performed exclusively under local anaesthetic using eye drops. No needles are required to numb the eye, just the drops.<\/p>\n\n\n\n<p>The procedure is completely painless.<\/p>\n\n\n\n<p>Depending on the technique used, postoperative patients may experience eye pain, which is usually well managed by painkillers, and photophobia for the first 48-72 hours.<\/p>\n\t\t\t<\/div>\n\t\t<\/div>\n\t\t            <\/div>","protected":false},"excerpt":{"rendered":"","protected":false},"author":8,"featured_media":0,"parent":0,"menu_order":0,"comment_status":"closed","ping_status":"closed","template":"","meta":{"footnotes":""},"class_list":["post-19469","page","type-page","status-publish","hentry"],"yoast_head":"<!-- This site is optimized with the Yoast SEO plugin v27.4 - https:\/\/yoast.com\/product\/yoast-seo-wordpress\/ -->\n<title>FAQ - Ophtalmo-BW.be<\/title>\n<meta name=\"robots\" content=\"index, follow, max-snippet:-1, max-image-preview:large, max-video-preview:-1\" \/>\n<link rel=\"canonical\" href=\"https:\/\/ophtalmo-bw.be\/en\/faqs\/\" \/>\n<meta property=\"og:locale\" content=\"en_GB\" \/>\n<meta property=\"og:type\" content=\"article\" \/>\n<meta property=\"og:title\" content=\"FAQ - Ophtalmo-BW.be\" \/>\n<meta property=\"og:url\" content=\"https:\/\/ophtalmo-bw.be\/en\/faqs\/\" \/>\n<meta property=\"og:site_name\" content=\"Ophtalmo-BW.be\" \/>\n<meta property=\"article:modified_time\" content=\"2024-09-12T08:35:24+00:00\" \/>\n<meta name=\"twitter:card\" content=\"summary_large_image\" \/>\n<meta name=\"twitter:label1\" content=\"Estimated reading time\" \/>\n\t<meta name=\"twitter:data1\" content=\"1 minute\" \/>\n<script type=\"application\/ld+json\" class=\"yoast-schema-graph\">{\"@context\":\"https:\\\/\\\/schema.org\",\"@graph\":[{\"@type\":\"WebPage\",\"@id\":\"https:\\\/\\\/ophtalmo-bw.be\\\/faqs\\\/\",\"url\":\"https:\\\/\\\/ophtalmo-bw.be\\\/faqs\\\/\",\"name\":\"FAQ - Ophtalmo-BW.be\",\"isPartOf\":{\"@id\":\"https:\\\/\\\/ophtalmo-bw.be\\\/#website\"},\"datePublished\":\"2024-09-12T08:35:14+00:00\",\"dateModified\":\"2024-09-12T08:35:24+00:00\",\"breadcrumb\":{\"@id\":\"https:\\\/\\\/ophtalmo-bw.be\\\/faqs\\\/#breadcrumb\"},\"inLanguage\":\"en-GB\",\"potentialAction\":[{\"@type\":\"ReadAction\",\"target\":[\"https:\\\/\\\/ophtalmo-bw.be\\\/faqs\\\/\"]}]},{\"@type\":\"BreadcrumbList\",\"@id\":\"https:\\\/\\\/ophtalmo-bw.be\\\/faqs\\\/#breadcrumb\",\"itemListElement\":[{\"@type\":\"ListItem\",\"position\":1,\"name\":\"Accueil\",\"item\":\"https:\\\/\\\/ophtalmo-bw.be\\\/\"},{\"@type\":\"ListItem\",\"position\":2,\"name\":\"FAQ\"}]},{\"@type\":\"WebSite\",\"@id\":\"https:\\\/\\\/ophtalmo-bw.be\\\/#website\",\"url\":\"https:\\\/\\\/ophtalmo-bw.be\\\/\",\"name\":\"Ophtalmo-BW.be\",\"description\":\"Centre Ophtalmologique 100% laser Brabant Wallon\",\"publisher\":{\"@id\":\"https:\\\/\\\/ophtalmo-bw.be\\\/#organization\"},\"potentialAction\":[{\"@type\":\"SearchAction\",\"target\":{\"@type\":\"EntryPoint\",\"urlTemplate\":\"https:\\\/\\\/ophtalmo-bw.be\\\/?s={search_term_string}\"},\"query-input\":{\"@type\":\"PropertyValueSpecification\",\"valueRequired\":true,\"valueName\":\"search_term_string\"}}],\"inLanguage\":\"en-GB\"},{\"@type\":\"Organization\",\"@id\":\"https:\\\/\\\/ophtalmo-bw.be\\\/#organization\",\"name\":\"Ophtalmo-BW.be\",\"url\":\"https:\\\/\\\/ophtalmo-bw.be\\\/\",\"logo\":{\"@type\":\"ImageObject\",\"inLanguage\":\"en-GB\",\"@id\":\"https:\\\/\\\/ophtalmo-bw.be\\\/#\\\/schema\\\/logo\\\/image\\\/\",\"url\":\"https:\\\/\\\/ophtalmo-bw.be\\\/wp-content\\\/uploads\\\/2020\\\/09\\\/logo-min.png\",\"contentUrl\":\"https:\\\/\\\/ophtalmo-bw.be\\\/wp-content\\\/uploads\\\/2020\\\/09\\\/logo-min.png\",\"width\":106,\"height\":62,\"caption\":\"Ophtalmo-BW.be\"},\"image\":{\"@id\":\"https:\\\/\\\/ophtalmo-bw.be\\\/#\\\/schema\\\/logo\\\/image\\\/\"}}]}<\/script>\n<!-- \/ Yoast SEO plugin. -->","yoast_head_json":{"title":"FAQ - Ophtalmo-BW.be","robots":{"index":"index","follow":"follow","max-snippet":"max-snippet:-1","max-image-preview":"max-image-preview:large","max-video-preview":"max-video-preview:-1"},"canonical":"https:\/\/ophtalmo-bw.be\/en\/faqs\/","og_locale":"en_GB","og_type":"article","og_title":"FAQ - Ophtalmo-BW.be","og_url":"https:\/\/ophtalmo-bw.be\/en\/faqs\/","og_site_name":"Ophtalmo-BW.be","article_modified_time":"2024-09-12T08:35:24+00:00","twitter_card":"summary_large_image","twitter_misc":{"Estimated reading time":"1 minute"},"schema":{"@context":"https:\/\/schema.org","@graph":[{"@type":"WebPage","@id":"https:\/\/ophtalmo-bw.be\/faqs\/","url":"https:\/\/ophtalmo-bw.be\/faqs\/","name":"FAQ - Ophtalmo-BW.be","isPartOf":{"@id":"https:\/\/ophtalmo-bw.be\/#website"},"datePublished":"2024-09-12T08:35:14+00:00","dateModified":"2024-09-12T08:35:24+00:00","breadcrumb":{"@id":"https:\/\/ophtalmo-bw.be\/faqs\/#breadcrumb"},"inLanguage":"en-GB","potentialAction":[{"@type":"ReadAction","target":["https:\/\/ophtalmo-bw.be\/faqs\/"]}]},{"@type":"BreadcrumbList","@id":"https:\/\/ophtalmo-bw.be\/faqs\/#breadcrumb","itemListElement":[{"@type":"ListItem","position":1,"name":"Accueil","item":"https:\/\/ophtalmo-bw.be\/"},{"@type":"ListItem","position":2,"name":"FAQ"}]},{"@type":"WebSite","@id":"https:\/\/ophtalmo-bw.be\/#website","url":"https:\/\/ophtalmo-bw.be\/","name":"Ophtalmo-BW.be","description":"Centre Ophtalmologique 100% laser Brabant Wallon","publisher":{"@id":"https:\/\/ophtalmo-bw.be\/#organization"},"potentialAction":[{"@type":"SearchAction","target":{"@type":"EntryPoint","urlTemplate":"https:\/\/ophtalmo-bw.be\/?s={search_term_string}"},"query-input":{"@type":"PropertyValueSpecification","valueRequired":true,"valueName":"search_term_string"}}],"inLanguage":"en-GB"},{"@type":"Organization","@id":"https:\/\/ophtalmo-bw.be\/#organization","name":"Ophtalmo-BW.be","url":"https:\/\/ophtalmo-bw.be\/","logo":{"@type":"ImageObject","inLanguage":"en-GB","@id":"https:\/\/ophtalmo-bw.be\/#\/schema\/logo\/image\/","url":"https:\/\/ophtalmo-bw.be\/wp-content\/uploads\/2020\/09\/logo-min.png","contentUrl":"https:\/\/ophtalmo-bw.be\/wp-content\/uploads\/2020\/09\/logo-min.png","width":106,"height":62,"caption":"Ophtalmo-BW.be"},"image":{"@id":"https:\/\/ophtalmo-bw.be\/#\/schema\/logo\/image\/"}}]}},"jetpack_sharing_enabled":true,"jetpack_likes_enabled":false,"_links":{"self":[{"href":"https:\/\/ophtalmo-bw.be\/en\/wp-json\/wp\/v2\/pages\/19469","targetHints":{"allow":["GET"]}}],"collection":[{"href":"https:\/\/ophtalmo-bw.be\/en\/wp-json\/wp\/v2\/pages"}],"about":[{"href":"https:\/\/ophtalmo-bw.be\/en\/wp-json\/wp\/v2\/types\/page"}],"author":[{"embeddable":true,"href":"https:\/\/ophtalmo-bw.be\/en\/wp-json\/wp\/v2\/users\/8"}],"replies":[{"embeddable":true,"href":"https:\/\/ophtalmo-bw.be\/en\/wp-json\/wp\/v2\/comments?post=19469"}],"version-history":[{"count":3,"href":"https:\/\/ophtalmo-bw.be\/en\/wp-json\/wp\/v2\/pages\/19469\/revisions"}],"predecessor-version":[{"id":19472,"href":"https:\/\/ophtalmo-bw.be\/en\/wp-json\/wp\/v2\/pages\/19469\/revisions\/19472"}],"wp:attachment":[{"href":"https:\/\/ophtalmo-bw.be\/en\/wp-json\/wp\/v2\/media?parent=19469"}],"curies":[{"name":"wp","href":"https:\/\/api.w.org\/{rel}","templated":true}]}}