{"id":19525,"date":"2025-03-03T20:08:32","date_gmt":"2025-03-03T19:08:32","guid":{"rendered":"https:\/\/ophtalmo-bw.be\/?page_id=19525"},"modified":"2026-02-16T18:04:33","modified_gmt":"2026-02-16T17:04:33","slug":"transpkr","status":"publish","type":"page","link":"https:\/\/ophtalmo-bw.be\/en\/transpkr\/","title":{"rendered":"TransPRK"},"content":{"rendered":"<h2 class=\"wp-block-heading\">Clear Vision with TransPRK \u2013 Gentle Laser Eye Surgery<\/h2>\n\n\n\n<p class=\"translation-block\">Would you like to see clearly without glasses or contact lenses? <strong>TransPRK<\/strong> could be the right choice for you. This advanced laser treatment corrects vision problems like <strong>nearsightedness<\/strong> (myopia), farsightedness (hyperopia), and <strong>astigmatism<\/strong>, all in a gentle, <strong>touch-free<\/strong> procedure.<\/p>\n\n\n\n<h3 class=\"wp-block-heading\">How does TransPRK work?<\/h3>\n\n\n\n<p class=\"translation-block\">With <strong>TransPRK<\/strong>, your eye doctor uses an <strong>excimer laser<\/strong> to reshape the surface of your cornea\u2014without cutting, without flaps, and without any mechanical instruments touching your eye. The laser gently removes the outermost layer of the cornea (the <strong>epithelium<\/strong>) and then corrects your vision in one step.<\/p>\n\n\n\n<h3 class=\"wp-block-heading\">Why choose TransPRK?<\/h3>\n\n\n\n<p class=\"translation-block\">\u2705 <strong>Contactless<\/strong> \u2013 no instrument directly touches your eye<br>\u2705 <strong>Suitable for thin corneas<\/strong> \u2013 an ideal option if LASIK is not an option for you<br>\u2705 <strong>Gentle and precise technique<\/strong> \u2013 only the action of the laser<br>\u2705 <strong>Personalized treatment<\/strong> \u2013 tailored to the unique shape of your eyes<\/p>\n\n\n\n<p class=\"translation-block\"><strong>TransPRK<\/strong> offers a <strong>modern, safe and effective<\/strong> solution to regain clear vision, especially if you have a <strong>thin cornea<\/strong> or an <strong>active lifestyle<\/strong>, where creating a flap (as in LASIK) could pose a risk.<\/p>\n\n\n\n<h3 class=\"wp-block-heading\">Is TransPRK right for you?<\/h3>\n\n\n\n<p class=\"translation-block\">If you want to regain <strong>clear vision without glasses<\/strong> and prefer a <strong>gentle, blade-free<\/strong> treatment, talk to your eye doctor to see if <strong>TransPRK<\/strong> is right for you.<\/p>\n\n\n\n<figure class=\"wp-block-embed is-type-video is-provider-youtube wp-block-embed-youtube wp-embed-aspect-4-3 wp-has-aspect-ratio\"><div class=\"wp-block-embed__wrapper\">\nhttps:\/\/www.youtube.com\/watch?v=-dCeVhH0yY8\n<\/div><\/figure>\n\n\n\n<p><\/p>","protected":false},"excerpt":{"rendered":"<p>Une vision claire avec la TransPRK \u2013 La correction laser tout en douceur Vous r\u00eavez de voir clairement sans lunettes ni lentilles de contact ? La TransPRK pourrait \u00eatre la solution id\u00e9ale pour vous. Ce traitement laser de pointe corrige<\/p>","protected":false},"author":8,"featured_media":0,"parent":0,"menu_order":0,"comment_status":"closed","ping_status":"closed","template":"","meta":{"footnotes":""},"class_list":["post-19525","page","type-page","status-publish","hentry"],"yoast_head":"<!-- This site is optimized with the Yoast SEO plugin v27.4 - https:\/\/yoast.com\/product\/yoast-seo-wordpress\/ -->\n<title>TransPKR - Ophtalmo-BW.be<\/title>\n<meta name=\"robots\" content=\"index, follow, max-snippet:-1, max-image-preview:large, max-video-preview:-1\" \/>\n<link rel=\"canonical\" href=\"https:\/\/ophtalmo-bw.be\/en\/transpkr\/\" \/>\n<meta property=\"og:locale\" content=\"en_GB\" \/>\n<meta property=\"og:type\" content=\"article\" \/>\n<meta property=\"og:title\" content=\"TransPKR - Ophtalmo-BW.be\" \/>\n<meta property=\"og:description\" content=\"Une vision claire avec la TransPRK \u2013 La correction laser tout en douceur Vous r\u00eavez de voir clairement sans lunettes ni lentilles de contact ? La TransPRK pourrait \u00eatre la solution id\u00e9ale pour vous. Ce traitement laser de pointe corrige\" \/>\n<meta property=\"og:url\" content=\"https:\/\/ophtalmo-bw.be\/en\/transpkr\/\" \/>\n<meta property=\"og:site_name\" content=\"Ophtalmo-BW.be\" \/>\n<meta property=\"article:modified_time\" content=\"2026-02-16T17:04:33+00:00\" \/>\n<meta name=\"twitter:card\" content=\"summary_large_image\" \/>\n<meta name=\"twitter:label1\" content=\"Estimated reading time\" \/>\n\t<meta name=\"twitter:data1\" content=\"2 minutes\" \/>\n<script type=\"application\/ld+json\" class=\"yoast-schema-graph\">{\"@context\":\"https:\\\/\\\/schema.org\",\"@graph\":[{\"@type\":\"WebPage\",\"@id\":\"https:\\\/\\\/ophtalmo-bw.be\\\/transpkr\\\/\",\"url\":\"https:\\\/\\\/ophtalmo-bw.be\\\/transpkr\\\/\",\"name\":\"TransPKR - Ophtalmo-BW.be\",\"isPartOf\":{\"@id\":\"https:\\\/\\\/ophtalmo-bw.be\\\/#website\"},\"datePublished\":\"2025-03-03T19:08:32+00:00\",\"dateModified\":\"2026-02-16T17:04:33+00:00\",\"breadcrumb\":{\"@id\":\"https:\\\/\\\/ophtalmo-bw.be\\\/transpkr\\\/#breadcrumb\"},\"inLanguage\":\"en-GB\",\"potentialAction\":[{\"@type\":\"ReadAction\",\"target\":[\"https:\\\/\\\/ophtalmo-bw.be\\\/transpkr\\\/\"]}]},{\"@type\":\"BreadcrumbList\",\"@id\":\"https:\\\/\\\/ophtalmo-bw.be\\\/transpkr\\\/#breadcrumb\",\"itemListElement\":[{\"@type\":\"ListItem\",\"position\":1,\"name\":\"Accueil\",\"item\":\"https:\\\/\\\/ophtalmo-bw.be\\\/\"},{\"@type\":\"ListItem\",\"position\":2,\"name\":\"TransPKR\"}]},{\"@type\":\"WebSite\",\"@id\":\"https:\\\/\\\/ophtalmo-bw.be\\\/#website\",\"url\":\"https:\\\/\\\/ophtalmo-bw.be\\\/\",\"name\":\"Ophtalmo-BW.be\",\"description\":\"Centre Ophtalmologique 100% laser Brabant Wallon\",\"publisher\":{\"@id\":\"https:\\\/\\\/ophtalmo-bw.be\\\/#organization\"},\"potentialAction\":[{\"@type\":\"SearchAction\",\"target\":{\"@type\":\"EntryPoint\",\"urlTemplate\":\"https:\\\/\\\/ophtalmo-bw.be\\\/?s={search_term_string}\"},\"query-input\":{\"@type\":\"PropertyValueSpecification\",\"valueRequired\":true,\"valueName\":\"search_term_string\"}}],\"inLanguage\":\"en-GB\"},{\"@type\":\"Organization\",\"@id\":\"https:\\\/\\\/ophtalmo-bw.be\\\/#organization\",\"name\":\"Ophtalmo-BW.be\",\"url\":\"https:\\\/\\\/ophtalmo-bw.be\\\/\",\"logo\":{\"@type\":\"ImageObject\",\"inLanguage\":\"en-GB\",\"@id\":\"https:\\\/\\\/ophtalmo-bw.be\\\/#\\\/schema\\\/logo\\\/image\\\/\",\"url\":\"https:\\\/\\\/ophtalmo-bw.be\\\/wp-content\\\/uploads\\\/2020\\\/09\\\/logo-min.png\",\"contentUrl\":\"https:\\\/\\\/ophtalmo-bw.be\\\/wp-content\\\/uploads\\\/2020\\\/09\\\/logo-min.png\",\"width\":106,\"height\":62,\"caption\":\"Ophtalmo-BW.be\"},\"image\":{\"@id\":\"https:\\\/\\\/ophtalmo-bw.be\\\/#\\\/schema\\\/logo\\\/image\\\/\"}}]}<\/script>\n<!-- \/ Yoast SEO plugin. -->","yoast_head_json":{"title":"TransPKR - Ophtalmo-BW.be","robots":{"index":"index","follow":"follow","max-snippet":"max-snippet:-1","max-image-preview":"max-image-preview:large","max-video-preview":"max-video-preview:-1"},"canonical":"https:\/\/ophtalmo-bw.be\/en\/transpkr\/","og_locale":"en_GB","og_type":"article","og_title":"TransPKR - Ophtalmo-BW.be","og_description":"Une vision claire avec la TransPRK \u2013 La correction laser tout en douceur Vous r\u00eavez de voir clairement sans lunettes ni lentilles de contact ? La TransPRK pourrait \u00eatre la solution id\u00e9ale pour vous. Ce traitement laser de pointe corrige","og_url":"https:\/\/ophtalmo-bw.be\/en\/transpkr\/","og_site_name":"Ophtalmo-BW.be","article_modified_time":"2026-02-16T17:04:33+00:00","twitter_card":"summary_large_image","twitter_misc":{"Estimated reading time":"2 minutes"},"schema":{"@context":"https:\/\/schema.org","@graph":[{"@type":"WebPage","@id":"https:\/\/ophtalmo-bw.be\/transpkr\/","url":"https:\/\/ophtalmo-bw.be\/transpkr\/","name":"TransPKR - Ophtalmo-BW.be","isPartOf":{"@id":"https:\/\/ophtalmo-bw.be\/#website"},"datePublished":"2025-03-03T19:08:32+00:00","dateModified":"2026-02-16T17:04:33+00:00","breadcrumb":{"@id":"https:\/\/ophtalmo-bw.be\/transpkr\/#breadcrumb"},"inLanguage":"en-GB","potentialAction":[{"@type":"ReadAction","target":["https:\/\/ophtalmo-bw.be\/transpkr\/"]}]},{"@type":"BreadcrumbList","@id":"https:\/\/ophtalmo-bw.be\/transpkr\/#breadcrumb","itemListElement":[{"@type":"ListItem","position":1,"name":"Accueil","item":"https:\/\/ophtalmo-bw.be\/"},{"@type":"ListItem","position":2,"name":"TransPKR"}]},{"@type":"WebSite","@id":"https:\/\/ophtalmo-bw.be\/#website","url":"https:\/\/ophtalmo-bw.be\/","name":"Ophtalmo-BW.be","description":"Centre Ophtalmologique 100% laser Brabant Wallon","publisher":{"@id":"https:\/\/ophtalmo-bw.be\/#organization"},"potentialAction":[{"@type":"SearchAction","target":{"@type":"EntryPoint","urlTemplate":"https:\/\/ophtalmo-bw.be\/?s={search_term_string}"},"query-input":{"@type":"PropertyValueSpecification","valueRequired":true,"valueName":"search_term_string"}}],"inLanguage":"en-GB"},{"@type":"Organization","@id":"https:\/\/ophtalmo-bw.be\/#organization","name":"Ophtalmo-BW.be","url":"https:\/\/ophtalmo-bw.be\/","logo":{"@type":"ImageObject","inLanguage":"en-GB","@id":"https:\/\/ophtalmo-bw.be\/#\/schema\/logo\/image\/","url":"https:\/\/ophtalmo-bw.be\/wp-content\/uploads\/2020\/09\/logo-min.png","contentUrl":"https:\/\/ophtalmo-bw.be\/wp-content\/uploads\/2020\/09\/logo-min.png","width":106,"height":62,"caption":"Ophtalmo-BW.be"},"image":{"@id":"https:\/\/ophtalmo-bw.be\/#\/schema\/logo\/image\/"}}]}},"jetpack_sharing_enabled":true,"jetpack_likes_enabled":false,"_links":{"self":[{"href":"https:\/\/ophtalmo-bw.be\/en\/wp-json\/wp\/v2\/pages\/19525","targetHints":{"allow":["GET"]}}],"collection":[{"href":"https:\/\/ophtalmo-bw.be\/en\/wp-json\/wp\/v2\/pages"}],"about":[{"href":"https:\/\/ophtalmo-bw.be\/en\/wp-json\/wp\/v2\/types\/page"}],"author":[{"embeddable":true,"href":"https:\/\/ophtalmo-bw.be\/en\/wp-json\/wp\/v2\/users\/8"}],"replies":[{"embeddable":true,"href":"https:\/\/ophtalmo-bw.be\/en\/wp-json\/wp\/v2\/comments?post=19525"}],"version-history":[{"count":7,"href":"https:\/\/ophtalmo-bw.be\/en\/wp-json\/wp\/v2\/pages\/19525\/revisions"}],"predecessor-version":[{"id":70063,"href":"https:\/\/ophtalmo-bw.be\/en\/wp-json\/wp\/v2\/pages\/19525\/revisions\/70063"}],"wp:attachment":[{"href":"https:\/\/ophtalmo-bw.be\/en\/wp-json\/wp\/v2\/media?parent=19525"}],"curies":[{"name":"wp","href":"https:\/\/api.w.org\/{rel}","templated":true}]}}