{"id":19576,"date":"2025-05-27T14:35:09","date_gmt":"2025-05-27T12:35:09","guid":{"rendered":"https:\/\/ophtalmo-bw.be\/?page_id=19576"},"modified":"2025-06-04T18:07:44","modified_gmt":"2025-06-04T16:07:44","slug":"plateforme-100-laser-2","status":"publish","type":"page","link":"https:\/\/ophtalmo-bw.be\/en\/plateforme-100-laser-2\/","title":{"rendered":"100% laser platform"},"content":{"rendered":"<h2 class=\"wp-block-heading\">\ud83d\udc41\ufe0f Partnership with the Hauts-de-France Laser Vision Center<\/h2>\n\n\n\n<p class=\"translation-block\">We are pleased to collaborate with the <strong>Centre Vision Laser Hauts-de-France<\/strong>, a leading refractive surgery facility located in Maubeuge. This center offers laser vision correction solutions for defects such as myopia, astigmatism, hyperopia, and presbyopia.<\/p>\n\n\n\n<h3 class=\"wp-block-heading\">\ud83d\udd2c Cutting-edge technology<\/h3>\n\n\n\n<p class=\"translation-block\">The center is equipped with the <strong>Schwind Amaris 1050 RS laser<\/strong>, recognized as one of the most efficient in the world. This latest generation excimer laser allows for ultra-precise, secure and fully personalized treatments thanks to its 7-dimensional eye tracking system with no latency.<\/p>\n\n\n\n<h3 class=\"wp-block-heading\">\ud83d\udc68\u200d\u2695\ufe0f Recognized expertise<\/h3>\n\n\n\n<p>The center has a team of surgeons specialized in refractive surgery. They accompany each patient from the initial evaluation to post-operative follow-up, ensuring complete and personalized care.<\/p>\n\n\n\n<h3 class=\"wp-block-heading\">\ud83d\udee1\ufe0f Innovative techniques<\/h3>\n\n\n\n<p>Among the techniques proposed:<\/p>\n\n\n\n<ul class=\"wp-block-list\">\n<li class=\"translation-block\"><strong>Trans-PKR<\/strong>: a 100% laser method without contact with the eye, ideal for patients looking for an alternative to Lasik.<\/li>\n\n\n\n<li class=\"translation-block\"><strong>FemtoLasik<\/strong>, <strong>PRK<\/strong>, <strong>PresbyLasik<\/strong>: solutions adapted to each visual defect.<\/li>\n<\/ul>\n\n\n\n<h3 class=\"wp-block-heading\">\ud83d\udcb3 Payment facilities<\/h3>\n\n\n\n<p class=\"translation-block\">The center offers payment options in <strong>3 interest-free installments<\/strong> over 3 months, allowing patients to manage their budget while benefiting from reimbursements from their mutual insurance company.<\/p>\n\n\n\n<h3 class=\"wp-block-heading\">\ud83d\udccd Practical information<\/h3>\n\n\n\n<ul class=\"wp-block-list\">\n<li class=\"translation-block\"><strong>Address<\/strong>: Centre Hospitalier de Sambre Avesnois, Rue Simone Veil, 59600 Maubeuge<\/li>\n\n\n\n<li><strong>Phone<\/strong> : <a href=\"call:+33759596369\">+33 7 59 59 63 69<\/a><\/li>\n\n\n\n<li><strong>Email<\/strong> : <a href=\"mailto:co*****@**********er.fr\" data-original-string=\"wJb9Wn1gk8WvkAZA37Kz7Q==6d0G717844HZX4uUI5LnX\/1loxW3YPdGOfnGRX2ydpdyhU=\" title=\"This contact has been encoded by Anti-Spam by CleanTalk. Click to decode. To finish the decoding make sure that JavaScript is enabled in your browser.\"><span \n                data-original-string='jfhJqmok093cqfTr5Pyhtg==6d0ZfEMQx7y72yQm4aMGjHONUHG75cooZitVsing6eEvWY='\n                class='apbct-email-encoder'\n                title='This contact has been encoded by Anti-Spam by CleanTalk. Click to decode. To finish the decoding make sure that JavaScript is enabled in your browser.'>co<span class=\"apbct-blur\">*****<\/span>@<span class=\"apbct-blur\">**********<\/span>er.fr<\/span><\/a><\/li>\n\n\n\n<li><strong>Website<\/strong> : <a href=\"https:\/\/www.vision-laser.fr\/\" target=\"_blank\" rel=\"noreferrer noopener\">www.vision-laser.fr<\/a><\/li>\n\n\n\n<li><strong>Online appointment booking<\/strong> : <a href=\"https:\/\/www.doctolib.fr\/centre-d-ophtalmologie\/maubeuge\/laser-vision\" target=\"_blank\" rel=\"noreferrer noopener\">Doctolib<\/a><\/li>\n<\/ul>\n\n\n\n<hr class=\"wp-block-separator has-alpha-channel-opacity\"\/>\n\n\n\n<p>Do not hesitate to contact the Hauts-de-France Laser Vision Center for any additional information or to schedule a consultation.<\/p>","protected":false},"excerpt":{"rendered":"<p>\ud83d\udc41\ufe0f Partenariat avec le Centre Vision Laser Hauts-de-France Nous sommes heureux de collaborer avec le Centre Vision Laser Hauts-de-France, un \u00e9tablissement de r\u00e9f\u00e9rence en chirurgie r\u00e9fractive situ\u00e9 \u00e0 Maubeuge. Ce centre offre des solutions de correction visuelle par laser pour<\/p>","protected":false},"author":8,"featured_media":0,"parent":0,"menu_order":0,"comment_status":"closed","ping_status":"closed","template":"","meta":{"footnotes":""},"class_list":["post-19576","page","type-page","status-publish","hentry"],"yoast_head":"<!-- This site is optimized with the Yoast SEO plugin v27.2 - https:\/\/yoast.com\/product\/yoast-seo-wordpress\/ -->\n<title>Plateforme 100% laser - Ophtalmo-BW.be<\/title>\n<meta name=\"robots\" content=\"index, follow, max-snippet:-1, max-image-preview:large, max-video-preview:-1\" \/>\n<link rel=\"canonical\" href=\"https:\/\/ophtalmo-bw.be\/en\/plateforme-100-laser-2\/\" \/>\n<meta property=\"og:locale\" content=\"en_GB\" \/>\n<meta property=\"og:type\" content=\"article\" \/>\n<meta property=\"og:title\" content=\"Plateforme 100% laser - Ophtalmo-BW.be\" \/>\n<meta property=\"og:description\" content=\"\ud83d\udc41\ufe0f Partenariat avec le Centre Vision Laser Hauts-de-France Nous sommes heureux de collaborer avec le Centre Vision Laser Hauts-de-France, un \u00e9tablissement de r\u00e9f\u00e9rence en chirurgie r\u00e9fractive situ\u00e9 \u00e0 Maubeuge. Ce centre offre des solutions de correction visuelle par laser pour\" \/>\n<meta property=\"og:url\" content=\"https:\/\/ophtalmo-bw.be\/en\/plateforme-100-laser-2\/\" \/>\n<meta property=\"og:site_name\" content=\"Ophtalmo-BW.be\" \/>\n<meta property=\"article:modified_time\" content=\"2025-06-04T16:07:44+00:00\" \/>\n<meta name=\"twitter:card\" content=\"summary_large_image\" \/>\n<meta name=\"twitter:label1\" content=\"Estimated reading time\" \/>\n\t<meta name=\"twitter:data1\" content=\"2 minutes\" \/>\n<script type=\"application\/ld+json\" class=\"yoast-schema-graph\">{\"@context\":\"https:\/\/schema.org\",\"@graph\":[{\"@type\":\"WebPage\",\"@id\":\"https:\/\/ophtalmo-bw.be\/plateforme-100-laser-2\/\",\"url\":\"https:\/\/ophtalmo-bw.be\/plateforme-100-laser-2\/\",\"name\":\"Plateforme 100% laser - Ophtalmo-BW.be\",\"isPartOf\":{\"@id\":\"https:\/\/ophtalmo-bw.be\/#website\"},\"datePublished\":\"2025-05-27T12:35:09+00:00\",\"dateModified\":\"2025-06-04T16:07:44+00:00\",\"breadcrumb\":{\"@id\":\"https:\/\/ophtalmo-bw.be\/plateforme-100-laser-2\/#breadcrumb\"},\"inLanguage\":\"en-GB\",\"potentialAction\":[{\"@type\":\"ReadAction\",\"target\":[\"https:\/\/ophtalmo-bw.be\/plateforme-100-laser-2\/\"]}]},{\"@type\":\"BreadcrumbList\",\"@id\":\"https:\/\/ophtalmo-bw.be\/plateforme-100-laser-2\/#breadcrumb\",\"itemListElement\":[{\"@type\":\"ListItem\",\"position\":1,\"name\":\"Accueil\",\"item\":\"https:\/\/ophtalmo-bw.be\/\"},{\"@type\":\"ListItem\",\"position\":2,\"name\":\"Plateforme 100% laser\"}]},{\"@type\":\"WebSite\",\"@id\":\"https:\/\/ophtalmo-bw.be\/#website\",\"url\":\"https:\/\/ophtalmo-bw.be\/\",\"name\":\"Ophtalmo-BW.be\",\"description\":\"Centre Ophtalmologique 100% laser Brabant Wallon\",\"publisher\":{\"@id\":\"https:\/\/ophtalmo-bw.be\/#organization\"},\"potentialAction\":[{\"@type\":\"SearchAction\",\"target\":{\"@type\":\"EntryPoint\",\"urlTemplate\":\"https:\/\/ophtalmo-bw.be\/?s={search_term_string}\"},\"query-input\":{\"@type\":\"PropertyValueSpecification\",\"valueRequired\":true,\"valueName\":\"search_term_string\"}}],\"inLanguage\":\"en-GB\"},{\"@type\":\"Organization\",\"@id\":\"https:\/\/ophtalmo-bw.be\/#organization\",\"name\":\"Ophtalmo-BW.be\",\"url\":\"https:\/\/ophtalmo-bw.be\/\",\"logo\":{\"@type\":\"ImageObject\",\"inLanguage\":\"en-GB\",\"@id\":\"https:\/\/ophtalmo-bw.be\/#\/schema\/logo\/image\/\",\"url\":\"https:\/\/ophtalmo-bw.be\/wp-content\/uploads\/2020\/09\/logo-min.png\",\"contentUrl\":\"https:\/\/ophtalmo-bw.be\/wp-content\/uploads\/2020\/09\/logo-min.png\",\"width\":106,\"height\":62,\"caption\":\"Ophtalmo-BW.be\"},\"image\":{\"@id\":\"https:\/\/ophtalmo-bw.be\/#\/schema\/logo\/image\/\"}}]}<\/script>\n<!-- \/ Yoast SEO plugin. -->","yoast_head_json":{"title":"Plateforme 100% laser - Ophtalmo-BW.be","robots":{"index":"index","follow":"follow","max-snippet":"max-snippet:-1","max-image-preview":"max-image-preview:large","max-video-preview":"max-video-preview:-1"},"canonical":"https:\/\/ophtalmo-bw.be\/en\/plateforme-100-laser-2\/","og_locale":"en_GB","og_type":"article","og_title":"Plateforme 100% laser - Ophtalmo-BW.be","og_description":"\ud83d\udc41\ufe0f Partenariat avec le Centre Vision Laser Hauts-de-France Nous sommes heureux de collaborer avec le Centre Vision Laser Hauts-de-France, un \u00e9tablissement de r\u00e9f\u00e9rence en chirurgie r\u00e9fractive situ\u00e9 \u00e0 Maubeuge. Ce centre offre des solutions de correction visuelle par laser pour","og_url":"https:\/\/ophtalmo-bw.be\/en\/plateforme-100-laser-2\/","og_site_name":"Ophtalmo-BW.be","article_modified_time":"2025-06-04T16:07:44+00:00","twitter_card":"summary_large_image","twitter_misc":{"Estimated reading time":"2 minutes"},"schema":{"@context":"https:\/\/schema.org","@graph":[{"@type":"WebPage","@id":"https:\/\/ophtalmo-bw.be\/plateforme-100-laser-2\/","url":"https:\/\/ophtalmo-bw.be\/plateforme-100-laser-2\/","name":"Plateforme 100% laser - Ophtalmo-BW.be","isPartOf":{"@id":"https:\/\/ophtalmo-bw.be\/#website"},"datePublished":"2025-05-27T12:35:09+00:00","dateModified":"2025-06-04T16:07:44+00:00","breadcrumb":{"@id":"https:\/\/ophtalmo-bw.be\/plateforme-100-laser-2\/#breadcrumb"},"inLanguage":"en-GB","potentialAction":[{"@type":"ReadAction","target":["https:\/\/ophtalmo-bw.be\/plateforme-100-laser-2\/"]}]},{"@type":"BreadcrumbList","@id":"https:\/\/ophtalmo-bw.be\/plateforme-100-laser-2\/#breadcrumb","itemListElement":[{"@type":"ListItem","position":1,"name":"Accueil","item":"https:\/\/ophtalmo-bw.be\/"},{"@type":"ListItem","position":2,"name":"Plateforme 100% laser"}]},{"@type":"WebSite","@id":"https:\/\/ophtalmo-bw.be\/#website","url":"https:\/\/ophtalmo-bw.be\/","name":"Ophtalmo-BW.be","description":"Centre Ophtalmologique 100% laser Brabant Wallon","publisher":{"@id":"https:\/\/ophtalmo-bw.be\/#organization"},"potentialAction":[{"@type":"SearchAction","target":{"@type":"EntryPoint","urlTemplate":"https:\/\/ophtalmo-bw.be\/?s={search_term_string}"},"query-input":{"@type":"PropertyValueSpecification","valueRequired":true,"valueName":"search_term_string"}}],"inLanguage":"en-GB"},{"@type":"Organization","@id":"https:\/\/ophtalmo-bw.be\/#organization","name":"Ophtalmo-BW.be","url":"https:\/\/ophtalmo-bw.be\/","logo":{"@type":"ImageObject","inLanguage":"en-GB","@id":"https:\/\/ophtalmo-bw.be\/#\/schema\/logo\/image\/","url":"https:\/\/ophtalmo-bw.be\/wp-content\/uploads\/2020\/09\/logo-min.png","contentUrl":"https:\/\/ophtalmo-bw.be\/wp-content\/uploads\/2020\/09\/logo-min.png","width":106,"height":62,"caption":"Ophtalmo-BW.be"},"image":{"@id":"https:\/\/ophtalmo-bw.be\/#\/schema\/logo\/image\/"}}]}},"jetpack_sharing_enabled":true,"jetpack_likes_enabled":false,"_links":{"self":[{"href":"https:\/\/ophtalmo-bw.be\/en\/wp-json\/wp\/v2\/pages\/19576","targetHints":{"allow":["GET"]}}],"collection":[{"href":"https:\/\/ophtalmo-bw.be\/en\/wp-json\/wp\/v2\/pages"}],"about":[{"href":"https:\/\/ophtalmo-bw.be\/en\/wp-json\/wp\/v2\/types\/page"}],"author":[{"embeddable":true,"href":"https:\/\/ophtalmo-bw.be\/en\/wp-json\/wp\/v2\/users\/8"}],"replies":[{"embeddable":true,"href":"https:\/\/ophtalmo-bw.be\/en\/wp-json\/wp\/v2\/comments?post=19576"}],"version-history":[{"count":3,"href":"https:\/\/ophtalmo-bw.be\/en\/wp-json\/wp\/v2\/pages\/19576\/revisions"}],"predecessor-version":[{"id":19585,"href":"https:\/\/ophtalmo-bw.be\/en\/wp-json\/wp\/v2\/pages\/19576\/revisions\/19585"}],"wp:attachment":[{"href":"https:\/\/ophtalmo-bw.be\/en\/wp-json\/wp\/v2\/media?parent=19576"}],"curies":[{"name":"wp","href":"https:\/\/api.w.org\/{rel}","templated":true}]}}