{"id":19640,"date":"2025-07-09T12:40:07","date_gmt":"2025-07-09T10:40:07","guid":{"rendered":"https:\/\/ophtalmo-bw.be\/?page_id=19640"},"modified":"2025-07-09T12:40:08","modified_gmt":"2025-07-09T10:40:08","slug":"mentions-legales","status":"publish","type":"page","link":"https:\/\/ophtalmo-bw.be\/en\/mentions-legales\/","title":{"rendered":"Mentions l\u00e9gales"},"content":{"rendered":"<p><strong>D\u00e9nomination commerciale :<\/strong>&nbsp;Ophtalmo Center<\/p>\n\n\n\n<p><strong>Forme juridique :<\/strong>&nbsp;Soci\u00e9t\u00e9 \u00e0 responsabilit\u00e9 limit\u00e9e (SRL)<\/p>\n\n\n\n<p><strong>Num\u00e9ro d\u2019entreprise \/ BCE :<\/strong>&nbsp;BE0667.622.492<\/p>\n\n\n\n<p><strong>TVA :<\/strong>&nbsp;BE0667.622.492<\/p>\n\n\n\n<p><strong>Si\u00e8ge social :<\/strong>&nbsp;Grand\u2019Place 32, 1370 Jodoigne, Belgique<\/p>\n\n\n\n<p><strong>Contact :<\/strong>\u00a0<span \n                data-original-string='F0duxDg\/+AH3pDkID+wNjA==6d0CZHy6CLFG8O70hNY0J0RDqav\/GLKlLaX1cAAbAm1kWw='\n                class='apbct-email-encoder'\n                title='This contact has been encoded by Anti-Spam by CleanTalk. Click to decode. To finish the decoding make sure that JavaScript is enabled in your browser.'>in<span class=\"apbct-blur\">**<\/span>@<span class=\"apbct-blur\">*********<\/span>bw.be<\/span> | +32 (0)10 56 00 02<\/p>\n\n\n\n<p><strong>Tribunal comp\u00e9tent :<\/strong>&nbsp;Tribunal de l\u2019Entreprise du Brabant Wallon<\/p>\n\n\n\n<h2 class=\"wp-block-heading\">Direction m\u00e9dicale<\/h2>\n\n\n\n<p>Dr Anthony Sion<br>M\u00e9decin sp\u00e9cialiste en ophtalmologie<br>Inscrit \u00e0 l\u2019Ordre des M\u00e9decins de Belgique<br>INAMI : 168969-05<\/p>\n\n\n\n<h2 class=\"wp-block-heading\">H\u00e9bergement du site<\/h2>\n\n\n\n<p>OVH SAS. \u2013 2 rue Kellermann, 59100 Roubaix, France \u2013 https:\/\/www.ovhcloud.com\/fr<\/p>\n\n\n\n<h2 class=\"wp-block-heading\">Propri\u00e9t\u00e9 intellectuelle<\/h2>\n\n\n\n<p>Le contenu de ce site est prot\u00e9g\u00e9 par le droit d\u2019auteur. Toute reproduction non autoris\u00e9e est interdite.<\/p>\n\n\n\n<h2 class=\"wp-block-heading\">Limitation de responsabilit\u00e9<\/h2>\n\n\n\n<p>Ce site est informatif et ne remplace en aucun cas une consultation m\u00e9dicale.<\/p>","protected":false},"excerpt":{"rendered":"<p>D\u00e9nomination commerciale :&nbsp;Ophtalmo Center Forme juridique :&nbsp;Soci\u00e9t\u00e9 \u00e0 responsabilit\u00e9 limit\u00e9e (SRL) Num\u00e9ro d\u2019entreprise \/ BCE :&nbsp;BE0667.622.492 TVA :&nbsp;BE0667.622.492 Si\u00e8ge social :&nbsp;Grand\u2019Place 32, 1370 Jodoigne, Belgique Contact :\u00a0in**@*********bw.be | +32 (0)10 56 00 02 Tribunal comp\u00e9tent :&nbsp;Tribunal de l\u2019Entreprise du Brabant<\/p>","protected":false},"author":8,"featured_media":0,"parent":0,"menu_order":0,"comment_status":"closed","ping_status":"closed","template":"","meta":{"footnotes":""},"class_list":["post-19640","page","type-page","status-publish","hentry"],"yoast_head":"<!-- This site is optimized with the Yoast SEO plugin v27.2 - https:\/\/yoast.com\/product\/yoast-seo-wordpress\/ -->\n<title>Mentions l\u00e9gales - Ophtalmo-BW.be<\/title>\n<meta name=\"robots\" content=\"index, follow, max-snippet:-1, max-image-preview:large, max-video-preview:-1\" \/>\n<link rel=\"canonical\" href=\"https:\/\/ophtalmo-bw.be\/en\/mentions-legales\/\" \/>\n<meta property=\"og:locale\" content=\"en_GB\" \/>\n<meta property=\"og:type\" content=\"article\" \/>\n<meta property=\"og:title\" content=\"Mentions l\u00e9gales - Ophtalmo-BW.be\" \/>\n<meta property=\"og:description\" content=\"D\u00e9nomination commerciale :&nbsp;Ophtalmo Center Forme juridique :&nbsp;Soci\u00e9t\u00e9 \u00e0 responsabilit\u00e9 limit\u00e9e (SRL) Num\u00e9ro d\u2019entreprise \/ BCE :&nbsp;BE0667.622.492 TVA :&nbsp;BE0667.622.492 Si\u00e8ge social :&nbsp;Grand\u2019Place 32, 1370 Jodoigne, Belgique Contact :\u00a0in**@*********bw.be | +32 (0)10 56 00 02 Tribunal comp\u00e9tent :&nbsp;Tribunal de l\u2019Entreprise du Brabant\" \/>\n<meta property=\"og:url\" content=\"https:\/\/ophtalmo-bw.be\/en\/mentions-legales\/\" \/>\n<meta property=\"og:site_name\" content=\"Ophtalmo-BW.be\" \/>\n<meta property=\"article:modified_time\" content=\"2025-07-09T10:40:08+00:00\" \/>\n<meta name=\"twitter:card\" content=\"summary_large_image\" \/>\n<meta name=\"twitter:label1\" content=\"Estimated reading time\" \/>\n\t<meta name=\"twitter:data1\" content=\"1 minute\" \/>\n<script type=\"application\/ld+json\" class=\"yoast-schema-graph\">{\"@context\":\"https:\/\/schema.org\",\"@graph\":[{\"@type\":\"WebPage\",\"@id\":\"https:\/\/ophtalmo-bw.be\/mentions-legales\/\",\"url\":\"https:\/\/ophtalmo-bw.be\/mentions-legales\/\",\"name\":\"Mentions l\u00e9gales - Ophtalmo-BW.be\",\"isPartOf\":{\"@id\":\"https:\/\/ophtalmo-bw.be\/#website\"},\"datePublished\":\"2025-07-09T10:40:07+00:00\",\"dateModified\":\"2025-07-09T10:40:08+00:00\",\"breadcrumb\":{\"@id\":\"https:\/\/ophtalmo-bw.be\/mentions-legales\/#breadcrumb\"},\"inLanguage\":\"en-GB\",\"potentialAction\":[{\"@type\":\"ReadAction\",\"target\":[\"https:\/\/ophtalmo-bw.be\/mentions-legales\/\"]}]},{\"@type\":\"BreadcrumbList\",\"@id\":\"https:\/\/ophtalmo-bw.be\/mentions-legales\/#breadcrumb\",\"itemListElement\":[{\"@type\":\"ListItem\",\"position\":1,\"name\":\"Accueil\",\"item\":\"https:\/\/ophtalmo-bw.be\/\"},{\"@type\":\"ListItem\",\"position\":2,\"name\":\"Mentions l\u00e9gales\"}]},{\"@type\":\"WebSite\",\"@id\":\"https:\/\/ophtalmo-bw.be\/#website\",\"url\":\"https:\/\/ophtalmo-bw.be\/\",\"name\":\"Ophtalmo-BW.be\",\"description\":\"Centre Ophtalmologique 100% laser Brabant Wallon\",\"publisher\":{\"@id\":\"https:\/\/ophtalmo-bw.be\/#organization\"},\"potentialAction\":[{\"@type\":\"SearchAction\",\"target\":{\"@type\":\"EntryPoint\",\"urlTemplate\":\"https:\/\/ophtalmo-bw.be\/?s={search_term_string}\"},\"query-input\":{\"@type\":\"PropertyValueSpecification\",\"valueRequired\":true,\"valueName\":\"search_term_string\"}}],\"inLanguage\":\"en-GB\"},{\"@type\":\"Organization\",\"@id\":\"https:\/\/ophtalmo-bw.be\/#organization\",\"name\":\"Ophtalmo-BW.be\",\"url\":\"https:\/\/ophtalmo-bw.be\/\",\"logo\":{\"@type\":\"ImageObject\",\"inLanguage\":\"en-GB\",\"@id\":\"https:\/\/ophtalmo-bw.be\/#\/schema\/logo\/image\/\",\"url\":\"https:\/\/ophtalmo-bw.be\/wp-content\/uploads\/2020\/09\/logo-min.png\",\"contentUrl\":\"https:\/\/ophtalmo-bw.be\/wp-content\/uploads\/2020\/09\/logo-min.png\",\"width\":106,\"height\":62,\"caption\":\"Ophtalmo-BW.be\"},\"image\":{\"@id\":\"https:\/\/ophtalmo-bw.be\/#\/schema\/logo\/image\/\"}}]}<\/script>\n<!-- \/ Yoast SEO plugin. -->","yoast_head_json":{"title":"Mentions l\u00e9gales - Ophtalmo-BW.be","robots":{"index":"index","follow":"follow","max-snippet":"max-snippet:-1","max-image-preview":"max-image-preview:large","max-video-preview":"max-video-preview:-1"},"canonical":"https:\/\/ophtalmo-bw.be\/en\/mentions-legales\/","og_locale":"en_GB","og_type":"article","og_title":"Mentions l\u00e9gales - Ophtalmo-BW.be","og_description":"D\u00e9nomination commerciale :&nbsp;Ophtalmo Center Forme juridique :&nbsp;Soci\u00e9t\u00e9 \u00e0 responsabilit\u00e9 limit\u00e9e (SRL) Num\u00e9ro d\u2019entreprise \/ BCE :&nbsp;BE0667.622.492 TVA :&nbsp;BE0667.622.492 Si\u00e8ge social :&nbsp;Grand\u2019Place 32, 1370 Jodoigne, Belgique Contact :\u00a0in**@*********bw.be | +32 (0)10 56 00 02 Tribunal comp\u00e9tent :&nbsp;Tribunal de l\u2019Entreprise du Brabant","og_url":"https:\/\/ophtalmo-bw.be\/en\/mentions-legales\/","og_site_name":"Ophtalmo-BW.be","article_modified_time":"2025-07-09T10:40:08+00:00","twitter_card":"summary_large_image","twitter_misc":{"Estimated reading time":"1 minute"},"schema":{"@context":"https:\/\/schema.org","@graph":[{"@type":"WebPage","@id":"https:\/\/ophtalmo-bw.be\/mentions-legales\/","url":"https:\/\/ophtalmo-bw.be\/mentions-legales\/","name":"Mentions l\u00e9gales - Ophtalmo-BW.be","isPartOf":{"@id":"https:\/\/ophtalmo-bw.be\/#website"},"datePublished":"2025-07-09T10:40:07+00:00","dateModified":"2025-07-09T10:40:08+00:00","breadcrumb":{"@id":"https:\/\/ophtalmo-bw.be\/mentions-legales\/#breadcrumb"},"inLanguage":"en-GB","potentialAction":[{"@type":"ReadAction","target":["https:\/\/ophtalmo-bw.be\/mentions-legales\/"]}]},{"@type":"BreadcrumbList","@id":"https:\/\/ophtalmo-bw.be\/mentions-legales\/#breadcrumb","itemListElement":[{"@type":"ListItem","position":1,"name":"Accueil","item":"https:\/\/ophtalmo-bw.be\/"},{"@type":"ListItem","position":2,"name":"Mentions l\u00e9gales"}]},{"@type":"WebSite","@id":"https:\/\/ophtalmo-bw.be\/#website","url":"https:\/\/ophtalmo-bw.be\/","name":"Ophtalmo-BW.be","description":"Centre Ophtalmologique 100% laser Brabant Wallon","publisher":{"@id":"https:\/\/ophtalmo-bw.be\/#organization"},"potentialAction":[{"@type":"SearchAction","target":{"@type":"EntryPoint","urlTemplate":"https:\/\/ophtalmo-bw.be\/?s={search_term_string}"},"query-input":{"@type":"PropertyValueSpecification","valueRequired":true,"valueName":"search_term_string"}}],"inLanguage":"en-GB"},{"@type":"Organization","@id":"https:\/\/ophtalmo-bw.be\/#organization","name":"Ophtalmo-BW.be","url":"https:\/\/ophtalmo-bw.be\/","logo":{"@type":"ImageObject","inLanguage":"en-GB","@id":"https:\/\/ophtalmo-bw.be\/#\/schema\/logo\/image\/","url":"https:\/\/ophtalmo-bw.be\/wp-content\/uploads\/2020\/09\/logo-min.png","contentUrl":"https:\/\/ophtalmo-bw.be\/wp-content\/uploads\/2020\/09\/logo-min.png","width":106,"height":62,"caption":"Ophtalmo-BW.be"},"image":{"@id":"https:\/\/ophtalmo-bw.be\/#\/schema\/logo\/image\/"}}]}},"jetpack_sharing_enabled":true,"jetpack_likes_enabled":false,"_links":{"self":[{"href":"https:\/\/ophtalmo-bw.be\/en\/wp-json\/wp\/v2\/pages\/19640","targetHints":{"allow":["GET"]}}],"collection":[{"href":"https:\/\/ophtalmo-bw.be\/en\/wp-json\/wp\/v2\/pages"}],"about":[{"href":"https:\/\/ophtalmo-bw.be\/en\/wp-json\/wp\/v2\/types\/page"}],"author":[{"embeddable":true,"href":"https:\/\/ophtalmo-bw.be\/en\/wp-json\/wp\/v2\/users\/8"}],"replies":[{"embeddable":true,"href":"https:\/\/ophtalmo-bw.be\/en\/wp-json\/wp\/v2\/comments?post=19640"}],"version-history":[{"count":1,"href":"https:\/\/ophtalmo-bw.be\/en\/wp-json\/wp\/v2\/pages\/19640\/revisions"}],"predecessor-version":[{"id":19642,"href":"https:\/\/ophtalmo-bw.be\/en\/wp-json\/wp\/v2\/pages\/19640\/revisions\/19642"}],"wp:attachment":[{"href":"https:\/\/ophtalmo-bw.be\/en\/wp-json\/wp\/v2\/media?parent=19640"}],"curies":[{"name":"wp","href":"https:\/\/api.w.org\/{rel}","templated":true}]}}