{"id":19641,"date":"2025-07-09T12:41:35","date_gmt":"2025-07-09T10:41:35","guid":{"rendered":"https:\/\/ophtalmo-bw.be\/?page_id=19641"},"modified":"2025-07-09T12:41:36","modified_gmt":"2025-07-09T10:41:36","slug":"politique-de-confidentialite-2","status":"publish","type":"page","link":"https:\/\/ophtalmo-bw.be\/en\/politique-de-confidentialite-2\/","title":{"rendered":"Privacy Policy"},"content":{"rendered":"<p>Le site\u00a0<strong><a href=\"https:\/\/ophtalmo-bw.be\/en\/\">www.ophtalmo-bw.be<\/a><\/strong>\u00a0est un site informatif. Il ne collecte aucune donn\u00e9e personnelle.<\/p>\n\n\n\n<h2 class=\"wp-block-heading\">Prise de rendez-vous<\/h2>\n\n\n\n<p>La prise de rendez-vous s\u2019effectue via la plateforme s\u00e9curis\u00e9e&nbsp;<strong>Doctoranytime<\/strong>, qui applique sa propre politique de confidentialit\u00e9 :&nbsp;<a href=\"https:\/\/www.doctoranytime.be\/privacy\" target=\"_blank\" rel=\"noreferrer noopener\">https:\/\/www.doctoranytime.be\/privacy<\/a><\/p>\n\n\n\n<h2 class=\"wp-block-heading\">Cookies<\/h2>\n\n\n\n<p>Ce site n\u2019utilise que des cookies techniques n\u00e9cessaires \u00e0 son bon fonctionnement. Aucun cookie de suivi n\u2019est utilis\u00e9.<\/p>\n\n\n\n<h2 class=\"wp-block-heading\">Contact<\/h2>\n\n\n\n<p>Responsable du site : Ophtalmo Center SRL \u2013 BE0667.622.492<br>Grand\u2019Place 32, 1370 Jodoigne, Belgique \u2013 <a href=\"mailto:in**@*********bw.be\" data-original-string=\"OV1sBfLsgqn97WsjNpZciA==6d0xx3x1oONuYKXGQE8vgiTNELvrSVeKN278Lu8EjD9rI8=\" title=\"This contact has been encoded by Anti-Spam by CleanTalk. Click to decode. To finish the decoding make sure that JavaScript is enabled in your browser.\"><span \n                data-original-string='5FWSxNE6Webv5crnoTyyAA==6d0IWEDFFwburtsHDvVWQIAcffSbRCRyMZ0kwAA5Y2QlLg='\n                class='apbct-email-encoder'\n                title='This contact has been encoded by Anti-Spam by CleanTalk. Click to decode. To finish the decoding make sure that JavaScript is enabled in your browser.'>in<span class=\"apbct-blur\">**<\/span>@<span class=\"apbct-blur\">*********<\/span>bw.be<\/span><\/a><\/p>\n\n\n\n<p><\/p>","protected":false},"excerpt":{"rendered":"<p>Le site\u00a0www.ophtalmo-bw.be\u00a0est un site informatif. Il ne collecte aucune donn\u00e9e personnelle. Prise de rendez-vous La prise de rendez-vous s\u2019effectue via la plateforme s\u00e9curis\u00e9e&nbsp;Doctoranytime, qui applique sa propre politique de confidentialit\u00e9 :&nbsp;https:\/\/www.doctoranytime.be\/privacy Cookies Ce site n\u2019utilise que des cookies techniques n\u00e9cessaires<\/p>","protected":false},"author":8,"featured_media":0,"parent":0,"menu_order":0,"comment_status":"closed","ping_status":"closed","template":"","meta":{"footnotes":""},"class_list":["post-19641","page","type-page","status-publish","hentry"],"yoast_head":"<!-- This site is optimized with the Yoast SEO plugin v27.2 - https:\/\/yoast.com\/product\/yoast-seo-wordpress\/ -->\n<title>Politique de confidentialit\u00e9 - Ophtalmo-BW.be<\/title>\n<meta name=\"robots\" content=\"index, follow, max-snippet:-1, max-image-preview:large, max-video-preview:-1\" \/>\n<link rel=\"canonical\" href=\"https:\/\/ophtalmo-bw.be\/en\/politique-de-confidentialite-2\/\" \/>\n<meta property=\"og:locale\" content=\"en_GB\" \/>\n<meta property=\"og:type\" content=\"article\" \/>\n<meta property=\"og:title\" content=\"Politique de confidentialit\u00e9 - Ophtalmo-BW.be\" \/>\n<meta property=\"og:description\" content=\"Le site\u00a0www.ophtalmo-bw.be\u00a0est un site informatif. Il ne collecte aucune donn\u00e9e personnelle. Prise de rendez-vous La prise de rendez-vous s\u2019effectue via la plateforme s\u00e9curis\u00e9e&nbsp;Doctoranytime, qui applique sa propre politique de confidentialit\u00e9 :&nbsp;https:\/\/www.doctoranytime.be\/privacy Cookies Ce site n\u2019utilise que des cookies techniques n\u00e9cessaires\" \/>\n<meta property=\"og:url\" content=\"https:\/\/ophtalmo-bw.be\/en\/politique-de-confidentialite-2\/\" \/>\n<meta property=\"og:site_name\" content=\"Ophtalmo-BW.be\" \/>\n<meta property=\"article:modified_time\" content=\"2025-07-09T10:41:36+00:00\" \/>\n<meta name=\"twitter:card\" content=\"summary_large_image\" \/>\n<meta name=\"twitter:label1\" content=\"Estimated reading time\" \/>\n\t<meta name=\"twitter:data1\" content=\"1 minute\" \/>\n<script type=\"application\/ld+json\" class=\"yoast-schema-graph\">{\"@context\":\"https:\/\/schema.org\",\"@graph\":[{\"@type\":\"WebPage\",\"@id\":\"https:\/\/ophtalmo-bw.be\/politique-de-confidentialite-2\/\",\"url\":\"https:\/\/ophtalmo-bw.be\/politique-de-confidentialite-2\/\",\"name\":\"Politique de confidentialit\u00e9 - Ophtalmo-BW.be\",\"isPartOf\":{\"@id\":\"https:\/\/ophtalmo-bw.be\/#website\"},\"datePublished\":\"2025-07-09T10:41:35+00:00\",\"dateModified\":\"2025-07-09T10:41:36+00:00\",\"breadcrumb\":{\"@id\":\"https:\/\/ophtalmo-bw.be\/politique-de-confidentialite-2\/#breadcrumb\"},\"inLanguage\":\"en-GB\",\"potentialAction\":[{\"@type\":\"ReadAction\",\"target\":[\"https:\/\/ophtalmo-bw.be\/politique-de-confidentialite-2\/\"]}]},{\"@type\":\"BreadcrumbList\",\"@id\":\"https:\/\/ophtalmo-bw.be\/politique-de-confidentialite-2\/#breadcrumb\",\"itemListElement\":[{\"@type\":\"ListItem\",\"position\":1,\"name\":\"Accueil\",\"item\":\"https:\/\/ophtalmo-bw.be\/\"},{\"@type\":\"ListItem\",\"position\":2,\"name\":\"Politique de confidentialit\u00e9\"}]},{\"@type\":\"WebSite\",\"@id\":\"https:\/\/ophtalmo-bw.be\/#website\",\"url\":\"https:\/\/ophtalmo-bw.be\/\",\"name\":\"Ophtalmo-BW.be\",\"description\":\"Centre Ophtalmologique 100% laser Brabant Wallon\",\"publisher\":{\"@id\":\"https:\/\/ophtalmo-bw.be\/#organization\"},\"potentialAction\":[{\"@type\":\"SearchAction\",\"target\":{\"@type\":\"EntryPoint\",\"urlTemplate\":\"https:\/\/ophtalmo-bw.be\/?s={search_term_string}\"},\"query-input\":{\"@type\":\"PropertyValueSpecification\",\"valueRequired\":true,\"valueName\":\"search_term_string\"}}],\"inLanguage\":\"en-GB\"},{\"@type\":\"Organization\",\"@id\":\"https:\/\/ophtalmo-bw.be\/#organization\",\"name\":\"Ophtalmo-BW.be\",\"url\":\"https:\/\/ophtalmo-bw.be\/\",\"logo\":{\"@type\":\"ImageObject\",\"inLanguage\":\"en-GB\",\"@id\":\"https:\/\/ophtalmo-bw.be\/#\/schema\/logo\/image\/\",\"url\":\"https:\/\/ophtalmo-bw.be\/wp-content\/uploads\/2020\/09\/logo-min.png\",\"contentUrl\":\"https:\/\/ophtalmo-bw.be\/wp-content\/uploads\/2020\/09\/logo-min.png\",\"width\":106,\"height\":62,\"caption\":\"Ophtalmo-BW.be\"},\"image\":{\"@id\":\"https:\/\/ophtalmo-bw.be\/#\/schema\/logo\/image\/\"}}]}<\/script>\n<!-- \/ Yoast SEO plugin. -->","yoast_head_json":{"title":"Politique de confidentialit\u00e9 - Ophtalmo-BW.be","robots":{"index":"index","follow":"follow","max-snippet":"max-snippet:-1","max-image-preview":"max-image-preview:large","max-video-preview":"max-video-preview:-1"},"canonical":"https:\/\/ophtalmo-bw.be\/en\/politique-de-confidentialite-2\/","og_locale":"en_GB","og_type":"article","og_title":"Politique de confidentialit\u00e9 - Ophtalmo-BW.be","og_description":"Le site\u00a0www.ophtalmo-bw.be\u00a0est un site informatif. Il ne collecte aucune donn\u00e9e personnelle. Prise de rendez-vous La prise de rendez-vous s\u2019effectue via la plateforme s\u00e9curis\u00e9e&nbsp;Doctoranytime, qui applique sa propre politique de confidentialit\u00e9 :&nbsp;https:\/\/www.doctoranytime.be\/privacy Cookies Ce site n\u2019utilise que des cookies techniques n\u00e9cessaires","og_url":"https:\/\/ophtalmo-bw.be\/en\/politique-de-confidentialite-2\/","og_site_name":"Ophtalmo-BW.be","article_modified_time":"2025-07-09T10:41:36+00:00","twitter_card":"summary_large_image","twitter_misc":{"Estimated reading time":"1 minute"},"schema":{"@context":"https:\/\/schema.org","@graph":[{"@type":"WebPage","@id":"https:\/\/ophtalmo-bw.be\/politique-de-confidentialite-2\/","url":"https:\/\/ophtalmo-bw.be\/politique-de-confidentialite-2\/","name":"Politique de confidentialit\u00e9 - Ophtalmo-BW.be","isPartOf":{"@id":"https:\/\/ophtalmo-bw.be\/#website"},"datePublished":"2025-07-09T10:41:35+00:00","dateModified":"2025-07-09T10:41:36+00:00","breadcrumb":{"@id":"https:\/\/ophtalmo-bw.be\/politique-de-confidentialite-2\/#breadcrumb"},"inLanguage":"en-GB","potentialAction":[{"@type":"ReadAction","target":["https:\/\/ophtalmo-bw.be\/politique-de-confidentialite-2\/"]}]},{"@type":"BreadcrumbList","@id":"https:\/\/ophtalmo-bw.be\/politique-de-confidentialite-2\/#breadcrumb","itemListElement":[{"@type":"ListItem","position":1,"name":"Accueil","item":"https:\/\/ophtalmo-bw.be\/"},{"@type":"ListItem","position":2,"name":"Politique de confidentialit\u00e9"}]},{"@type":"WebSite","@id":"https:\/\/ophtalmo-bw.be\/#website","url":"https:\/\/ophtalmo-bw.be\/","name":"Ophtalmo-BW.be","description":"Centre Ophtalmologique 100% laser Brabant Wallon","publisher":{"@id":"https:\/\/ophtalmo-bw.be\/#organization"},"potentialAction":[{"@type":"SearchAction","target":{"@type":"EntryPoint","urlTemplate":"https:\/\/ophtalmo-bw.be\/?s={search_term_string}"},"query-input":{"@type":"PropertyValueSpecification","valueRequired":true,"valueName":"search_term_string"}}],"inLanguage":"en-GB"},{"@type":"Organization","@id":"https:\/\/ophtalmo-bw.be\/#organization","name":"Ophtalmo-BW.be","url":"https:\/\/ophtalmo-bw.be\/","logo":{"@type":"ImageObject","inLanguage":"en-GB","@id":"https:\/\/ophtalmo-bw.be\/#\/schema\/logo\/image\/","url":"https:\/\/ophtalmo-bw.be\/wp-content\/uploads\/2020\/09\/logo-min.png","contentUrl":"https:\/\/ophtalmo-bw.be\/wp-content\/uploads\/2020\/09\/logo-min.png","width":106,"height":62,"caption":"Ophtalmo-BW.be"},"image":{"@id":"https:\/\/ophtalmo-bw.be\/#\/schema\/logo\/image\/"}}]}},"jetpack_sharing_enabled":true,"jetpack_likes_enabled":false,"_links":{"self":[{"href":"https:\/\/ophtalmo-bw.be\/en\/wp-json\/wp\/v2\/pages\/19641","targetHints":{"allow":["GET"]}}],"collection":[{"href":"https:\/\/ophtalmo-bw.be\/en\/wp-json\/wp\/v2\/pages"}],"about":[{"href":"https:\/\/ophtalmo-bw.be\/en\/wp-json\/wp\/v2\/types\/page"}],"author":[{"embeddable":true,"href":"https:\/\/ophtalmo-bw.be\/en\/wp-json\/wp\/v2\/users\/8"}],"replies":[{"embeddable":true,"href":"https:\/\/ophtalmo-bw.be\/en\/wp-json\/wp\/v2\/comments?post=19641"}],"version-history":[{"count":1,"href":"https:\/\/ophtalmo-bw.be\/en\/wp-json\/wp\/v2\/pages\/19641\/revisions"}],"predecessor-version":[{"id":19643,"href":"https:\/\/ophtalmo-bw.be\/en\/wp-json\/wp\/v2\/pages\/19641\/revisions\/19643"}],"wp:attachment":[{"href":"https:\/\/ophtalmo-bw.be\/en\/wp-json\/wp\/v2\/media?parent=19641"}],"curies":[{"name":"wp","href":"https:\/\/api.w.org\/{rel}","templated":true}]}}